{"id":1338,"date":"2020-09-02T15:26:24","date_gmt":"2020-09-02T21:26:24","guid":{"rendered":"https:\/\/chiapastodoincluido.com\/web\/?page_id=1338"},"modified":"2020-09-02T15:26:24","modified_gmt":"2020-09-02T21:26:24","slug":"camino-la-selva","status":"publish","type":"page","link":"https:\/\/chiapastodoincluido.com\/sitio\/camino-la-selva\/","title":{"rendered":"CAMINO POR LA SELVA"},"content":{"rendered":"<div class=\"wpb-content-wrapper\"><p>[vc_row][vc_column][vc_column_text]<\/p>\n<h3>ITINERARIO:<\/h3>\n<p>Salida recomendable a las 9:00 de la ma\u00f1ana.<br \/>\nHospedaje en las caba\u00f1as de El Chifl\u00f3n, Las Guacamayas, La Selva &#8220;Lacanja&#8221;.<\/p>\n<h4>INCLUYE:<\/h4>\n<p>Transportaci\u00f3n Terrestre de 1\u00aa. Clase en unidades completamente equipadas con aire acondicionado y sonido estereo.<br \/>\nInformaci\u00f3n de los lugares que se visitan.<br \/>\nHieleras conteniendo aguas, refrescos y\/o cervezas si lo desean.<br \/>\nSeguro de viajero (RC).<\/p>\n<h4>RECOMENDACIONES:<\/h4>\n<p>Traje de ba\u00f1o y toalla.<br \/>\nCambio de ropa.<br \/>\nBloqueador solar.<br \/>\nRepelente para mosquitos.<br \/>\nGorra y lentes de sol.<br \/>\nC\u00e1mara fotogr\u00e1fica.<br \/>\n*TARIFAS SUJETAS A CAMBIO SIN PREVIO AVISO<br \/>\n*TARIFA EN PESOS MEXICANOS<br \/>\n*NOTA: NOSOTROS TE RECIBIMOS DESDE EL MOMENTO EN QUE LLEGAS A CHIAPAS. TE ESTAREMOS ESPERANDO EN EL AEROPUERTO O TERMINAL DE AUTOBUSES, SOLO INDICANOS TU PUNTO DE LLEGADA Y ESTAREMOS PUNTUALMENTE POR TI. IDENTIFICA NUESTRO LOGOTIPO.<\/p>\n<p><span style=\"color: #ff9900;\">Ver pol\u00edticas de la Empresa<\/span><\/p>\n<h4>INFORMACI\u00d3N TUR\u00cdSTICA DE LOS LUGARES A VISITAR<\/h4>\n<h4><span style=\"color: #3366ff;\">LACANJA CHANSAYAB<\/span><\/h4>\n<p>A s\u00f3lo dos horas de camino es posible convivir con una de las ra\u00edces que alimentan el presente social de Chiapas: el grupo ind\u00edgena lacand\u00f3n y su selva.<\/p>\n<h4><span style=\"color: #3366ff;\"><strong>LA GUACAMAYAS<\/strong><\/span><\/h4>\n<p>A 252 kil\u00f3metros de Palenque por la Fronteriza del Sur, en la ribera del r\u00edo Lacant\u00fan, se encuentra este centro tur\u00edstico, en donde se desarrolla un proyecto de conservaci\u00f3n de las guacamayas verde y roja, y encuentran refugio otras especies de fauna como el tuc\u00e1n, mono saraguato, tej\u00f3n y armadillo, en las m\u00e1s de mil hect\u00e1reas de superficie de la reserva ecol\u00f3gica ejidal.<br \/>\n<strong><span style=\"color: #3366ff;\">LAS NUBES<\/span><\/strong><br \/>\nEste centro tur\u00edstico, rodeado de aguas y de selva, es un lugar de gran potencial para el turismo de aventura ubicado en los linderos de la Selva Lacan-dona. Aqu\u00ed, los caprichos del r\u00edo santo Domingo contra la roca, la conservaci\u00f3n del entorno vegetal y las caracter\u00edsticas geol\u00f3gicas locales ofrecen m\u00faltiples espacios para visitar y explorar con la gu\u00eda de la operadora tur\u00edstica local.[\/vc_column_text][\/vc_column][\/vc_row]<\/p>\n<\/div>","protected":false},"excerpt":{"rendered":"<p>[vc_row][vc_column][vc_column_text] ITINERARIO: Salida recomendable a las 9:00 de la ma\u00f1ana. Hospedaje en las caba\u00f1as de El Chifl\u00f3n, Las Guacamayas, La Selva &#8220;Lacanja&#8221;. INCLUYE: Transportaci\u00f3n Terrestre de 1\u00aa. Clase en unidades completamente equipadas con aire acondicionado y sonido estereo. Informaci\u00f3n de los lugares que se visitan. Hieleras conteniendo aguas, refrescos y\/o cervezas si lo desean. Seguro [&hellip;]<\/p>\n","protected":false},"author":1,"featured_media":1340,"parent":0,"menu_order":0,"comment_status":"closed","ping_status":"closed","template":"","meta":{"footnotes":""},"class_list":["post-1338","page","type-page","status-publish","has-post-thumbnail","hentry"],"_links":{"self":[{"href":"https:\/\/chiapastodoincluido.com\/sitio\/wp-json\/wp\/v2\/pages\/1338","targetHints":{"allow":["GET"]}}],"collection":[{"href":"https:\/\/chiapastodoincluido.com\/sitio\/wp-json\/wp\/v2\/pages"}],"about":[{"href":"https:\/\/chiapastodoincluido.com\/sitio\/wp-json\/wp\/v2\/types\/page"}],"author":[{"embeddable":true,"href":"https:\/\/chiapastodoincluido.com\/sitio\/wp-json\/wp\/v2\/users\/1"}],"replies":[{"embeddable":true,"href":"https:\/\/chiapastodoincluido.com\/sitio\/wp-json\/wp\/v2\/comments?post=1338"}],"version-history":[{"count":0,"href":"https:\/\/chiapastodoincluido.com\/sitio\/wp-json\/wp\/v2\/pages\/1338\/revisions"}],"wp:featuredmedia":[{"embeddable":true,"href":"https:\/\/chiapastodoincluido.com\/sitio\/wp-json\/"}],"wp:attachment":[{"href":"https:\/\/chiapastodoincluido.com\/sitio\/wp-json\/wp\/v2\/media?parent=1338"}],"curies":[{"name":"wp","href":"https:\/\/api.w.org\/{rel}","templated":true}]}}