{"id":1368,"date":"2020-09-03T21:30:42","date_gmt":"2020-09-03T21:30:42","guid":{"rendered":"http:\/\/chiapastodoincluido.com\/sitio\/?page_id=1368"},"modified":"2020-09-08T15:11:43","modified_gmt":"2020-09-08T15:11:43","slug":"aventura-maya","status":"publish","type":"page","link":"https:\/\/chiapastodoincluido.com\/sitio\/aventura-maya\/","title":{"rendered":"AVENTURA MAYA"},"content":{"rendered":"<p style=\"text-align: justify;\">Bonampak \u201cLugar de muros pintados\u201d es un centro ceremonial eregido en el coraz\u00f3n de la selva.<\/p>\n<h2 style=\"text-align: justify;\">Tour a Bonampak y Yaxchil\u00e1n<\/h2>\n<p style=\"text-align: justify;\">Saliendo de palenque Conoce estos importantes sitios arqueol\u00f3gicos mayas con este completo tour. Bonampak es una peque\u00f1a zona arqueol\u00f3gica en medio de la Selva Lacandona que corresponde al per\u00edodo cl\u00e1sico, su nombre significa \u201cMuros pintados\u201d y es su caracter\u00edstica principal, ya que sobre los muros de sus recintos hay pinturas que representan la vida de los mayas as\u00ed como las batallas y triunfos sobre sus adversarios.<\/p>\n<p style=\"text-align: justify;\">Por su parte Yaxchil\u00e1n es herencia de la civilizaci\u00f3n maya cuyo nombre significa \u201cPiedras Verdes\u201d, se ubica a orilla del r\u00edo Usumacinta y es reconocida por la cantidad de esculturas que tiene. Fue una ciudad muy importante durante el periodo cl\u00e1sico maya y dominaba el \u00e1rea.<\/p>\n<p style=\"text-align: justify;\">Como primer punto visitaremos la espectacular ciudad maya de Bonampak, un sitio arqueol\u00f3gico ubicado en el coraz\u00f3n de la Selva Lacandona para admirar los murales que nos explican las batallas y triunfos de esta ciudad maya.<\/p>\n<p style=\"text-align: justify;\">Posteriormente viajaremos en lancha sobre el r\u00edo Usumacinta para llegar a Yaxchil\u00e1n, otra no menos espectacular ciudad maya donde se encontr\u00f3 una gran cantidad de esculturas prehisp\u00e1nicas a las orillas del caudaloso r\u00edo Usumacinta. Las estructuras de este sitio se ubican en medio de la Selva.<\/p>\n<h3 style=\"text-align: justify;\"><\/h3>\n<h3 style=\"text-align: justify;\">Zona Arqueol\u00f3gica de Tonin\u00e1 &#8211; Cascada el Corralito<\/h3>\n<p style=\"text-align: justify;\">Salida san cristobal de las casas<\/p>\n<p style=\"text-align: justify;\">Informaci\u00f3n Zona Arqueol\u00f3gica de Tonin\u00e1 &#8211; Cascada el Corralito<br \/>\nLa zona arqueol\u00f3gica Tonin\u00e1, en la puerta de entrada a la Selva de Chiapas, es uno de los lugares donde se manifiestan los efectos del poder militar de una manera espectacular, sobre una estructura piramidal que se mont\u00f3 sobre el remate de una cordillera que llena de \u00e1rboles, serpentea por el norte del valle de Ocosingo.<\/p>\n<p style=\"text-align: justify;\">En este tour se visita esta zona, donde se form\u00f3 un enorme laberinto de \u00e9pocas, templos, palacios y escalinatas que se fueron encimando durante m\u00e1s de mil a\u00f1os de actividad constructiva.<\/p>\n<p style=\"text-align: justify;\">Adem\u00e1s conocer\u00e1s la Cascada el Corralito, conjunto de peque\u00f1as pozas, consideradas como albercas naturales, bajo la sombra de abundantes \u00e1rboles propios de la regi\u00f3n y al final de las mismas, se puede admirar una hermosa cascada que caracteriza al lugar.<\/p>\n","protected":false},"excerpt":{"rendered":"<p>Bonampak \u201cLugar de muros pintados\u201d es un centro ceremonial eregido en el coraz\u00f3n de la selva. Tour a Bonampak y Yaxchil\u00e1n Saliendo de palenque Conoce estos importantes sitios arqueol\u00f3gicos mayas con este completo tour. Bonampak es una peque\u00f1a zona arqueol\u00f3gica en medio de la Selva Lacandona que corresponde al per\u00edodo cl\u00e1sico, su nombre significa \u201cMuros [&hellip;]<\/p>\n","protected":false},"author":1,"featured_media":1390,"parent":0,"menu_order":0,"comment_status":"closed","ping_status":"closed","template":"","meta":{"footnotes":""},"class_list":["post-1368","page","type-page","status-publish","has-post-thumbnail","hentry"],"_links":{"self":[{"href":"https:\/\/chiapastodoincluido.com\/sitio\/wp-json\/wp\/v2\/pages\/1368","targetHints":{"allow":["GET"]}}],"collection":[{"href":"https:\/\/chiapastodoincluido.com\/sitio\/wp-json\/wp\/v2\/pages"}],"about":[{"href":"https:\/\/chiapastodoincluido.com\/sitio\/wp-json\/wp\/v2\/types\/page"}],"author":[{"embeddable":true,"href":"https:\/\/chiapastodoincluido.com\/sitio\/wp-json\/wp\/v2\/users\/1"}],"replies":[{"embeddable":true,"href":"https:\/\/chiapastodoincluido.com\/sitio\/wp-json\/wp\/v2\/comments?post=1368"}],"version-history":[{"count":2,"href":"https:\/\/chiapastodoincluido.com\/sitio\/wp-json\/wp\/v2\/pages\/1368\/revisions"}],"predecessor-version":[{"id":1708,"href":"https:\/\/chiapastodoincluido.com\/sitio\/wp-json\/wp\/v2\/pages\/1368\/revisions\/1708"}],"wp:featuredmedia":[{"embeddable":true,"href":"https:\/\/chiapastodoincluido.com\/sitio\/wp-json\/wp\/v2\/media\/1390"}],"wp:attachment":[{"href":"https:\/\/chiapastodoincluido.com\/sitio\/wp-json\/wp\/v2\/media?parent=1368"}],"curies":[{"name":"wp","href":"https:\/\/api.w.org\/{rel}","templated":true}]}}