{"id":1393,"date":"2020-09-03T22:24:21","date_gmt":"2020-09-03T22:24:21","guid":{"rendered":"http:\/\/chiapastodoincluido.com\/sitio\/?page_id=1393"},"modified":"2020-09-10T00:18:55","modified_gmt":"2020-09-10T00:18:55","slug":"tour-al-canon-del-sumidero-chiapa-de-corzo","status":"publish","type":"page","link":"https:\/\/chiapastodoincluido.com\/sitio\/tour-al-canon-del-sumidero-chiapa-de-corzo\/","title":{"rendered":"TOUR AL CA\u00d1ON DEL SUMIDERO &#8211; CHIAPA DE CORZO"},"content":{"rendered":"<p style=\"text-align: justify;\">Comienza una escapada m\u00e1s de las que nos gustan con locura, una peque\u00f1a traves\u00eda por estas monta\u00f1as grandiosas del Pirineo.<\/p>\n<p style=\"text-align: justify;\"><strong>SALIDAS DIARIAS<\/strong><br \/>\nSalida a las 9:00 am: Empieza el tour En la recepci\u00f3n de su hotel hacia el embarcadero Cahuar\u00e9, recorrido en lancha con una duraci\u00f3n de 2 hrs en el ca\u00f1\u00f3n del sumidero donde se podr\u00e1 apreciar especies de flora y fauna nativas de la regi\u00f3n. Continuando con el recorrido y nos dirigimos hacia la antigua Ciudad de Chiapa de Corzo fundada en el a\u00f1o 1528 por el capit\u00e1n Diego de Mazariegos, visitaremos una fuente estilo mud\u00e9jar construida en el siglo XVI. Aprovechando el tiempo para tomar alimentos<br \/>\nDespu\u00e9s regreso a la Ciudad de San Crist\u00f3bal de las Casas, Chiapas, llegando alrededor de las 3:00 pm.<br \/>\ntour economico en chiapas<br \/>\nIncluye: Entradas, Lancha, Transporte<br \/>\ntour economico en chiapas<\/p>\n<p style=\"text-align: justify;\">\n","protected":false},"excerpt":{"rendered":"<p>Comienza una escapada m\u00e1s de las que nos gustan con locura, una peque\u00f1a traves\u00eda por estas monta\u00f1as grandiosas del Pirineo. SALIDAS DIARIAS Salida a las 9:00 am: Empieza el tour En la recepci\u00f3n de su hotel hacia el embarcadero Cahuar\u00e9, recorrido en lancha con una duraci\u00f3n de 2 hrs en el ca\u00f1\u00f3n del sumidero donde [&hellip;]<\/p>\n","protected":false},"author":1,"featured_media":1395,"parent":0,"menu_order":0,"comment_status":"closed","ping_status":"closed","template":"","meta":{"footnotes":""},"class_list":["post-1393","page","type-page","status-publish","has-post-thumbnail","hentry"],"_links":{"self":[{"href":"https:\/\/chiapastodoincluido.com\/sitio\/wp-json\/wp\/v2\/pages\/1393","targetHints":{"allow":["GET"]}}],"collection":[{"href":"https:\/\/chiapastodoincluido.com\/sitio\/wp-json\/wp\/v2\/pages"}],"about":[{"href":"https:\/\/chiapastodoincluido.com\/sitio\/wp-json\/wp\/v2\/types\/page"}],"author":[{"embeddable":true,"href":"https:\/\/chiapastodoincluido.com\/sitio\/wp-json\/wp\/v2\/users\/1"}],"replies":[{"embeddable":true,"href":"https:\/\/chiapastodoincluido.com\/sitio\/wp-json\/wp\/v2\/comments?post=1393"}],"version-history":[{"count":3,"href":"https:\/\/chiapastodoincluido.com\/sitio\/wp-json\/wp\/v2\/pages\/1393\/revisions"}],"predecessor-version":[{"id":1707,"href":"https:\/\/chiapastodoincluido.com\/sitio\/wp-json\/wp\/v2\/pages\/1393\/revisions\/1707"}],"wp:featuredmedia":[{"embeddable":true,"href":"https:\/\/chiapastodoincluido.com\/sitio\/wp-json\/wp\/v2\/media\/1395"}],"wp:attachment":[{"href":"https:\/\/chiapastodoincluido.com\/sitio\/wp-json\/wp\/v2\/media?parent=1393"}],"curies":[{"name":"wp","href":"https:\/\/api.w.org\/{rel}","templated":true}]}}