{"id":1397,"date":"2020-09-03T22:29:37","date_gmt":"2020-09-03T22:29:37","guid":{"rendered":"http:\/\/chiapastodoincluido.com\/sitio\/?page_id=1397"},"modified":"2020-09-08T15:27:20","modified_gmt":"2020-09-08T15:27:20","slug":"cultura-y-tradicion","status":"publish","type":"page","link":"https:\/\/chiapastodoincluido.com\/sitio\/cultura-y-tradicion\/","title":{"rendered":"CULTURA Y TRADICI\u00d3N"},"content":{"rendered":"<p style=\"text-align: justify;\">Zinacantan \u201cLugar de Murci\u00e9lagos\u201d pueblo tzotzil donde se despliega la producci\u00f3n artesanal con tonos de gran colorido.<\/p>\n<p style=\"text-align: justify;\"><strong>SALIDAS DIARIAS<\/strong><br \/>\nSalida a las 9:00 am: En la recepci\u00f3n de su hotel hacia la comunidad ind\u00edgena de San Juan Chamula, donde visitaremos un cementerio ind\u00edgena, continuando con el recorrido hacia el centro del poblado rumbo a la iglesia en donde podremos apreciar a las personas realizando rituales dentro del templo, a continuaci\u00f3n tomaremos 40 minutos para visitar los alrededores. Despu\u00e9s continuaremos con el tour hacia otro poblado ind\u00edgena \u201cZinacant\u00e1n\u201d, nativos de la lengua ind\u00edgena Tsotsil, donde apreciaremos las costumbres y tradiciones del lugar, visitaremos una familia zinacanteca para la demostraci\u00f3n de comidas, costumbres, tradiciones y la elaboraci\u00f3n de comidas regionales de zinacantan, posteriormente visitaremos su iglesia San Lorenzo y las capillas de la Esquipulas y San Sebasti\u00e1n, despu\u00e9s nos regresamos a la Ciudad de San Crist\u00f3bal aprox. a la 1:30 pm. Dando por terminado el tour.<br \/>\nTour en chiapas<\/p>\n<p style=\"text-align: justify;\">Incluye: Entradas, Gu\u00eda en espa\u00f1ol y\/o Ingl\u00e9s y Transporte<\/p>\n<h2 style=\"text-align: justify;\">precio por persona<\/h2>\n<p style=\"text-align: justify;\"><strong>PRECIOS DE SERVICIOS PRIVADOS<\/strong><\/p>\n","protected":false},"excerpt":{"rendered":"<p>Zinacantan \u201cLugar de Murci\u00e9lagos\u201d pueblo tzotzil donde se despliega la producci\u00f3n artesanal con tonos de gran colorido. SALIDAS DIARIAS Salida a las 9:00 am: En la recepci\u00f3n de su hotel hacia la comunidad ind\u00edgena de San Juan Chamula, donde visitaremos un cementerio ind\u00edgena, continuando con el recorrido hacia el centro del poblado rumbo a la [&hellip;]<\/p>\n","protected":false},"author":1,"featured_media":1718,"parent":0,"menu_order":0,"comment_status":"closed","ping_status":"closed","template":"","meta":{"footnotes":""},"class_list":["post-1397","page","type-page","status-publish","has-post-thumbnail","hentry"],"_links":{"self":[{"href":"https:\/\/chiapastodoincluido.com\/sitio\/wp-json\/wp\/v2\/pages\/1397","targetHints":{"allow":["GET"]}}],"collection":[{"href":"https:\/\/chiapastodoincluido.com\/sitio\/wp-json\/wp\/v2\/pages"}],"about":[{"href":"https:\/\/chiapastodoincluido.com\/sitio\/wp-json\/wp\/v2\/types\/page"}],"author":[{"embeddable":true,"href":"https:\/\/chiapastodoincluido.com\/sitio\/wp-json\/wp\/v2\/users\/1"}],"replies":[{"embeddable":true,"href":"https:\/\/chiapastodoincluido.com\/sitio\/wp-json\/wp\/v2\/comments?post=1397"}],"version-history":[{"count":3,"href":"https:\/\/chiapastodoincluido.com\/sitio\/wp-json\/wp\/v2\/pages\/1397\/revisions"}],"predecessor-version":[{"id":1719,"href":"https:\/\/chiapastodoincluido.com\/sitio\/wp-json\/wp\/v2\/pages\/1397\/revisions\/1719"}],"wp:featuredmedia":[{"embeddable":true,"href":"https:\/\/chiapastodoincluido.com\/sitio\/wp-json\/wp\/v2\/media\/1718"}],"wp:attachment":[{"href":"https:\/\/chiapastodoincluido.com\/sitio\/wp-json\/wp\/v2\/media?parent=1397"}],"curies":[{"name":"wp","href":"https:\/\/api.w.org\/{rel}","templated":true}]}}