{"id":1404,"date":"2020-09-03T22:34:23","date_gmt":"2020-09-03T22:34:23","guid":{"rendered":"http:\/\/chiapastodoincluido.com\/sitio\/?page_id=1404"},"modified":"2020-09-10T00:20:14","modified_gmt":"2020-09-10T00:20:14","slug":"chiflon-y-montebello","status":"publish","type":"page","link":"https:\/\/chiapastodoincluido.com\/sitio\/chiflon-y-montebello\/","title":{"rendered":"CHIFLON Y MONTEBELLO"},"content":{"rendered":"<p style=\"text-align: justify;\">El Chifl\u00f3n es una espectacular serie de cataratas y estanques creados por el R\u00edo San Vicente. Un sendero conduce a lo largo del r\u00edo y se extiende alrededor de la base de la espectacular catarata Velo de Novia.<\/p>\n<p>Tour a Cascadas el Chifl\u00f3n (velo de novia) &#8211; Lagunas de Montebello<\/p>\n<p style=\"text-align: justify;\"><strong>SALIDAS DIARIAS<\/strong><br \/>\n<strong>paquetes econ\u00f3micos\u00a0a <\/strong><strong>Chiapas<\/strong><br \/>\nSalida a la 8:00 am: San Crist\u00f3bal de las casas en la recepci\u00f3n de su hotel o posada hacia las cascadas del Chifl\u00f3n, visitaremos las cinco cascadas que lo integran este recurso natural, empezando por las situadas r\u00edos abajo que son las siguiente: Cascada el suspiro, cascada Ala de \u00c1ngel, cascada Arco Iris, cascada Quincea\u00f1era, y la principal cascada Velo de Novia (una bell\u00edsima cortina de agua de 70 mts de altura. Continuado con el tour hacia los Lagos de Montebello, donde observaremos lagunas como: Lago Tziscao, Laguna Pojoj, Lago de Montebello, Laguna Encantada y la laguna ensue\u00f1o, bosque azul donde apreciaremos los hermosos colores que tienen cada una de las lagunas. Despu\u00e9s regresaremos a la Ciudad de San Crist\u00f3bal y llegaremos alrededor de las 9:00 pm.<br \/>\nTour por Chiapas<br \/>\nIncluye: Entradas y Transporte<\/p>\n<p>&nbsp;<\/p>\n","protected":false},"excerpt":{"rendered":"<p>El Chifl\u00f3n es una espectacular serie de cataratas y estanques creados por el R\u00edo San Vicente. Un sendero conduce a lo largo del r\u00edo y se extiende alrededor de la base de la espectacular catarata Velo de Novia. Tour a Cascadas el Chifl\u00f3n (velo de novia) &#8211; Lagunas de Montebello SALIDAS DIARIAS paquetes econ\u00f3micos\u00a0a Chiapas [&hellip;]<\/p>\n","protected":false},"author":1,"featured_media":1406,"parent":0,"menu_order":0,"comment_status":"closed","ping_status":"closed","template":"","meta":{"footnotes":""},"class_list":["post-1404","page","type-page","status-publish","has-post-thumbnail","hentry"],"_links":{"self":[{"href":"https:\/\/chiapastodoincluido.com\/sitio\/wp-json\/wp\/v2\/pages\/1404","targetHints":{"allow":["GET"]}}],"collection":[{"href":"https:\/\/chiapastodoincluido.com\/sitio\/wp-json\/wp\/v2\/pages"}],"about":[{"href":"https:\/\/chiapastodoincluido.com\/sitio\/wp-json\/wp\/v2\/types\/page"}],"author":[{"embeddable":true,"href":"https:\/\/chiapastodoincluido.com\/sitio\/wp-json\/wp\/v2\/users\/1"}],"replies":[{"embeddable":true,"href":"https:\/\/chiapastodoincluido.com\/sitio\/wp-json\/wp\/v2\/comments?post=1404"}],"version-history":[{"count":2,"href":"https:\/\/chiapastodoincluido.com\/sitio\/wp-json\/wp\/v2\/pages\/1404\/revisions"}],"predecessor-version":[{"id":1709,"href":"https:\/\/chiapastodoincluido.com\/sitio\/wp-json\/wp\/v2\/pages\/1404\/revisions\/1709"}],"wp:featuredmedia":[{"embeddable":true,"href":"https:\/\/chiapastodoincluido.com\/sitio\/wp-json\/wp\/v2\/media\/1406"}],"wp:attachment":[{"href":"https:\/\/chiapastodoincluido.com\/sitio\/wp-json\/wp\/v2\/media?parent=1404"}],"curies":[{"name":"wp","href":"https:\/\/api.w.org\/{rel}","templated":true}]}}