{"id":1408,"date":"2020-09-03T22:39:47","date_gmt":"2020-09-03T22:39:47","guid":{"rendered":"http:\/\/chiapastodoincluido.com\/sitio\/?page_id=1408"},"modified":"2020-09-10T00:20:32","modified_gmt":"2020-09-10T00:20:32","slug":"ventanas-al-pasado","status":"publish","type":"page","link":"https:\/\/chiapastodoincluido.com\/sitio\/ventanas-al-pasado\/","title":{"rendered":"VENTANAS AL PASADO"},"content":{"rendered":"<p>El azul a\u00f1il del agua, el verde de la vegetaci\u00f3n, la brisa constante y el sonido acu\u00e1tico incesante contribuyen a hacer de Las cascadas de Agua Azul.<\/p>\n<p><strong>Tour a las Cascadas de Agua Azul &#8211; Misol ha y Palenque<\/strong><\/p>\n<p style=\"text-align: justify;\"><strong>SALIDAS DIARIAS<\/strong><\/p>\n<p>Salidas a las 5:00 am: San Crist\u00f3bal de las casas en la recepci\u00f3n del hotel o posada, la primera parada ser\u00e1 en el restaurante para el desayuno (no incluida), Despu\u00e9s nos trasladaremos hacia la cascada Agua Azul impresionantes ca\u00eddas de agua de color azul turquesa que forma este maravilloso recurso natural, cuya ca\u00edda de agua alcanza a los 20 m. se har\u00e1 un recorrido de 1:30 hrs. Continuando con el recorrido hacia la Cascada Misol-h\u00e1 impresionante ca\u00edda de agua que alcanza a los 50 m. de altura, un lugar ideal para refrescar. Disponiendo de 50 min. Posteriormente nos dirigiremos hacia la Zona Arqueol\u00f3gica de Palenque, visitaremos los vestigios arqueol\u00f3gicos de la cultura Maya, conformada por su exuberante riqueza natural, con un recorrido de 2 horas y 30 min. Despu\u00e9s regreso a la Ciudad de San Crist\u00f3bal llegando alrededor de las 10:00 pm.<\/p>\n<p style=\"text-align: justify;\">tour en chiapas econ\u00f3mico<br \/>\nIncluye: Entradas y Transporte<\/p>\n<p>precio por persona<br \/>\nPRECIOS DE SERVICIO PRIVADO (VIP)<\/p>\n<p>&nbsp;<\/p>\n","protected":false},"excerpt":{"rendered":"<p>El azul a\u00f1il del agua, el verde de la vegetaci\u00f3n, la brisa constante y el sonido acu\u00e1tico incesante contribuyen a hacer de Las cascadas de Agua Azul. Tour a las Cascadas de Agua Azul &#8211; Misol ha y Palenque SALIDAS DIARIAS Salidas a las 5:00 am: San Crist\u00f3bal de las casas en la recepci\u00f3n del [&hellip;]<\/p>\n","protected":false},"author":1,"featured_media":1720,"parent":0,"menu_order":0,"comment_status":"closed","ping_status":"closed","template":"","meta":{"footnotes":""},"class_list":["post-1408","page","type-page","status-publish","has-post-thumbnail","hentry"],"_links":{"self":[{"href":"https:\/\/chiapastodoincluido.com\/sitio\/wp-json\/wp\/v2\/pages\/1408","targetHints":{"allow":["GET"]}}],"collection":[{"href":"https:\/\/chiapastodoincluido.com\/sitio\/wp-json\/wp\/v2\/pages"}],"about":[{"href":"https:\/\/chiapastodoincluido.com\/sitio\/wp-json\/wp\/v2\/types\/page"}],"author":[{"embeddable":true,"href":"https:\/\/chiapastodoincluido.com\/sitio\/wp-json\/wp\/v2\/users\/1"}],"replies":[{"embeddable":true,"href":"https:\/\/chiapastodoincluido.com\/sitio\/wp-json\/wp\/v2\/comments?post=1408"}],"version-history":[{"count":2,"href":"https:\/\/chiapastodoincluido.com\/sitio\/wp-json\/wp\/v2\/pages\/1408\/revisions"}],"predecessor-version":[{"id":1715,"href":"https:\/\/chiapastodoincluido.com\/sitio\/wp-json\/wp\/v2\/pages\/1408\/revisions\/1715"}],"wp:featuredmedia":[{"embeddable":true,"href":"https:\/\/chiapastodoincluido.com\/sitio\/wp-json\/wp\/v2\/media\/1720"}],"wp:attachment":[{"href":"https:\/\/chiapastodoincluido.com\/sitio\/wp-json\/wp\/v2\/media?parent=1408"}],"curies":[{"name":"wp","href":"https:\/\/api.w.org\/{rel}","templated":true}]}}