{"id":1572,"date":"2020-09-06T20:00:51","date_gmt":"2020-09-06T20:00:51","guid":{"rendered":"http:\/\/chiapastodoincluido.com\/sitio\/?page_id=1572"},"modified":"2020-09-16T13:58:32","modified_gmt":"2020-09-16T13:58:32","slug":"paquetes-vacacionales-chiapas","status":"publish","type":"page","link":"https:\/\/chiapastodoincluido.com\/sitio\/paquetes-vacacionales-chiapas\/","title":{"rendered":"PAQUETES CHIAPAS"},"content":{"rendered":"<div class=\"wpb-content-wrapper\"><p>[vc_row][vc_column][vc_custom_heading text=&#8221;CHIAPAS&#8221; font_container=&#8221;tag:h1|font_size:25|text_align:center|color:%23ffffff&#8221; google_fonts=&#8221;font_family:Montserrat%3Aregular%2C700|font_style:700%20bold%20regular%3A700%3Anormal&#8221; css=&#8221;.vc_custom_1599490559361{margin-top: 10px !important;margin-bottom: 10px !important;border-top-width: 10px !important;border-bottom-width: 10px !important;padding-top: 10px !important;padding-bottom: 10px !important;background-color: #9dcc3f !important;}&#8221;][\/vc_column][\/vc_row][vc_row][vc_column][vc_tta_tabs shape=&#8221;square&#8221; color=&#8221;turquoise&#8221; spacing=&#8221;2&#8243; gap=&#8221;1&#8243; alignment=&#8221;center&#8221; active_section=&#8221;1&#8243; no_fill_content_area=&#8221;true&#8221;][vc_tta_section title=&#8221;PAQUETE 1&#8243; tab_id=&#8221;1599422465101-a30fa430-7cc9&#8243;][vc_column_text]<\/p>\n<h2><strong>3 DIAS 2 NOCHES<\/strong><\/h2>\n<p><strong>TUXTLA GUTI\u00c9RREZ \/ CA\u00d1\u00d3N DEL SUMIDERO \/ SAN CRIST\u00d3BAL<\/strong><\/p>\n<p>Recepci\u00f3n en el aeropuerto \u00c1ngel Albino Corzo de Tuxtla Guti\u00e9rrez.<\/p>\n<p>Posteriormente nos trasladaremos al embarcadero del Rio Grijalva para navegar por sus aguas y admirar el majestuoso e imponente Ca\u00f1\u00f3n del Sumidero.*<\/p>\n<p>Despu\u00e9s del recorrido en lancha visitaremos el pueblo m\u00e1gico de Chiapa de Corzo.<\/p>\n<p>Por la tarde nos dirigiremos a San Crist\u00f3bal de Las Casas, ciudad colonial que se fund\u00f3 en el a\u00f1o 1528.<\/p>\n<p>Resto de la tarde libre.<\/p>\n<p>Pernocta en San Crist\u00f3bal de las Casas.<\/p>\n<p>*Menores de un a\u00f1o no podr\u00e1n realizar el recorrido en lancha.<\/p>\n<p>&nbsp;<\/p>\n<p><strong>D\u00eda 2<\/strong><\/p>\n<p>SAN CRIST\u00d3BAL \/ CASCADA DE CHIFL\u00d3N \/ LAGOS DE MONTEBELLO \/ SAN CRIST\u00d3BAL<\/p>\n<p>Desayuno en el hotel.<\/p>\n<p>Traslado hacia las Cascadas del Chifl\u00f3n, imponente ca\u00edda de agua de m\u00e1s de 120 metros, donde se podr\u00e1n realizar actividades de aventura como tirolesa.<\/p>\n<p>Continuaremos nuestra visita hacia los multicolores Lagos de Montebello donde entre la vegetaci\u00f3n boscosa admiraremos diversas lagunas en diferentes tonalidades de azul y verde.<\/p>\n<p>Por la tarde regreso a San Crist\u00f3bal de Las Casas.<\/p>\n<p>Pernocta en San Crist\u00f3bal de las Casas<\/p>\n<p>&nbsp;<\/p>\n<p><strong>D\u00eda 3<\/strong><\/p>\n<p>SAN CRIST\u00d3BAL \/ COMUNIDADES IND\u00cdGENAS \/ AEROPUERTO DE TUXTLA<\/p>\n<p>Desayuno en el hotel.<\/p>\n<p>Salida hacia las comunidades ind\u00edgenas de San Juan Chamula y Zinacant\u00e1n donde podremos apreciar la mezcla de tradiciones ancestrales y contempor\u00e1neas. En Zinacant\u00e1n aparte de visitar la iglesia iremos a una casa t\u00edpica donde apreciaremos como trabajan el telar de cintura, probablemente probemos el posh (bebida t\u00edpica) y disfrutemos de unas tortillas hechas a mano en le\u00f1a.<\/p>\n<p>Traslado al aeropuerto de Tuxtla Guti\u00e9rrez o terminal de autobuses.<\/p>\n<p>Fin de nuestros servicios.<\/p>\n<p>&nbsp;<\/p>\n<p><strong>EL PRECIO INCLUYE<\/strong><\/p>\n<p>&nbsp;<\/p>\n<p>Transportaci\u00f3n terrestre con aire acondicionado en servicio compartido.<br \/>\nTraslados aeropuerto-hotel-aeropuerto.<br \/>\nChofer tur\u00edstico en espa\u00f1ol durante todo el recorrido.<br \/>\nTodas las entradas a atractivos tur\u00edsticos mencionados en el itinerario.<br \/>\nRecorrido en lancha compartida por el Ca\u00f1\u00f3n del Sumidero.<br \/>\nHoteles Categoria 4 estrellas.<br \/>\nDesayunos tipo americano.[\/vc_column_text][\/vc_tta_section][vc_tta_section title=&#8221;PAQUETE 2&#8243; tab_id=&#8221;1599422465114-81090c32-d78a&#8221;][vc_column_text]<\/p>\n<h2><strong>4 DIAS 3 NOCHES<\/strong><\/h2>\n<p><strong>D\u00eda 1<\/strong><\/p>\n<p><strong>TUXTLA GUTI\u00c9RREZ \/ CA\u00d1\u00d3N DEL SUMIDERO \/ SAN CRIST\u00d3BAL<\/strong><\/p>\n<p>Recepci\u00f3n en el aeropuerto \u00c1ngel Albino Corzo de Tuxtla Guti\u00e9rrez.<\/p>\n<p>Posteriormente nos trasladaremos al embarcadero del Rio Grijalva para navegar por sus aguas y admirar el majestuoso e imponente Ca\u00f1\u00f3n del Sumidero.*<\/p>\n<p>Despu\u00e9s del recorrido en lancha visitaremos el pueblo m\u00e1gico de Chiapa de Corzo.<\/p>\n<p>Por la tarde nos dirigiremos a San Crist\u00f3bal de Las Casas, ciudad colonial que se fund\u00f3 en el a\u00f1o 1528.<\/p>\n<p>Resto de la tarde libre.<\/p>\n<p>Pernocta en San Crist\u00f3bal de las Casas.<\/p>\n<p>*Menores de un a\u00f1o no podr\u00e1n realizar el recorrido en lancha.<\/p>\n<p>&nbsp;<\/p>\n<p><strong>D\u00eda 2<\/strong><\/p>\n<p><strong>SAN CRIST\u00d3BAL \/ CASCADA DE CHIFL\u00d3N \/ LAGOS DE MONTEBELLO \/ SAN CRIST\u00d3BAL<\/strong><\/p>\n<p>Desayuno en el hotel.<\/p>\n<p>Traslado hacia las Cascadas del Chifl\u00f3n, imponente ca\u00edda de agua de m\u00e1s de 120 metros, donde se podr\u00e1n realizar actividades de aventura como tirolesa.<\/p>\n<p>Continuaremos nuestra visita hacia los multicolores Lagos de Montebello donde entre la vegetaci\u00f3n boscosa admiraremos diversas lagunas en diferentes tonalidades de azul y verde.<\/p>\n<p>Por la tarde regreso a San Crist\u00f3bal de Las Casas.<\/p>\n<p>Pernocta en San Crist\u00f3bal de las Casas.<\/p>\n<p>&nbsp;<\/p>\n<p><strong>D\u00eda 3<\/strong><\/p>\n<p>SAN CRIST\u00d3BAL \/ COMUNIDADES IND\u00cdGENAS \/ SAN CRIST\u00d3BAL<\/p>\n<p>Desayuno en el hotel.<\/p>\n<p>Salida hacia las comunidades ind\u00edgenas de San Juan Chamula y Zinacant\u00e1n donde podremos apreciar la mezcla de tradiciones ancestrales y contempor\u00e1neas. En Zinacant\u00e1n aparte de visitar la iglesia iremos a una casa t\u00edpica donde apreciaremos como trabajan el telar de cintura, probablemente probemos el posh (bebida t\u00edpica) y disfrutemos de unas tortillas hechas a mano en le\u00f1a.<\/p>\n<p>Regreso a San Crist\u00f3bal de las Casas y resto de la tarde libre.<\/p>\n<p>Pernocta en San Crist\u00f3bal de las Casas.<\/p>\n<p>&nbsp;<\/p>\n<p><strong>D\u00eda 4<\/strong><\/p>\n<p><strong>SAN CRIST\u00d3BAL \/ AGUA AZUL \/ MISOL HA \/ ZONA ARQ. DE PALENQUE<\/strong><\/p>\n<p>Salida rumbo a las maravillosas Cascadas de Agua Azul (desayuno en el trayecto), en las cuales nos podremos ba\u00f1ar en sus refrescantes aguas de tonalidad azul o realizar una caminata por el andador que se encuentra al margen del rio y admirar la infinidad de saltos en esta biosfera.<\/p>\n<p>Posteriormente visitaremos la cascada de Misol Ha de aproximadamente 30 metros de altura, podremos realizar una caminata por detr\u00e1s de la cortina de agua hasta una cueva que tiene 10 metros de profundidad.<\/p>\n<p>Por \u00faltimo nos dirigiremos hacia la zona arqueol\u00f3gica de Palenque rodeada de exuberante vegetaci\u00f3n selv\u00e1tica, en donde observaremos la grandeza de las construcciones mayas bajo el mando de Pakal-Kin como el templo de la calavera, el de las inscripciones, adem\u00e1s de altos y bajos relieves en estuco y labrados en piedra.<\/p>\n<p>SE ACOMODA EL SERVICIO DEPENDIENDO DEL HORARIO DE SALIDA DE SU VUELO[\/vc_column_text][\/vc_tta_section][vc_tta_section title=&#8221;PAQUETE 3&#8243; tab_id=&#8221;1599490083559-522f8831-aace&#8221;][vc_column_text]<\/p>\n<h2>5 DIAS 4 NOCHES<\/h2>\n<p><strong>D\u00eda 1<\/strong><\/p>\n<p><strong>TUXTLA GUTI\u00c9RREZ \/ CA\u00d1\u00d3N DEL SUMIDERO \/ SAN CRIST\u00d3BAL<\/strong><\/p>\n<p>Recepci\u00f3n en el aeropuerto \u00c1ngel Albino Corzo de Tuxtla Guti\u00e9rrez.<\/p>\n<p>Posteriormente nos trasladaremos al embarcadero del Rio Grijalva para navegar por sus aguas y admirar el majestuoso e imponente Ca\u00f1\u00f3n del Sumidero.*<\/p>\n<p>Despu\u00e9s del recorrido en lancha visitaremos el pueblo m\u00e1gico de Chiapa de Corzo.<\/p>\n<p>Por la tarde nos dirigiremos a San Crist\u00f3bal de Las Casas, ciudad colonial que se fund\u00f3 en el a\u00f1o 1528.<\/p>\n<p>Resto de la tarde libre.<\/p>\n<p>Pernocta en San Crist\u00f3bal de las Casas.<\/p>\n<p>*Menores de un a\u00f1o no podr\u00e1n realizar el recorrido en lancha.<\/p>\n<p>&nbsp;<\/p>\n<p><strong>D\u00eda 2<\/strong><\/p>\n<p><strong>SAN CRIST\u00d3BAL \/ CASCADA DE CHIFL\u00d3N \/ LAGOS DE MONTEBELLO \/ SAN CRIST\u00d3BAL<\/strong><\/p>\n<p>Desayuno en el hotel.<\/p>\n<p>Traslado hacia las Cascadas del Chifl\u00f3n, imponente ca\u00edda de agua de m\u00e1s de 120 metros, donde se podr\u00e1n realizar actividades de aventura como tirolesa.<\/p>\n<p>Continuaremos nuestra visita hacia los multicolores Lagos de Montebello donde entre la vegetaci\u00f3n boscosa admiraremos diversas lagunas en diferentes tonalidades de azul y verde.<\/p>\n<p>Por la tarde regreso a San Crist\u00f3bal de Las Casas.<\/p>\n<p>Pernocta en San Crist\u00f3bal de las Casas.<\/p>\n<p>&nbsp;<\/p>\n<p><strong>D\u00eda 3<\/strong><\/p>\n<p><strong>SAN CRIST\u00d3BAL \/ COMUNIDADES IND\u00cdGENAS \/ SAN CRIST\u00d3BAL<\/strong><\/p>\n<p>Desayuno en el hotel.<\/p>\n<p>Salida hacia las comunidades ind\u00edgenas de San Juan Chamula y Zinacant\u00e1n donde podremos apreciar la mezcla de tradiciones ancestrales y contempor\u00e1neas. En Zinacant\u00e1n aparte de visitar la iglesia iremos a una casa t\u00edpica donde apreciaremos como trabajan el telar de cintura, probablemente probemos el posh (bebida t\u00edpica) y disfrutemos de unas tortillas hechas a mano en le\u00f1a.<\/p>\n<p>Regreso a San Crist\u00f3bal de las Casas y resto de la tarde libre.<\/p>\n<p>Pernocta en San Crist\u00f3bal de las Casas.<\/p>\n<p>&nbsp;<\/p>\n<p><strong>D\u00eda 4<\/strong><\/p>\n<p><strong>SAN CRIST\u00d3BAL \/ AGUA AZUL \/ MISOL HA \/ ZONA ARQ. DE PALENQUE<\/strong><\/p>\n<p>Salida rumbo a las maravillosas Cascadas de Agua Azul (desayuno en el trayecto), en las cuales nos podremos ba\u00f1ar en sus refrescantes aguas de tonalidad azul o realizar una caminata por el andador que se encuentra al margen del rio y admirar la infinidad de saltos en esta biosfera.<\/p>\n<p>Posteriormente visitaremos la cascada de Misol Ha de aproximadamente 30 metros de altura, podremos realizar una caminata por detr\u00e1s de la cortina de agua hasta una cueva que tiene 10 metros de profundidad.<\/p>\n<p>Por \u00faltimo nos dirigiremos hacia la zona arqueol\u00f3gica de Palenque rodeada de exuberante vegetaci\u00f3n selv\u00e1tica, en donde observaremos la grandeza de las construcciones mayas bajo el mando de Pakal-Kin como el templo de la calavera, el de las inscripciones, adem\u00e1s de altos y bajos relieves en estuco y labrados en piedra.<\/p>\n<p>Pernocta en Palenque.<\/p>\n<p>&nbsp;<\/p>\n<p><strong>D\u00eda 5<\/strong><\/p>\n<p><strong>PALENQUE \/ YAXCHIL\u00c1N \/ BONAMPAK \/ PALENQUE<\/strong><\/p>\n<p>Salida hacia Frontera Corozal (desayuno en el trayecto), donde tomaremos la lancha que nos llevar\u00e1 por aguas del rio Usumacinta hacia la imponente zona arqueol\u00f3gica de Yaxchil\u00e1n una de las m\u00e1s grandes capitales de la cuenca del rio Usumacinta, alcanz\u00f3 su esplendor con su gobernante P\u00e1jaro Jaguar IV descendiente de Escudo Jaguar y prueba de ello son las magn\u00edficas estelas y dinteles labrados en piedra que se encuentran en la ciudad. Continuaremos hacia la zona arqueol\u00f3gica de Bonampak donde veremos obras del arte maya pintadas sobre los muros.<\/p>\n<p><strong>FIN DE SERVICIO PAQUETE SE ACOMODA DE ACUERDO A SU SALIDA AEROPUERTO.<\/strong>[\/vc_column_text][\/vc_tta_section][vc_tta_section title=&#8221;PAQUETE 4&#8243; tab_id=&#8221;1599490174280-a7c545e9-7b4b&#8221;][vc_column_text]<\/p>\n<h2>6 DIAS 5 NOCHES<\/h2>\n<p><strong>D\u00eda 1<\/strong><\/p>\n<p><strong>TUXTLA GUTI\u00c9RREZ \/ CA\u00d1\u00d3N DEL SUMIDERO \/ SAN CRIST\u00d3BAL<\/strong><\/p>\n<p>Recepci\u00f3n en el aeropuerto \u00c1ngel Albino Corzo de Tuxtla Guti\u00e9rrez.<\/p>\n<p>Posteriormente nos trasladaremos al embarcadero del Rio Grijalva para navegar por sus aguas y admirar el majestuoso e imponente Ca\u00f1\u00f3n del Sumidero.*<\/p>\n<p>Despu\u00e9s del recorrido en lancha visitaremos el pueblo m\u00e1gico de Chiapa de Corzo.<\/p>\n<p>Por la tarde nos dirigiremos a San Crist\u00f3bal de Las Casas, ciudad colonial que se fund\u00f3 en el a\u00f1o 1528.<\/p>\n<p>Resto de la tarde libre.<\/p>\n<p>Pernocta en San Crist\u00f3bal de las Casas.<\/p>\n<p>*Menores de un a\u00f1o no podr\u00e1n realizar el recorrido en lancha.<\/p>\n<p>&nbsp;<\/p>\n<p><strong>D\u00eda 2<\/strong><\/p>\n<p><strong>SAN CRIST\u00d3BAL \/ CASCADA DE CHIFL\u00d3N \/ LAGOS DE MONTEBELLO \/ SAN CRIST\u00d3BAL<\/strong><\/p>\n<p>Desayuno en el hotel.<\/p>\n<p>Traslado hacia las Cascadas del Chifl\u00f3n, imponente ca\u00edda de agua de m\u00e1s de 120 metros, donde se podr\u00e1n realizar actividades de aventura como tirolesa.<\/p>\n<p>Continuaremos nuestra visita hacia los multicolores Lagos de Montebello donde entre la vegetaci\u00f3n boscosa admiraremos diversas lagunas en diferentes tonalidades de azul y verde.<\/p>\n<p>Por la tarde regreso a San Crist\u00f3bal de Las Casas.<\/p>\n<p>Pernocta en San Crist\u00f3bal de las Casas.<\/p>\n<p>&nbsp;<\/p>\n<p><strong>D\u00eda 3<\/strong><\/p>\n<p><strong>SAN CRIST\u00d3BAL \/ COMUNIDADES IND\u00cdGENAS \/ SAN CRIST\u00d3BAL<\/strong><\/p>\n<p>Desayuno en el hotel.<\/p>\n<p>Salida hacia las comunidades ind\u00edgenas de San Juan Chamula y Zinacant\u00e1n donde podremos apreciar la mezcla de tradiciones ancestrales y contempor\u00e1neas. En Zinacant\u00e1n aparte de visitar la iglesia iremos a una casa t\u00edpica donde apreciaremos como trabajan el telar de cintura, probablemente probemos el posh (bebida t\u00edpica) y disfrutemos de unas tortillas hechas a mano en le\u00f1a.<\/p>\n<p>Regreso a San Crist\u00f3bal de las Casas y resto de la tarde libre.<\/p>\n<p>Pernocta en San Crist\u00f3bal de las Casas.<\/p>\n<p>&nbsp;<\/p>\n<p><strong>D\u00eda 4<\/strong><\/p>\n<p><strong>SAN CRIST\u00d3BAL \/ AGUA AZUL \/ MISOL HA \/ ZONA ARQ. DE PALENQUE<\/strong><\/p>\n<p>Salida rumbo a las maravillosas Cascadas de Agua Azul (desayuno en el trayecto), en las cuales nos podremos ba\u00f1ar en sus refrescantes aguas de tonalidad azul o realizar una caminata por el andador que se encuentra al margen del rio y admirar la infinidad de saltos en esta biosfera.<\/p>\n<p>Posteriormente visitaremos la cascada de Misol Ha de aproximadamente 30 metros de altura, podremos realizar una caminata por detr\u00e1s de la cortina de agua hasta una cueva que tiene 10 metros de profundidad.<\/p>\n<p>Por \u00faltimo nos dirigiremos hacia la zona arqueol\u00f3gica de Palenque rodeada de exuberante vegetaci\u00f3n selv\u00e1tica, en donde observaremos la grandeza de las construcciones mayas bajo el mando de Pakal-Kin como el templo de la calavera, el de las inscripciones, adem\u00e1s de altos y bajos relieves en estuco y labrados en piedra.<\/p>\n<p>Pernocta en Palenque.<\/p>\n<p>&nbsp;<\/p>\n<p><strong>D\u00eda 5<\/strong><\/p>\n<p><strong>PALENQUE \/ YAXCHIL\u00c1N \/ BONAMPAK \/ PALENQUE<\/strong><\/p>\n<p>Salida hacia Frontera Corozal (desayuno en el trayecto), donde tomaremos la lancha que nos llevar\u00e1 por aguas del rio Usumacinta hacia la imponente zona arqueol\u00f3gica de Yaxchil\u00e1n una de las m\u00e1s grandes capitales de la cuenca del rio Usumacinta, alcanz\u00f3 su esplendor con su gobernante P\u00e1jaro Jaguar IV descendiente de Escudo Jaguar y prueba de ello son las magn\u00edficas estelas y dinteles labrados en piedra que se encuentran en la ciudad. Continuaremos hacia la zona arqueol\u00f3gica de Bonampak donde veremos obras del arte maya pintadas sobre los muros.<\/p>\n<p>Pernocta en Palenque.<\/p>\n<p>&nbsp;<\/p>\n<p><strong>D\u00eda 6<\/strong><\/p>\n<p><strong>PALENQUE \/ MUSEO LA VENTA \/ AEROPUERTO VILLAHERMOSA<\/strong><\/p>\n<p>Desayuno en el Hotel.<\/p>\n<p>Traslado a Villahermosa para visitar el Museo \u201cLa Venta\u201d donde se atesora una de las m\u00e1s grandes colecciones de piezas pertenecientes a la cultura Olmeca, dividida en dos \u00e1reas arqueol\u00f3gica y zool\u00f3gica.<\/p>\n<p>Por \u00faltimo nos dirigiremos hacia el aeropuerto o terminal de autobuses.<\/p>\n<p>Fin de nuestros servicios.[\/vc_column_text][\/vc_tta_section][vc_tta_section title=&#8221;PAQUET 5&#8243; tab_id=&#8221;1599490341983-7c4978d8-10eb&#8221;][vc_column_text]<\/p>\n<h2><strong>7 DIAS 6 NOCHES<\/strong><\/h2>\n<p><strong>D\u00eda 1<\/strong><\/p>\n<p><strong>TUXTLA GUTI\u00c9RREZ \/ CA\u00d1\u00d3N DEL SUMIDERO \/ SAN CRIST\u00d3BAL<\/strong><\/p>\n<p>Recepci\u00f3n en el aeropuerto \u00c1ngel Albino Corzo de Tuxtla Guti\u00e9rrez.<\/p>\n<p>Posteriormente nos trasladaremos al embarcadero del Rio Grijalva para navegar por sus aguas y admirar el majestuoso e imponente Ca\u00f1\u00f3n del Sumidero.*<\/p>\n<p>Despu\u00e9s del recorrido en lancha visitaremos el pueblo m\u00e1gico de Chiapa de Corzo.<\/p>\n<p>Por la tarde nos dirigiremos a San Crist\u00f3bal de Las Casas, ciudad colonial que se fund\u00f3 en el a\u00f1o 1528.<\/p>\n<p>Resto de la tarde libre.<\/p>\n<p>Pernocta en San Crist\u00f3bal de las Casas.<\/p>\n<p>&nbsp;<\/p>\n<p>&nbsp;<\/p>\n<p><strong>D\u00eda 2<\/strong><\/p>\n<p><strong>SAN CRIST\u00d3BAL \/ CASCADA DE CHIFL\u00d3N \/ LAGOS DE MONTEBELLO \/ SAN CRIST\u00d3BAL<\/strong><\/p>\n<p>Desayuno en el hotel.<\/p>\n<p>Traslado hacia las Cascadas del Chifl\u00f3n, imponente ca\u00edda de agua de m\u00e1s de 120 metros, donde se podr\u00e1n realizar actividades de aventura como tirolesa.<\/p>\n<p>Continuaremos nuestra visita hacia los multicolores Lagos de Montebello donde entre la vegetaci\u00f3n boscosa admiraremos diversas lagunas en diferentes tonalidades de azul y verde.<\/p>\n<p>Por la tarde regreso a San Crist\u00f3bal de Las Casas.<\/p>\n<p>Pernocta en San Crist\u00f3bal de las Casas.<\/p>\n<p>&nbsp;<\/p>\n<p><strong>D\u00eda 3<\/strong><\/p>\n<p><strong>SAN CRIST\u00d3BAL \/ COMUNIDADES IND\u00cdGENAS \/ SAN CRIST\u00d3BAL<\/strong><\/p>\n<p>Desayuno en el hotel.<\/p>\n<p>Salida hacia las comunidades ind\u00edgenas de San Juan Chamula y Zinacant\u00e1n donde podremos apreciar la mezcla de tradiciones ancestrales y contempor\u00e1neas. En Zinacant\u00e1n aparte de visitar la iglesia iremos a una casa t\u00edpica donde apreciaremos como trabajan el telar de cintura, probablemente probemos el posh (bebida t\u00edpica) y disfrutemos de unas tortillas hechas a mano en le\u00f1a.<\/p>\n<p>Regreso a San Crist\u00f3bal de las Casas y resto de la tarde libre.<\/p>\n<p>Pernocta en San Crist\u00f3bal de las Casas.<\/p>\n<p>&nbsp;<\/p>\n<p><strong>D\u00eda 4<\/strong><\/p>\n<p><strong>SAN CRIST\u00d3BAL \/ AGUA AZUL \/ MISOL HA \/ ZONA ARQ. DE PALENQUE<\/strong><\/p>\n<p>Salida rumbo a las maravillosas Cascadas de Agua Azul (desayuno en el trayecto), en las cuales nos podremos ba\u00f1ar en sus refrescantes aguas de tonalidad azul o realizar una caminata por el andador que se encuentra al margen del rio y admirar la infinidad de saltos en esta biosfera.<\/p>\n<p>Posteriormente visitaremos la cascada de Misol Ha de aproximadamente 30 metros de altura, podremos realizar una caminata por detr\u00e1s de la cortina de agua hasta una cueva que tiene 10 metros de profundidad.<\/p>\n<p>Por \u00faltimo nos dirigiremos hacia la zona arqueol\u00f3gica de Palenque rodeada de exuberante vegetaci\u00f3n selv\u00e1tica, en donde observaremos la grandeza de las construcciones mayas bajo el mando de Pakal-Kin como el templo de la calavera, el de las inscripciones, adem\u00e1s de altos y bajos relieves en estuco y labrados en piedra.<\/p>\n<p>Pernocta en Palenque.<\/p>\n<p>&nbsp;<\/p>\n<p><strong>D\u00eda 5<\/strong><\/p>\n<p><strong>PALENQUE \/ YAXCHIL\u00c1N \/ BONAMPAK<\/strong><\/p>\n<p>Salida hacia Frontera Corozal (desayuno en el trayecto), donde tomaremos la lancha que nos llevar\u00e1 por aguas del rio Usumacinta hacia la imponente zona arqueol\u00f3gica de Yaxchil\u00e1n una de las m\u00e1s grandes capitales de la cuenca del rio Usumacinta, alcanz\u00f3 su esplendor con su gobernante P\u00e1jaro Jaguar IV descendiente de Escudo Jaguar y prueba de ello son las magn\u00edficas estelas y dinteles labrados en piedra que se encuentran en la ciudad. Continuaremos hacia la zona arqueol\u00f3gica de Bonampak donde veremos obras del arte maya pintadas sobre los muros. Comida.<\/p>\n<p>Traslado Camapamento lacanja<\/p>\n<p>&nbsp;<\/p>\n<p>&nbsp;<\/p>\n<p><strong>D\u00eda 6<\/strong><\/p>\n<p><strong>SELVA LACANDONA \/ PALENQUE<\/strong><\/p>\n<p>Desayuno.<\/p>\n<p>Salida del campamento guiados por un lacand\u00f3n quien nos acompa\u00f1ar\u00e1 en la caminata por la selva donde visitaremos la reserva de Las Golondrinas (Entrada no incluida). Comida.<\/p>\n<p>Salida rumbo a Palenque.<\/p>\n<p>Pernocta en Palenque.<\/p>\n<p>&nbsp;<\/p>\n<p><strong>D\u00eda 7<\/strong><\/p>\n<p><strong>PALENQUE \/ MUSEO LA VENTA \/ AEROPUERTO VILLAHERMOSA<\/strong><\/p>\n<p>Desayuno en el Hotel.<\/p>\n<p>Traslado a Villahermosa para visitar el Museo \u201cLa Venta\u201d donde se atesora una de las m\u00e1s grandes colecciones de piezas pertenecientes a la cultura Olmeca, dividida en dos \u00e1reas arqueol\u00f3gica y zool\u00f3gica.<\/p>\n<p>Por \u00faltimo nos dirigiremos hacia el aeropuerto o terminal de autobuses.<\/p>\n<p>Fin de nuestros servicios.[\/vc_column_text][\/vc_tta_section][\/vc_tta_tabs][\/vc_column][\/vc_row][vc_row][vc_column][vc_media_grid grid_id=&#8221;vc_gid:1600264608658-b5343c98-8cc7-5&#8243; include=&#8221;1800,1794,1789,1783,1776,1777,1769,1767,1761,1763,1770&#8243;][\/vc_column][\/vc_row]<\/p>\n<\/div>","protected":false},"excerpt":{"rendered":"<p>[vc_row][vc_column][vc_custom_heading text=&#8221;CHIAPAS&#8221; font_container=&#8221;tag:h1|font_size:25|text_align:center|color:%23ffffff&#8221; google_fonts=&#8221;font_family:Montserrat%3Aregular%2C700|font_style:700%20bold%20regular%3A700%3Anormal&#8221; css=&#8221;.vc_custom_1599490559361{margin-top: 10px !important;margin-bottom: 10px !important;border-top-width: 10px !important;border-bottom-width: 10px !important;padding-top: 10px !important;padding-bottom: 10px !important;background-color: #9dcc3f !important;}&#8221;][\/vc_column][\/vc_row][vc_row][vc_column][vc_tta_tabs shape=&#8221;square&#8221; color=&#8221;turquoise&#8221; spacing=&#8221;2&#8243; gap=&#8221;1&#8243; alignment=&#8221;center&#8221; active_section=&#8221;1&#8243; no_fill_content_area=&#8221;true&#8221;][vc_tta_section title=&#8221;PAQUETE 1&#8243; tab_id=&#8221;1599422465101-a30fa430-7cc9&#8243;][vc_column_text] 3 DIAS 2 NOCHES TUXTLA GUTI\u00c9RREZ \/ CA\u00d1\u00d3N DEL SUMIDERO \/ SAN CRIST\u00d3BAL Recepci\u00f3n en el aeropuerto \u00c1ngel Albino Corzo de Tuxtla Guti\u00e9rrez. Posteriormente nos trasladaremos [&hellip;]<\/p>\n","protected":false},"author":1,"featured_media":0,"parent":0,"menu_order":0,"comment_status":"closed","ping_status":"closed","template":"","meta":{"footnotes":""},"class_list":["post-1572","page","type-page","status-publish","hentry"],"_links":{"self":[{"href":"https:\/\/chiapastodoincluido.com\/sitio\/wp-json\/wp\/v2\/pages\/1572","targetHints":{"allow":["GET"]}}],"collection":[{"href":"https:\/\/chiapastodoincluido.com\/sitio\/wp-json\/wp\/v2\/pages"}],"about":[{"href":"https:\/\/chiapastodoincluido.com\/sitio\/wp-json\/wp\/v2\/types\/page"}],"author":[{"embeddable":true,"href":"https:\/\/chiapastodoincluido.com\/sitio\/wp-json\/wp\/v2\/users\/1"}],"replies":[{"embeddable":true,"href":"https:\/\/chiapastodoincluido.com\/sitio\/wp-json\/wp\/v2\/comments?post=1572"}],"version-history":[{"count":41,"href":"https:\/\/chiapastodoincluido.com\/sitio\/wp-json\/wp\/v2\/pages\/1572\/revisions"}],"predecessor-version":[{"id":1844,"href":"https:\/\/chiapastodoincluido.com\/sitio\/wp-json\/wp\/v2\/pages\/1572\/revisions\/1844"}],"wp:attachment":[{"href":"https:\/\/chiapastodoincluido.com\/sitio\/wp-json\/wp\/v2\/media?parent=1572"}],"curies":[{"name":"wp","href":"https:\/\/api.w.org\/{rel}","templated":true}]}}