{"id":1630,"date":"2020-09-07T15:34:07","date_gmt":"2020-09-07T15:34:07","guid":{"rendered":"http:\/\/chiapastodoincluido.com\/sitio\/?page_id=1630"},"modified":"2020-09-17T18:23:01","modified_gmt":"2020-09-17T18:23:01","slug":"paquetes-vacacionales-3","status":"publish","type":"page","link":"https:\/\/chiapastodoincluido.com\/sitio\/paquetes-vacacionales-3\/","title":{"rendered":"PAQUETES VACACIONALES"},"content":{"rendered":"<div class=\"wpb-content-wrapper\"><p>[vc_row][vc_column][vc_column_text]<\/p>\n<p style=\"text-align: justify;\">Una experiencia inolvidable<br \/>\nDesde la costa del pac\u00edfico hasta sus agrestes y escarpadas sierras, pasando imponentes ca\u00f1ones, insondables selvas, volcanes, planicies y sembrad\u00edos; toda la fisiograf\u00eda de Chiapas refleja una imagen de grandeza, de virtuosismo, una multiplicidad de paisajes y destinos, que lo distinguen como un Estado maravilloso, \u00fanico y sobresaliente en el mosaico multicolor de la tierra mexicana las tradiciones de oaxaca ruinas y playas el sureste mexicano con hermosos paisajes como bacalar mahual akamul riviera maya cancun la hermosa merida campeche ruinas y cenotes.<\/p>\n<p>[\/vc_column_text][\/vc_column][\/vc_row][vc_row content_placement=&#8221;top&#8221;][vc_column width=&#8221;1\/4&#8243; offset=&#8221;vc_col-sm-offset-0&#8243;][vc_hoverbox image=&#8221;1564&#8243; primary_title=&#8221;&#8221; hover_title=&#8221;Ver Paquetes&#8221; hover_title_google_fonts=&#8221;font_family:Montserrat%3Aregular%2C700|font_style:700%20bold%20regular%3A700%3Anormal&#8221; shape=&#8221;square&#8221; css_animation=&#8221;fadeInRight&#8221; use_custom_fonts_hover_title=&#8221;true&#8221; hover_title_link=&#8221;url:http%3A%2F%2Fchiapastodoincluido.com%2Fsitio%2Fpaquetes-vacacionales-chiapas%2F|title:PAQUETES%20VACACIONALES||&#8221; css=&#8221;.vc_custom_1599580160121{border-bottom-width: -10px !important;}&#8221;][\/vc_hoverbox][vc_empty_space][\/vc_column][vc_column width=&#8221;1\/4&#8243;][vc_hoverbox image=&#8221;1556&#8243; primary_title=&#8221;&#8221; hover_title=&#8221;Ver Paquetes&#8221; hover_title_google_fonts=&#8221;font_family:Montserrat%3Aregular%2C700|font_style:700%20bold%20regular%3A700%3Anormal&#8221; shape=&#8221;square&#8221; css_animation=&#8221;fadeInRight&#8221; use_custom_fonts_hover_title=&#8221;true&#8221; hover_title_link=&#8221;url:http%3A%2F%2Fchiapastodoincluido.com%2Fsitio%2Fpaquetes-cancun%2F|title:PAQUETES%20VACACIONALES||&#8221;][\/vc_hoverbox][vc_empty_space][\/vc_column][vc_column width=&#8221;1\/4&#8243;][vc_hoverbox image=&#8221;1565&#8243; primary_title=&#8221;&#8221; hover_title=&#8221;Ver Paquetes&#8221; hover_title_google_fonts=&#8221;font_family:Montserrat%3Aregular%2C700|font_style:700%20bold%20regular%3A700%3Anormal&#8221; shape=&#8221;square&#8221; css_animation=&#8221;fadeInRight&#8221; use_custom_fonts_hover_title=&#8221;true&#8221; hover_title_link=&#8221;url:http%3A%2F%2Fchiapastodoincluido.com%2Fsitio%2Fpaquetes-vacacionales%2F|title:PAQUETES%20VACACIONALES||&#8221;][\/vc_hoverbox][vc_empty_space][\/vc_column][vc_column width=&#8221;1\/4&#8243;][vc_hoverbox image=&#8221;1904&#8243; primary_title=&#8221;&#8221; hover_title=&#8221;Ver Paquetes&#8221; hover_title_google_fonts=&#8221;font_family:Montserrat%3Aregular%2C700|font_style:700%20bold%20regular%3A700%3Anormal&#8221; shape=&#8221;square&#8221; css_animation=&#8221;fadeInRight&#8221; use_custom_fonts_hover_title=&#8221;true&#8221; hover_title_link=&#8221;url:https%3A%2F%2Fchiapastodoincluido.com%2Fsitio%2Fhuatulco-2%2F|title:PAQUETE%20HUATULCO||&#8221;][\/vc_hoverbox][\/vc_column][\/vc_row][vc_row][vc_column][vc_empty_space height=&#8221;42px&#8221;][\/vc_column][\/vc_row][vc_row][vc_column width=&#8221;1\/4&#8243;][vc_hoverbox image=&#8221;1635&#8243; primary_title=&#8221;&#8221; hover_title=&#8221;Ver Paquetes&#8221; hover_title_google_fonts=&#8221;font_family:Montserrat%3Aregular%2C700|font_style:700%20bold%20regular%3A700%3Anormal&#8221; shape=&#8221;square&#8221; css_animation=&#8221;fadeInRight&#8221; use_custom_fonts_hover_title=&#8221;true&#8221; hover_title_link=&#8221;url:https%3A%2F%2Fchiapastodoincluido.com%2Fsitio%2Fcampeche%2F|title:PAQUETES%20CAMPRECHE||&#8221;][\/vc_hoverbox][\/vc_column][vc_column width=&#8221;1\/4&#8243;][vc_hoverbox image=&#8221;1636&#8243; primary_title=&#8221;&#8221; hover_title=&#8221;Ver Paquetes&#8221; hover_title_google_fonts=&#8221;font_family:Montserrat%3Aregular%2C700|font_style:700%20bold%20regular%3A700%3Anormal&#8221; shape=&#8221;square&#8221; css_animation=&#8221;fadeInRight&#8221; use_custom_fonts_hover_title=&#8221;true&#8221; hover_title_link=&#8221;url:https%3A%2F%2Fchiapastodoincluido.com%2Fsitio%2Fyucatan%2F|title:PAQUETES%20%20YUCAT%C3%81N||&#8221;][\/vc_hoverbox][\/vc_column][vc_column width=&#8221;1\/4&#8243;][vc_hoverbox image=&#8221;1638&#8243; primary_title=&#8221;&#8221; hover_title=&#8221;Ver Paquetes&#8221; hover_title_google_fonts=&#8221;font_family:Montserrat%3Aregular%2C700|font_style:700%20bold%20regular%3A700%3Anormal&#8221; shape=&#8221;square&#8221; css_animation=&#8221;fadeInRight&#8221; use_custom_fonts_hover_title=&#8221;true&#8221; hover_title_link=&#8221;url:https%3A%2F%2Fchiapastodoincluido.com%2Fsitio%2Foaxaca%2F|title:PAQUETES%20%20OAXACA||&#8221;][\/vc_hoverbox][\/vc_column][vc_column width=&#8221;1\/4&#8243;][vc_hoverbox image=&#8221;1876&#8243; primary_title=&#8221;&#8221; hover_title=&#8221;Ver Paquetes&#8221; hover_title_google_fonts=&#8221;font_family:Montserrat%3Aregular%2C700|font_style:700%20bold%20regular%3A700%3Anormal&#8221; shape=&#8221;square&#8221; css_animation=&#8221;fadeInRight&#8221; use_custom_fonts_hover_title=&#8221;true&#8221; hover_title_link=&#8221;url:https%3A%2F%2Fchiapastodoincluido.com%2Fsitio%2Fquintana-roo|title:PAQUETES%20%20OAXACA||&#8221;][\/vc_hoverbox][\/vc_column][\/vc_row][vc_row][vc_column][vc_empty_space height=&#8221;42px&#8221;][\/vc_column][\/vc_row][vc_row][vc_column width=&#8221;1\/4&#8243;][vc_hoverbox image=&#8221;1882&#8243; primary_title=&#8221;&#8221; hover_title=&#8221;Ver Paquetes&#8221; hover_title_google_fonts=&#8221;font_family:Montserrat%3Aregular%2C700|font_style:700%20bold%20regular%3A700%3Anormal&#8221; shape=&#8221;square&#8221; css_animation=&#8221;fadeInRight&#8221; use_custom_fonts_hover_title=&#8221;true&#8221; hover_title_link=&#8221;url:https%3A%2F%2Fchiapastodoincluido.com%2Fsitio%2Fexpress%2F|title:CANC%C3%9AN%20EXPRESS||&#8221;][\/vc_hoverbox][\/vc_column][vc_column width=&#8221;1\/4&#8243;][\/vc_column][vc_column width=&#8221;1\/4&#8243;][\/vc_column][vc_column width=&#8221;1\/4&#8243;][\/vc_column][\/vc_row]<\/p>\n<\/div>","protected":false},"excerpt":{"rendered":"<p>[vc_row][vc_column][vc_column_text] Una experiencia inolvidable Desde la costa del pac\u00edfico hasta sus agrestes y escarpadas sierras, pasando imponentes ca\u00f1ones, insondables selvas, volcanes, planicies y sembrad\u00edos; toda la fisiograf\u00eda de Chiapas refleja una imagen de grandeza, de virtuosismo, una multiplicidad de paisajes y destinos, que lo distinguen como un Estado maravilloso, \u00fanico y sobresaliente en el mosaico [&hellip;]<\/p>\n","protected":false},"author":1,"featured_media":0,"parent":0,"menu_order":0,"comment_status":"closed","ping_status":"closed","template":"","meta":{"footnotes":""},"class_list":["post-1630","page","type-page","status-publish","hentry"],"_links":{"self":[{"href":"https:\/\/chiapastodoincluido.com\/sitio\/wp-json\/wp\/v2\/pages\/1630","targetHints":{"allow":["GET"]}}],"collection":[{"href":"https:\/\/chiapastodoincluido.com\/sitio\/wp-json\/wp\/v2\/pages"}],"about":[{"href":"https:\/\/chiapastodoincluido.com\/sitio\/wp-json\/wp\/v2\/types\/page"}],"author":[{"embeddable":true,"href":"https:\/\/chiapastodoincluido.com\/sitio\/wp-json\/wp\/v2\/users\/1"}],"replies":[{"embeddable":true,"href":"https:\/\/chiapastodoincluido.com\/sitio\/wp-json\/wp\/v2\/comments?post=1630"}],"version-history":[{"count":40,"href":"https:\/\/chiapastodoincluido.com\/sitio\/wp-json\/wp\/v2\/pages\/1630\/revisions"}],"predecessor-version":[{"id":1906,"href":"https:\/\/chiapastodoincluido.com\/sitio\/wp-json\/wp\/v2\/pages\/1630\/revisions\/1906"}],"wp:attachment":[{"href":"https:\/\/chiapastodoincluido.com\/sitio\/wp-json\/wp\/v2\/media?parent=1630"}],"curies":[{"name":"wp","href":"https:\/\/api.w.org\/{rel}","templated":true}]}}