{"id":1845,"date":"2020-09-16T14:07:31","date_gmt":"2020-09-16T14:07:31","guid":{"rendered":"https:\/\/chiapastodoincluido.com\/sitio\/?page_id=1845"},"modified":"2020-09-16T14:10:01","modified_gmt":"2020-09-16T14:10:01","slug":"campeche","status":"publish","type":"page","link":"https:\/\/chiapastodoincluido.com\/sitio\/campeche\/","title":{"rendered":"CAMPECHE"},"content":{"rendered":"<div class=\"wpb-content-wrapper\"><p>[vc_row][vc_column][\/vc_column][\/vc_row][vc_row][vc_column][vc_tta_tabs color=&#8221;pink&#8221; active_section=&#8221;1&#8243;][vc_tta_section title=&#8221;PAQUETE 1&#8243; tab_id=&#8221;1600265170556-61d7ba19-fb9b&#8221;][vc_column_text]<\/p>\n<h2>\u00a02 DIAS 1 NOCHE<\/h2>\n<p>&nbsp;<\/p>\n<p><strong>D\u00eda 1<\/strong><\/p>\n<p><strong>CAMPECHE \/ CITY TOUR<\/strong><\/p>\n<p>Recepci\u00f3n en el aeropuerto de Campeche.<\/p>\n<p>Recorrido de la ciudad de Campeche en donde podremos apreciar todos los lugares hist\u00f3ricos que se encuentran dentro de esta ciudad, asi como sus museos y casas de artesanias.<\/p>\n<p>Traslado al hotel asignado en Campeche.<\/p>\n<p>&nbsp;<\/p>\n<p><strong>D\u00eda 2<\/strong><\/p>\n<p><strong>CAMPECHE \/ EDZN\u00c1 \/ AEROPUERTO CAMPECHE<\/strong><\/p>\n<p>Cita en el lobby del hotel en Campeche.<\/p>\n<p>Posteriormente nos dirigiremos hacia Edzn\u00e1, zona arqueol\u00f3gica en la que se han localizado un poco m\u00e1s de 200 estructuras, entre basamentos, plataformas, edificios y conjuntos habitacionales, de los cuales se han explorado las construcciones que est\u00e1n alrededor de la Gran Plaza, como la Gran Acr\u00f3polis, la Plataforma de los Cuchillos, el Anexo de los Cuchillos, la Casa Grande o Noholn\u00e1, un sacb\u00e9 o camino blanco, un juego de pelota, un conjunto de templos al sur de la Gran Plaza y la Peque\u00f1a Acr\u00f3polis, entre otros.<\/p>\n<p><strong>Traslado al aeropuerto de Campeche.<\/strong><\/p>\n<p>Nuestro paquete Campeche Express es un tour dise\u00f1ado especialmente para quienes no disponen de mucho tiempo para un itinerario complejo pero quieren conocer los lugares m\u00e1s emblem\u00e1ticos del hermoso estado de Campeche.<br \/>\nPRECIO POR PERSONA DE ACUERDO A BASE SELECCIONADA<br \/>\nAPLICA 15% DE SUPLEMENTO EN TEMPORADA ALTA<br \/>\nEL PRECIO INCLUYE<\/p>\n<p>&nbsp;<\/p>\n<p>Transportaci\u00f3n terrestre con aire acondicionado en servicio compartido.<br \/>\nTraslados aeropuerto-hotel-aeropuerto.<br \/>\nChofer tur\u00edstico en espa\u00f1ol durante todo el recorrido.<br \/>\nTodas las entradas a atractivos tur\u00edsticos mencionados en el itinerario.<br \/>\nHoteles Categoria 4 estrellas.<br \/>\nDesayunos tipo americano.[\/vc_column_text][\/vc_tta_section][vc_tta_section title=&#8221;PAQUE 2&#8243; tab_id=&#8221;1600265170571-f7fc77db-bb12&#8243;][vc_column_text]<\/p>\n<h2>3 DIAS 2 NOCHES<\/h2>\n<p>&nbsp;<\/p>\n<p><strong>D\u00eda 1<\/strong><\/p>\n<p><strong>CAMPECHE \/ CITY TOUR<\/strong><\/p>\n<p>Recepci\u00f3n en el aeropuerto de Campeche.<\/p>\n<p>Recorrido de la ciudad de Campeche en donde podremos apreciar todos los lugares hist\u00f3ricos que se encuentran dentro de esta ciudad, asi como sus museos y casas de artesanias.<\/p>\n<p>Resto de la tarde libre.<\/p>\n<p>Pernocta en Campeche.<\/p>\n<p>&nbsp;<\/p>\n<p><strong>D\u00eda 2<\/strong><\/p>\n<p><strong>CAMPECHE \/ CALAKMUL \/ CAMPECHE<\/strong><\/p>\n<p>Desayuno en el hotel.<\/p>\n<p>Traslado hacia el centro urbano maya de Calakmul, que es uno de los m\u00e1s grandes que se han descubierto y fue nombrado Patrimonio Cultural de la Humanidad por la UNESCO, por lo que es una parada imperdible.<\/p>\n<p>Calakmul significa en maya \u201cDos Mont\u00edculos Adyacentes\u201d, nombre que hace referencia a las dos grandes estructuras que dominan la selva.<\/p>\n<p>Regreso a Campeche.<\/p>\n<p>Pernocta en Campeche.<\/p>\n<p>&nbsp;<\/p>\n<p><strong>D\u00eda 3<\/strong><\/p>\n<p><strong>CAMPECHE \/ EDZN\u00c1 \/ AEROPUERTO CAMPECHE<\/strong><\/p>\n<p>Cita en el lobby del hotel en Campeche.<\/p>\n<p>Posteriormente nos dirigiremos hacia Edzn\u00e1, zona arqueol\u00f3gica en la que se han localizado un poco m\u00e1s de 200 estructuras, entre basamentos, plataformas, edificios y conjuntos habitacionales, de los cuales se han explorado las construcciones que est\u00e1n alrededor de la Gran Plaza, como la Gran Acr\u00f3polis, la Plataforma de los Cuchillos, el Anexo de los Cuchillos, la Casa Grande o Noholn\u00e1, un sacb\u00e9 o camino blanco, un juego de pelota, un conjunto de templos al sur de la Gran Plaza y la Peque\u00f1a Acr\u00f3polis, entre otros.<\/p>\n<p>Traslado al aeropuerto de Campeche.[\/vc_column_text][\/vc_tta_section][\/vc_tta_tabs][\/vc_column][\/vc_row]<\/p>\n<\/div>","protected":false},"excerpt":{"rendered":"<p>[vc_row][vc_column][\/vc_column][\/vc_row][vc_row][vc_column][vc_tta_tabs color=&#8221;pink&#8221; active_section=&#8221;1&#8243;][vc_tta_section title=&#8221;PAQUETE 1&#8243; tab_id=&#8221;1600265170556-61d7ba19-fb9b&#8221;][vc_column_text] \u00a02 DIAS 1 NOCHE &nbsp; D\u00eda 1 CAMPECHE \/ CITY TOUR Recepci\u00f3n en el aeropuerto de Campeche. Recorrido de la ciudad de Campeche en donde podremos apreciar todos los lugares hist\u00f3ricos que se encuentran dentro de esta ciudad, asi como sus museos y casas de artesanias. Traslado al hotel [&hellip;]<\/p>\n","protected":false},"author":1,"featured_media":0,"parent":0,"menu_order":0,"comment_status":"closed","ping_status":"closed","template":"","meta":{"footnotes":""},"class_list":["post-1845","page","type-page","status-publish","hentry"],"_links":{"self":[{"href":"https:\/\/chiapastodoincluido.com\/sitio\/wp-json\/wp\/v2\/pages\/1845","targetHints":{"allow":["GET"]}}],"collection":[{"href":"https:\/\/chiapastodoincluido.com\/sitio\/wp-json\/wp\/v2\/pages"}],"about":[{"href":"https:\/\/chiapastodoincluido.com\/sitio\/wp-json\/wp\/v2\/types\/page"}],"author":[{"embeddable":true,"href":"https:\/\/chiapastodoincluido.com\/sitio\/wp-json\/wp\/v2\/users\/1"}],"replies":[{"embeddable":true,"href":"https:\/\/chiapastodoincluido.com\/sitio\/wp-json\/wp\/v2\/comments?post=1845"}],"version-history":[{"count":5,"href":"https:\/\/chiapastodoincluido.com\/sitio\/wp-json\/wp\/v2\/pages\/1845\/revisions"}],"predecessor-version":[{"id":1848,"href":"https:\/\/chiapastodoincluido.com\/sitio\/wp-json\/wp\/v2\/pages\/1845\/revisions\/1848"}],"wp:attachment":[{"href":"https:\/\/chiapastodoincluido.com\/sitio\/wp-json\/wp\/v2\/media?parent=1845"}],"curies":[{"name":"wp","href":"https:\/\/api.w.org\/{rel}","templated":true}]}}