{"id":1861,"date":"2020-09-16T14:36:03","date_gmt":"2020-09-16T14:36:03","guid":{"rendered":"https:\/\/chiapastodoincluido.com\/sitio\/?page_id=1861"},"modified":"2020-09-16T14:37:35","modified_gmt":"2020-09-16T14:37:35","slug":"oaxaca","status":"publish","type":"page","link":"https:\/\/chiapastodoincluido.com\/sitio\/oaxaca\/","title":{"rendered":"OAXACA"},"content":{"rendered":"<div class=\"wpb-content-wrapper\"><p>[vc_row][vc_column][\/vc_column][\/vc_row][vc_row][vc_column][vc_tta_tabs color=&#8221;violet&#8221; active_section=&#8221;1&#8243;][vc_tta_section title=&#8221;PAQUETE 1&#8243; tab_id=&#8221;1600266886730-3562722b-c8a2&#8243;][vc_column_text]<strong>D\u00eda 1<\/strong><br \/>\n<strong>OAXACA<\/strong><br \/>\nRecepci\u00f3n en el aeropuerto de Oaxaca.<br \/>\nPosteriormente nos trasladaremos al hotel.<br \/>\nTarde libre para disfrutar de la maravillosa ciudad de Oaxaca.<br \/>\nPernocta.<\/p>\n<p><strong>D\u00eda 2<\/strong><br \/>\n<strong>OAXACA \/ MONTE ALB\u00c1N<\/strong><br \/>\nDesayuno en el hotel.<br \/>\nRecepci\u00f3n en el Hotel de Oaxaca, posteriormente nos trasladaremos a la zona arqueol\u00f3gica de Monte Alb\u00e1n, nos impresionaremos por su gran plaza, el juego de pelota, los danzante, la tumba siete y mucho m\u00e1s, luego iremos colina abajo hasta encontrar el poblado de San Antonio Arrazola comunidad<\/p>\n<p>Regreso al hotel de Oaxaca.<\/p>\n<p><strong>D\u00eda 3<\/strong><br \/>\n<strong>OAXACA \/ TULE \/ HIERVE EL AGUA \/ MITLA \/ OAXACA<\/strong><br \/>\nDesayuno en el hotel.<br \/>\nCita en el lobby del hotel de Oaxaca.<br \/>\nTraslado al \u00e1rbol del Tule, legendario ahuehuete con m\u00e1s de 2000 a\u00f1os de historia, en seguida visitaremos las cascadas petrificadas, solo hay dos en el mundo Hierve el agua en Oaxaca y Pamukkale en Turqu\u00eda. Continuaremos el tour con la visita a la zona arqueol\u00f3gica de Mitla \u201cLa ciudad de los muertos\u201d, edificada por los mixtecos, donde admiraremos el sincretismo de sus edificaciones en paredes adornadas con grecas de piedra.<br \/>\nPosteriormente degustaremos un rico mezcal, mientras conocemos su proceso artesanal de elaboraci\u00f3n degustacion<br \/>\nRegreso al hotel de Oaxaca.<\/p>\n<p><strong>D\u00eda 4<\/strong><br \/>\n<strong>OAXACA \/ AEROPUERTO DE OAXACA<\/strong><br \/>\nDesayuno en el Hotel.<br \/>\nTraslado al aeropuerto de Oaxaca seg\u00fan hora asignada.<br \/>\nFin de nuestros servicios.[\/vc_column_text][vc_row_inner][vc_column_inner][\/vc_column_inner][\/vc_row_inner][\/vc_tta_section][vc_tta_section title=&#8221;PAQUETE 2&#8243; tab_id=&#8221;1600266886746-b9d881fc-e5d6&#8243;][vc_column_text]<\/p>\n<h2>5 D\u00cdA\u00a0 4 NOCHES OAXACA<\/h2>\n<p>&nbsp;<\/p>\n<p><strong>D\u00eda 1<\/strong><br \/>\n<strong>OAXACA<\/strong><br \/>\nRecepci\u00f3n en el aeropuerto de Oaxaca.<br \/>\nPosteriormente nos trasladaremos al hotel.<br \/>\nTarde libre para disfrutar de la maravillosa ciudad de Oaxaca.<br \/>\nPernocta.<\/p>\n<p><strong>D\u00eda 2<\/strong><br \/>\n<strong>OAXACA \/ CITY TOUR \/ OAXACA<\/strong><br \/>\nDesayuno en el hotel.<br \/>\nTraslado al centro de la ciudad, posteriormente haremos el city tour por los puntos de inter\u00e9s por la ciudad (A pie), donde a trav\u00e9s de sabores, colores, aromas y cantera verde vamos descubriendo la historia de nuestra hermosa Oaxaca, recorreremos el z\u00f3calo de la ciudad<br \/>\nRegreso al Hotel o si lo prefiere se deja en el centro.<\/p>\n<p><strong>D\u00eda 3<\/strong><br \/>\n<strong>OAXACA \/ MONTE ALB\u00c1N \/ ARRAZOLA \/ OAXACA<\/strong><br \/>\nDesayuno en el hotel.<br \/>\nRecepci\u00f3n en el Hotel de Oaxaca, posteriormente nos trasladaremos a la zona arqueol\u00f3gica de Monte Alb\u00e1n, nos impresionaremos por su gran plaza, el juego de pelota, los danzante, la tumba siete y mucho m\u00e1s, luego iremos colina abajo hasta encontrar el poblado de San Antonio<\/p>\n<p>Regreso al hotel de Oaxaca.<\/p>\n<p><strong>D\u00eda 4<\/strong><br \/>\n<strong>OAXACA \/ TULE \/ MITLA \/ OAXACA<\/strong><br \/>\nDesayuno en el hotel.<br \/>\nCita en el lobby del hotel de Oaxaca.<br \/>\nTraslado al \u00e1rbol del Tule, legendario ahuehuete con m\u00e1s de 2000 a\u00f1os de historia, en seguida visitaremos las cascadas petrificadas, solo hay dos en el mundo Hierve el agua en Oaxaca y Pamukkale en Turqu\u00eda. Continuaremos el tour con la visita a la zona arqueol\u00f3gica de Mitla \u201cLa ciudad de los muertos\u201d, edificada por los mixtecos, donde admiraremos el sincretismo de sus edificaciones en paredes adornadas con grecas de piedra.<br \/>\nRegreso al hotel de Oaxaca.<\/p>\n<p><strong>D\u00eda 5<\/strong><br \/>\n<strong>OAXACA \/ AEROPUERTO DE OAXACA<\/strong><br \/>\nDesayuno en el Hotel.<br \/>\nTraslado al aeropuerto de Oaxaca seg\u00fan hora asignada.<br \/>\nFin de nuestros servicios.<\/p>\n<p>[\/vc_column_text][\/vc_tta_section][\/vc_tta_tabs][\/vc_column][\/vc_row]<\/p>\n<\/div>","protected":false},"excerpt":{"rendered":"<p>[vc_row][vc_column][\/vc_column][\/vc_row][vc_row][vc_column][vc_tta_tabs color=&#8221;violet&#8221; active_section=&#8221;1&#8243;][vc_tta_section title=&#8221;PAQUETE 1&#8243; tab_id=&#8221;1600266886730-3562722b-c8a2&#8243;][vc_column_text]D\u00eda 1 OAXACA Recepci\u00f3n en el aeropuerto de Oaxaca. Posteriormente nos trasladaremos al hotel. Tarde libre para disfrutar de la maravillosa ciudad de Oaxaca. Pernocta. D\u00eda 2 OAXACA \/ MONTE ALB\u00c1N Desayuno en el hotel. Recepci\u00f3n en el Hotel de Oaxaca, posteriormente nos trasladaremos a la zona arqueol\u00f3gica de Monte [&hellip;]<\/p>\n","protected":false},"author":1,"featured_media":0,"parent":0,"menu_order":0,"comment_status":"closed","ping_status":"closed","template":"","meta":{"footnotes":""},"class_list":["post-1861","page","type-page","status-publish","hentry"],"_links":{"self":[{"href":"https:\/\/chiapastodoincluido.com\/sitio\/wp-json\/wp\/v2\/pages\/1861","targetHints":{"allow":["GET"]}}],"collection":[{"href":"https:\/\/chiapastodoincluido.com\/sitio\/wp-json\/wp\/v2\/pages"}],"about":[{"href":"https:\/\/chiapastodoincluido.com\/sitio\/wp-json\/wp\/v2\/types\/page"}],"author":[{"embeddable":true,"href":"https:\/\/chiapastodoincluido.com\/sitio\/wp-json\/wp\/v2\/users\/1"}],"replies":[{"embeddable":true,"href":"https:\/\/chiapastodoincluido.com\/sitio\/wp-json\/wp\/v2\/comments?post=1861"}],"version-history":[{"count":3,"href":"https:\/\/chiapastodoincluido.com\/sitio\/wp-json\/wp\/v2\/pages\/1861\/revisions"}],"predecessor-version":[{"id":1864,"href":"https:\/\/chiapastodoincluido.com\/sitio\/wp-json\/wp\/v2\/pages\/1861\/revisions\/1864"}],"wp:attachment":[{"href":"https:\/\/chiapastodoincluido.com\/sitio\/wp-json\/wp\/v2\/media?parent=1861"}],"curies":[{"name":"wp","href":"https:\/\/api.w.org\/{rel}","templated":true}]}}