{"id":1866,"date":"2020-09-16T14:39:09","date_gmt":"2020-09-16T14:39:09","guid":{"rendered":"https:\/\/chiapastodoincluido.com\/sitio\/?page_id=1866"},"modified":"2020-09-16T14:52:56","modified_gmt":"2020-09-16T14:52:56","slug":"quintana-roo","status":"publish","type":"page","link":"https:\/\/chiapastodoincluido.com\/sitio\/quintana-roo\/","title":{"rendered":"QUINTANA ROO"},"content":{"rendered":"<div class=\"wpb-content-wrapper\"><p>[vc_row][vc_column][\/vc_column][\/vc_row][vc_row][vc_column][vc_tta_tabs color=&#8221;blue&#8221; active_section=&#8221;1&#8243;][vc_tta_section title=&#8221;PAQUETE 1&#8243; tab_id=&#8221;1600267118682-c67c9748-ab7c&#8221;][vc_column_text]<\/p>\n<h2>5 DIAS 4 NOCHES.<\/h2>\n<p>&nbsp;<\/p>\n<p><strong>D\u00cdA 1: CIUDAD DE ORIGEN\/CHETUMAL<\/strong><br \/>\nAsistencia en el aeropuerto y traslado al hotel y por la tarde se har\u00e1 un recorrido de Ciudad con una visita al Museo de la Cultura Maya, considerado el lugar ideal para iniciar un recorrido por el Mundo Maya, daremos inicio a este incre\u00edble paseo. Visitaremos el amplio Boulevard en donde podremos disfrutar de la brisa que nos regala la Bah\u00eda de Chetumal, pasando por la Universidad de Quintana Roo, retornando hacia el centro de la ciudad, conoceremos tambi\u00e9n el Palacio de Gobierno y el Centro Cultural de las Bellas Artes , uno de los edificios m\u00e1s antiguos y de arquitectura peculiar; a nuestro paso disfrutaremos de parques, fuentes, monumentos, murales y las t\u00edpicas casitas de madera aun habitadas en el centro hist\u00f3rico de Chetumal alojamiento.<\/p>\n<p><strong>D\u00cdA 2: CHETUMAL<\/strong><br \/>\nDesayuno y a las 9:00 a.m. nos trasladaremos a los sitios arqueol\u00f3gicos de Kohunlich y Dzibanche para hacer un recorrido por las majestuosas ciudades mayas que durante su apogeo fueron importantes centros urbanos. regreso al hotel y alojamiento.<\/p>\n<p><strong>D\u00cdA 3: CHETUMAL (R\u00cdO BEC<\/strong>)<br \/>\nSalida a las 7:00 a.m. en los l\u00edmites del Estado de Campeche con Quintana Roo, visitaremos tres majestuosas zonas arqueol\u00f3gicas del estilo arquitect\u00f3nico R\u00edo Bec: Xpuhil, Bec\u00e1n y Chicann\u00e1. Durante nuestra traves\u00eda conoceremos diversas poblaciones mayas asentadas cerca de los sitios y rodeados por la maravillosa selva. Xpuhil, es conocida mundialmente por sus tres torres ornamentales de mamposter\u00eda construidas a modo de pir\u00e1mides, cuya edificaci\u00f3n puede fecharse hacia los a\u00f1os 800 a 850 d. C. Bec\u00e1n, es la principal zona arqueol\u00f3gica de la regi\u00f3n debido a sus monumentales edificios, entre los que destacan el juego de pelota y el observatorio. Regreso al hotel. Box Lunch. Alojamiento.<\/p>\n<p><strong>D\u00cdA 4: CHETUMAL BACALAR FUERTE SAN FELIPE<\/strong><br \/>\nDesayuno y a las 8:00 a.m., salida hacia a Bacalar, ah\u00ed visitaremos el Fuerte de san Felipe, enclavado en el centro del poblado y construido en el siglo XVII, ejemplo de la arquitectura militar novo hispana que serv\u00eda de protecci\u00f3n contra los ataques piratas. Esta construcci\u00f3n cuenta con una panor\u00e1mica privilegiada que da la incomparable laguna de Bacalar, tambi\u00e9n conocida como laguna de los sietes colores. Se prev\u00e9 tiempo disfrutar de la laguna. Pr\u00f3ximo a Bacalar se encuentra el Cenote Azul, imponente por el azul intenso y la profundidad de sus aguas, regreso al hotel y alojamiento.<\/p>\n<p><strong>D\u00cdA 5: CHETUMAL\/CIUDAD DE ORIGEN<\/strong>[\/vc_column_text][\/vc_tta_section][vc_tta_section title=&#8221;PAQUETE 2&#8243; tab_id=&#8221;1600267118694-1ff7cef1-08bc&#8221;][vc_column_text]<\/p>\n<h2>4 DIAS 3 NOCHES<\/h2>\n<p>&nbsp;<\/p>\n<p><strong>D\u00cdA 1: CIUDAD DE ORIGEN\/CHETUMAL<\/strong><br \/>\nAsistencia en el aeropuerto y traslado al hotel y por la tarde se har\u00e1 un recorrido de Ciudad con una visita al Museo de la Cultura Maya, considerado el lugar ideal para iniciar un recorrido por el Mundo Maya, daremos inicio a este incre\u00edble paseo. Visitaremos el amplio Boulevard en donde podremos disfrutar de la brisa que nos regala la Bah\u00eda de Chetumal, pasando por la Universidad de Quintana Roo, retornando hacia el centro de la ciudad<\/p>\n<p><strong>D\u00cdA 2: CHETUMAL (BACALAR EN LANCHA)<\/strong><br \/>\nDesayuno y salida donde disfrutaremos durante dos horas de un recorrido en pont\u00f3n por la bella laguna de Bacalar, pasaremos por los canales y por dos cenotes en medio de la laguna, llegaremos hasta el \u00e1rea de los r\u00e1pidos, cerca de donde se ubican los estromatolitos o microbiol\u00edtos. Los estromatolitos son una de las formas de vida m\u00e1s antiguas de la tierra. Hace unos 3500 millones de a\u00f1os, cuando en los oc\u00e9anos ya exist\u00edan millones de c\u00e9lulas vivas, aparecieron los estromatolitos. En la actualidad los estromatolitos, solo se forman en algunos raros por supuesto en la bell\u00edsima Laguna de Bacalar. Regreso al hotel. Alojamiento.<\/p>\n<p><strong>D\u00cdA 3: CHETUMAL<\/strong><br \/>\nSalida a las 7:00 a.m. e intern\u00e1ndonos al vecino pa\u00eds Belice llegamos zona libre belice compras<br \/>\nEn caso de requerir visa (se tramitar\u00e1 un d\u00eda antes de salida bajo responsabilidad y cargo del cliente).<\/p>\n<p><strong>D\u00cdA 4: CHETUMAL\/CIUDAD DE ORIGEN<\/strong>[\/vc_column_text][\/vc_tta_section][vc_tta_section title=&#8221;PAQUETE 3&#8243; tab_id=&#8221;1600267272329-78d8fd4d-2801&#8243;][vc_column_text]<\/p>\n<h2>6 DIAS CHETUMAL BACALAR MAHAHUAL<\/h2>\n<p>&nbsp;<\/p>\n<p><strong>D\u00cdA 1: CIUDAD DE ORIGEN\/CHETUMAL<\/strong><br \/>\nAsistencia en el aeropuerto o terminal de autobuses de Chetumal y traslado al hotel, tarde libre y alojamiento.<\/p>\n<p><strong>D\u00cdA 2: CHETUMAL (FELIPE CARRILLO PUERTO, TIHOSUCO, CENOTE AZUL, LAGUNA DE BACALAR)<\/strong><br \/>\nDesayuno y salida de la ciudad de Chetumal a las 8:00 a.m. para llegar a la ciudad de Felipe Carrillo Puerto, en donde se visitar\u00e1 una casa de artesanos mayas que trabajan la madera, la cester\u00eda y el bordado. Continuaremos al poblado de Tihosuco, visitaremos su museo, en donde tendremos un amplio panorama de la llamada Guerra de Castas, al regreso a Chetumal, haremos una parada en el majestuoso Cenote Azul, cuerpo de agua con aproximadamente 90 metros de profundidad, en medio de una abundante vegetaci\u00f3n tropical y comeremos (no incluido) en alg\u00fan restaurante a orillas de la laguna de Bacalar, regreso y alojamiento.<br \/>\n* Conozca la historia de ciudades que actualmente muestran en algunas construcciones los estragos dejados por la Guerra de Castas que dur\u00f3 50 a\u00f1os, en la que los mayas pelearon por defender y conservar sus tierras, costumbres y creencias religiosas. Adem\u00e1s conozca a los actuales mayas, su cultura y sus bellos pueblos, tranquilos y hospitalarios. *<\/p>\n<p><strong>D\u00cdA 3: CHETUMAL (RESERVA DE LA BIOSFERA DE CALAKMUL)<\/strong><br \/>\nDesayuno y salida hacia la Reserva de la Biosfera de Calakmul, importante sitio arqueol\u00f3gico en donde es probable encontrar majestuosas aves y algunos mam\u00edferos peque\u00f1os t\u00edpicos de la selva as\u00ed como una gran variedad de plantas y \u00e1rboles, desde que vas entrando a esta extensa reserva, presenciar\u00e1s de fauna salvaje, te encontrar\u00e1s en tu camino guajolotes silvestres, si tienes suerte podr\u00e1s ver a los monos aulladores y caminando entre una y otra colina te encontrar\u00e1s con sus maravillosos templos, regreso y alojamiento.<\/p>\n<p><strong>D\u00cdA 4: CHETUMAL (RECORRIDO DE CIUDAD)<\/strong><br \/>\nDesayuno y recorrido de Ciudad, con una visita al Museo de la Cultura Maya, considerado el lugar ideal para iniciar un recorrido por el Mundo Maya, daremos inicio a este incre\u00edble paseo. Visitaremos el amplio Boulevard en donde podremos disfrutar de la brisa que nos regala la Bah\u00eda de Chetumal, pasando por la Universidad de Quintana Roo, retornando hacia el centro de la ciudad, conoceremos tambi\u00e9n el Palacio de Gobierno y el Centro Cultural de las Bellas Artes , uno de los edificios m\u00e1s antiguos y de arquitectura peculiar; a nuestro paso disfrutaremos de parques, fuentes, monumentos, murales y las t\u00edpicas casitas de madera a\u00fan habitadas en el centro hist\u00f3rico de Chetumal, que hablan de la historia de este noble pueblo. Incluimos visita al zool\u00f3gico y el planetario y alojamiento.<\/p>\n<p><strong>D\u00cdA 5: CHETUMAL- MAHAHUAL<\/strong><br \/>\nDesayuno y salida hacia Mahahual. D\u00eda libre y alojamiento, est\u00e1 muy cercano el Banco Chinchorro, un atol\u00f3n coralino declarado reserva natural y la segunda barrera de arrecife m\u00e1s grande del mundo (despu\u00e9s de la Gran barrera de coral en Australia). Este arrecife se sit\u00faa en el Mar Caribe frente a las costas de Quintana Roo y Belice, teniendo una enorme biodiversidad sumamente atractiva para bucear en ella. As\u00ed mismo se encuentra rodeada por grandes extensiones de selva virgen. Hermoso lugar paradisiaco, donde encontrar\u00e1s esa tranquilidad al observar el color de sus aguas y su encanto al interactuar con su flora y fauna y alojamiento.<\/p>\n<p><strong>D\u00cdA 6: MAHAHUAL- CHETUMAL\/CIUDAD DE ORIGEN<\/strong><br \/>\nTraslado al aeropuerto y fin de nuestros servicios.[\/vc_column_text][\/vc_tta_section][\/vc_tta_tabs][\/vc_column][\/vc_row]<\/p>\n<\/div>","protected":false},"excerpt":{"rendered":"<p>[vc_row][vc_column][\/vc_column][\/vc_row][vc_row][vc_column][vc_tta_tabs color=&#8221;blue&#8221; active_section=&#8221;1&#8243;][vc_tta_section title=&#8221;PAQUETE 1&#8243; tab_id=&#8221;1600267118682-c67c9748-ab7c&#8221;][vc_column_text] 5 DIAS 4 NOCHES. &nbsp; D\u00cdA 1: CIUDAD DE ORIGEN\/CHETUMAL Asistencia en el aeropuerto y traslado al hotel y por la tarde se har\u00e1 un recorrido de Ciudad con una visita al Museo de la Cultura Maya, considerado el lugar ideal para iniciar un recorrido por el Mundo Maya, [&hellip;]<\/p>\n","protected":false},"author":1,"featured_media":0,"parent":0,"menu_order":0,"comment_status":"closed","ping_status":"closed","template":"","meta":{"footnotes":""},"class_list":["post-1866","page","type-page","status-publish","hentry"],"_links":{"self":[{"href":"https:\/\/chiapastodoincluido.com\/sitio\/wp-json\/wp\/v2\/pages\/1866","targetHints":{"allow":["GET"]}}],"collection":[{"href":"https:\/\/chiapastodoincluido.com\/sitio\/wp-json\/wp\/v2\/pages"}],"about":[{"href":"https:\/\/chiapastodoincluido.com\/sitio\/wp-json\/wp\/v2\/types\/page"}],"author":[{"embeddable":true,"href":"https:\/\/chiapastodoincluido.com\/sitio\/wp-json\/wp\/v2\/users\/1"}],"replies":[{"embeddable":true,"href":"https:\/\/chiapastodoincluido.com\/sitio\/wp-json\/wp\/v2\/comments?post=1866"}],"version-history":[{"count":9,"href":"https:\/\/chiapastodoincluido.com\/sitio\/wp-json\/wp\/v2\/pages\/1866\/revisions"}],"predecessor-version":[{"id":1875,"href":"https:\/\/chiapastodoincluido.com\/sitio\/wp-json\/wp\/v2\/pages\/1866\/revisions\/1875"}],"wp:attachment":[{"href":"https:\/\/chiapastodoincluido.com\/sitio\/wp-json\/wp\/v2\/media?parent=1866"}],"curies":[{"name":"wp","href":"https:\/\/api.w.org\/{rel}","templated":true}]}}