{"id":1885,"date":"2020-09-17T15:00:10","date_gmt":"2020-09-17T15:00:10","guid":{"rendered":"https:\/\/chiapastodoincluido.com\/sitio\/?page_id=1885"},"modified":"2023-09-20T11:38:28","modified_gmt":"2023-09-20T16:38:28","slug":"huatulco-2","status":"publish","type":"page","link":"https:\/\/chiapastodoincluido.com\/sitio\/huatulco-2\/","title":{"rendered":"HUATULCO"},"content":{"rendered":"<div class=\"wpb-content-wrapper\"><p>[vc_row][vc_column][vc_custom_heading text=&#8221;TOURS DE HUATULCO&#8221; font_container=&#8221;tag:h2|text_align:center&#8221;][vc_empty_space][vc_column_text]Huatulco, como destino tur\u00edstico, fue creado hace 39 a\u00f1os por el Fondo Nacional del Turismo, (FONATUR). Luego de estudiar el territorio y tras haberse concluido las carreteras Puerto Escondido-Salina Cruz y Oaxaca-Pochutla, se decidi\u00f3 que el complejo estar\u00eda integrado por nueve encantadoras bah\u00edas: San Agust\u00edn, Chachacual, Cacaluta, Maguey, El \u00d3rgano, Santa Cruz, Chahu\u00e9, Tangolunda y Conejos.<\/p>\n<div>\n<p>A 277 kil\u00f3metros de la capital de\u00a0<a id=\"m_-1224549166359206529OWA678f8a18-e19f-b2eb-0913-a0d33625610f\" href=\"https:\/\/www.visitmexico.com\/oaxaca\/oaxaca\" target=\"_blank\" rel=\"noopener\" data-saferedirecturl=\"https:\/\/www.google.com\/url?q=https:\/\/www.visitmexico.com\/oaxaca\/oaxaca&amp;source=gmail&amp;ust=1695176148239000&amp;usg=AOvVaw3REGf_OTpTEo9moM9-E8-t\">Oaxaca\u00a0<\/a>y con la imponente\u00a0Sierra Madre\u00a0del sur como tel\u00f3n de fondo, en\u00a0Huatulco\u00a0encuentras 36\u00a0playas de arena dorada\u00a0y un\u00a0clima tropical\u00a0casi todo el a\u00f1o que te permite realizar actividades, como: excursiones en kayak, paseos en catamar\u00e1n, esn\u00f3rquel y buceo para sumergirse entre restos de barcos hundidos o apreciar el arrecife, as\u00ed como expediciones a cascadas y paseos a caballo.<\/p>\n<p>No te pierdas el amanecer en\u00a0Bah\u00eda Conejos; el cielo se pinta de naranjas y morados, la escena es tan espectacular que los lugare\u00f1os acostumbran a reunirse en la playa para darle la bienvenida al primer d\u00eda del a\u00f1o<\/p>\n<\/div>\n<p>[\/vc_column_text][vc_single_image image=&#8221;2153&#8243; img_size=&#8221;full&#8221; alignment=&#8221;center&#8221;][\/vc_column][\/vc_row][vc_row][vc_column][vc_empty_space][vc_column_text]Le ofrecemos las mejores ofertas de paquetes de vacaciones todo inclu\u00eddo en todos los destinos de M\u00e9xico, as\u00ed como paquetes de viaje y hotel, hoteles todo incluido, ofertas de vuelo con hotel, paquetes de hoteles de lujo, ofertas de viajes y hoteles baratos todo incluido a los mejores precios en l\u00ednea.<\/p>\n<p>Aproveche nuestra variedad de paquetes de viaje y hoteles todo incluido, desde hoteles de cinco estrellas a los hoteles m\u00e1s baratos en los mejores destinos de M\u00e9xico.[\/vc_column_text][\/vc_column][\/vc_row][vc_row][vc_column][vc_column_text]<\/p>\n<h2 style=\"text-align: center;\"><span style=\"color: #ff6600;\">Lo mejor de estar ac\u00e1 es disfrutar y saber que no tienes por que preocuparte ya que los hoteles asociados manejan servicio TODO INCLUIDO.<\/span><\/h2>\n<p>[\/vc_column_text][vc_images_carousel images=&#8221;1893,1894,1895,1896,1897&#8243; img_size=&#8221;full&#8221; slides_per_view=&#8221;4&#8243; autoplay=&#8221;yes&#8221; wrap=&#8221;yes&#8221;][\/vc_column][\/vc_row][vc_row][vc_column][vc_single_image image=&#8221;1901&#8243; img_size=&#8221;full&#8221;][\/vc_column][\/vc_row]<\/p>\n<\/div>","protected":false},"excerpt":{"rendered":"<p>[vc_row][vc_column][vc_custom_heading text=&#8221;TOURS DE HUATULCO&#8221; font_container=&#8221;tag:h2|text_align:center&#8221;][vc_empty_space][vc_column_text]Huatulco, como destino tur\u00edstico, fue creado hace 39 a\u00f1os por el Fondo Nacional del Turismo, (FONATUR). Luego de estudiar el territorio y tras haberse concluido las carreteras Puerto Escondido-Salina Cruz y Oaxaca-Pochutla, se decidi\u00f3 que el complejo estar\u00eda integrado por nueve encantadoras bah\u00edas: San Agust\u00edn, Chachacual, Cacaluta, Maguey, El \u00d3rgano, Santa [&hellip;]<\/p>\n","protected":false},"author":1,"featured_media":0,"parent":0,"menu_order":0,"comment_status":"closed","ping_status":"closed","template":"","meta":{"footnotes":""},"class_list":["post-1885","page","type-page","status-publish","hentry"],"_links":{"self":[{"href":"https:\/\/chiapastodoincluido.com\/sitio\/wp-json\/wp\/v2\/pages\/1885","targetHints":{"allow":["GET"]}}],"collection":[{"href":"https:\/\/chiapastodoincluido.com\/sitio\/wp-json\/wp\/v2\/pages"}],"about":[{"href":"https:\/\/chiapastodoincluido.com\/sitio\/wp-json\/wp\/v2\/types\/page"}],"author":[{"embeddable":true,"href":"https:\/\/chiapastodoincluido.com\/sitio\/wp-json\/wp\/v2\/users\/1"}],"replies":[{"embeddable":true,"href":"https:\/\/chiapastodoincluido.com\/sitio\/wp-json\/wp\/v2\/comments?post=1885"}],"version-history":[{"count":12,"href":"https:\/\/chiapastodoincluido.com\/sitio\/wp-json\/wp\/v2\/pages\/1885\/revisions"}],"predecessor-version":[{"id":2172,"href":"https:\/\/chiapastodoincluido.com\/sitio\/wp-json\/wp\/v2\/pages\/1885\/revisions\/2172"}],"wp:attachment":[{"href":"https:\/\/chiapastodoincluido.com\/sitio\/wp-json\/wp\/v2\/media?parent=1885"}],"curies":[{"name":"wp","href":"https:\/\/api.w.org\/{rel}","templated":true}]}}