{"id":1907,"date":"2020-09-18T17:45:02","date_gmt":"2020-09-18T17:45:02","guid":{"rendered":"https:\/\/chiapastodoincluido.com\/sitio\/?page_id=1907"},"modified":"2020-09-18T17:45:02","modified_gmt":"2020-09-18T17:45:02","slug":"cascada-las-nubes-y-pueblo-magico-de-comitan","status":"publish","type":"page","link":"https:\/\/chiapastodoincluido.com\/sitio\/cascada-las-nubes-y-pueblo-magico-de-comitan\/","title":{"rendered":"CASCADA LAS NUBES Y PUEBLO M\u00c1GICO DE COMIT\u00c1N"},"content":{"rendered":"<div class=\"wpb-content-wrapper\"><p>[vc_row][vc_column][vc_column_text]Disfruta de la belleza de estas cascadas ubicadas en la Reserva de Montes Azules, en la Selva Lacandona y visita El Pueblo M\u00e1gico de Comit\u00e1n de Dom\u00ednguez. Las Nubes se localizan a 3 horas de la ciudad de Comit\u00e1n y son un conjunto de Cascadas y pozas naturales que forma en su curso el r\u00edo Sto. Domingo tiempo para nadar hacer caminata en el sendero comer y retorno hotel[\/vc_column_text][\/vc_column][\/vc_row]<\/p>\n<\/div>","protected":false},"excerpt":{"rendered":"<p>[vc_row][vc_column][vc_column_text]Disfruta de la belleza de estas cascadas ubicadas en la Reserva de Montes Azules, en la Selva Lacandona y visita El Pueblo M\u00e1gico de Comit\u00e1n de Dom\u00ednguez. Las Nubes se localizan a 3 horas de la ciudad de Comit\u00e1n y son un conjunto de Cascadas y pozas naturales que forma en su curso el r\u00edo [&hellip;]<\/p>\n","protected":false},"author":1,"featured_media":1908,"parent":0,"menu_order":0,"comment_status":"closed","ping_status":"closed","template":"","meta":{"footnotes":""},"class_list":["post-1907","page","type-page","status-publish","has-post-thumbnail","hentry"],"_links":{"self":[{"href":"https:\/\/chiapastodoincluido.com\/sitio\/wp-json\/wp\/v2\/pages\/1907","targetHints":{"allow":["GET"]}}],"collection":[{"href":"https:\/\/chiapastodoincluido.com\/sitio\/wp-json\/wp\/v2\/pages"}],"about":[{"href":"https:\/\/chiapastodoincluido.com\/sitio\/wp-json\/wp\/v2\/types\/page"}],"author":[{"embeddable":true,"href":"https:\/\/chiapastodoincluido.com\/sitio\/wp-json\/wp\/v2\/users\/1"}],"replies":[{"embeddable":true,"href":"https:\/\/chiapastodoincluido.com\/sitio\/wp-json\/wp\/v2\/comments?post=1907"}],"version-history":[{"count":1,"href":"https:\/\/chiapastodoincluido.com\/sitio\/wp-json\/wp\/v2\/pages\/1907\/revisions"}],"predecessor-version":[{"id":1909,"href":"https:\/\/chiapastodoincluido.com\/sitio\/wp-json\/wp\/v2\/pages\/1907\/revisions\/1909"}],"wp:featuredmedia":[{"embeddable":true,"href":"https:\/\/chiapastodoincluido.com\/sitio\/wp-json\/wp\/v2\/media\/1908"}],"wp:attachment":[{"href":"https:\/\/chiapastodoincluido.com\/sitio\/wp-json\/wp\/v2\/media?parent=1907"}],"curies":[{"name":"wp","href":"https:\/\/api.w.org\/{rel}","templated":true}]}}