{"id":1911,"date":"2020-09-18T17:46:48","date_gmt":"2020-09-18T17:46:48","guid":{"rendered":"https:\/\/chiapastodoincluido.com\/sitio\/?page_id=1911"},"modified":"2020-09-18T17:53:26","modified_gmt":"2020-09-18T17:53:26","slug":"guacamayas","status":"publish","type":"page","link":"https:\/\/chiapastodoincluido.com\/sitio\/guacamayas\/","title":{"rendered":"GUACAMAYAS"},"content":{"rendered":"<p>Nos trasladamos desde tuxtla o san cristobal de las casas en el margen del R\u00edo Lacant\u00fan colindante con la Reserva de la Bi\u00f3sfera Montes Azules. Navegaremos sobre el r\u00edo lacant\u00fan apreciando la flora y fauna de la Selva, y podr\u00e1s tomar conciencia de esta aventura..<\/p>\n","protected":false},"excerpt":{"rendered":"<p>Nos trasladamos desde tuxtla o san cristobal de las casas en el margen del R\u00edo Lacant\u00fan colindante con la Reserva de la Bi\u00f3sfera Montes Azules. Navegaremos sobre el r\u00edo lacant\u00fan apreciando la flora y fauna de la Selva, y podr\u00e1s tomar conciencia de esta aventura..<\/p>\n","protected":false},"author":1,"featured_media":1913,"parent":0,"menu_order":0,"comment_status":"closed","ping_status":"closed","template":"","meta":{"footnotes":""},"class_list":["post-1911","page","type-page","status-publish","has-post-thumbnail","hentry"],"_links":{"self":[{"href":"https:\/\/chiapastodoincluido.com\/sitio\/wp-json\/wp\/v2\/pages\/1911","targetHints":{"allow":["GET"]}}],"collection":[{"href":"https:\/\/chiapastodoincluido.com\/sitio\/wp-json\/wp\/v2\/pages"}],"about":[{"href":"https:\/\/chiapastodoincluido.com\/sitio\/wp-json\/wp\/v2\/types\/page"}],"author":[{"embeddable":true,"href":"https:\/\/chiapastodoincluido.com\/sitio\/wp-json\/wp\/v2\/users\/1"}],"replies":[{"embeddable":true,"href":"https:\/\/chiapastodoincluido.com\/sitio\/wp-json\/wp\/v2\/comments?post=1911"}],"version-history":[{"count":1,"href":"https:\/\/chiapastodoincluido.com\/sitio\/wp-json\/wp\/v2\/pages\/1911\/revisions"}],"predecessor-version":[{"id":1914,"href":"https:\/\/chiapastodoincluido.com\/sitio\/wp-json\/wp\/v2\/pages\/1911\/revisions\/1914"}],"wp:featuredmedia":[{"embeddable":true,"href":"https:\/\/chiapastodoincluido.com\/sitio\/wp-json\/wp\/v2\/media\/1913"}],"wp:attachment":[{"href":"https:\/\/chiapastodoincluido.com\/sitio\/wp-json\/wp\/v2\/media?parent=1911"}],"curies":[{"name":"wp","href":"https:\/\/api.w.org\/{rel}","templated":true}]}}