{"id":1916,"date":"2020-09-18T17:48:17","date_gmt":"2020-09-18T17:48:17","guid":{"rendered":"https:\/\/chiapastodoincluido.com\/sitio\/?page_id=1916"},"modified":"2020-09-18T17:48:17","modified_gmt":"2020-09-18T17:48:17","slug":"yaxchilan-y-bonampak","status":"publish","type":"page","link":"https:\/\/chiapastodoincluido.com\/sitio\/yaxchilan-y-bonampak\/","title":{"rendered":"YAXCHIL\u00c1N Y BONAMPAK"},"content":{"rendered":"<div class=\"wpb-content-wrapper\"><p>[vc_row][vc_column][vc_column_text]Saliendo de palenque nos trasladamos a parador para desayunar salida 6 am Visita a las Ruinas de Yaxchil\u00e1n, un recorrido en lancha por el impresionante r\u00edo Usumacinta y visita a Bonampak, admirando todo el pasado de los Mayas. \u00bfQu\u00e9 esperas? Vive esta experiencia. Visita a las Ruinas de Yaxchil\u00e1n inmerso en la vegetaci\u00f3n exuberante de la selva ,un recorrido en lancha por el impresionante r\u00edo Usumacinta y posteriormente visita a Bonampak , donde podr\u00e1s apreciar los murales pintados[\/vc_column_text][\/vc_column][\/vc_row]<\/p>\n<\/div>","protected":false},"excerpt":{"rendered":"<p>[vc_row][vc_column][vc_column_text]Saliendo de palenque nos trasladamos a parador para desayunar salida 6 am Visita a las Ruinas de Yaxchil\u00e1n, un recorrido en lancha por el impresionante r\u00edo Usumacinta y visita a Bonampak, admirando todo el pasado de los Mayas. \u00bfQu\u00e9 esperas? Vive esta experiencia. Visita a las Ruinas de Yaxchil\u00e1n inmerso en la vegetaci\u00f3n exuberante de [&hellip;]<\/p>\n","protected":false},"author":1,"featured_media":1917,"parent":0,"menu_order":0,"comment_status":"closed","ping_status":"closed","template":"","meta":{"footnotes":""},"class_list":["post-1916","page","type-page","status-publish","has-post-thumbnail","hentry"],"_links":{"self":[{"href":"https:\/\/chiapastodoincluido.com\/sitio\/wp-json\/wp\/v2\/pages\/1916","targetHints":{"allow":["GET"]}}],"collection":[{"href":"https:\/\/chiapastodoincluido.com\/sitio\/wp-json\/wp\/v2\/pages"}],"about":[{"href":"https:\/\/chiapastodoincluido.com\/sitio\/wp-json\/wp\/v2\/types\/page"}],"author":[{"embeddable":true,"href":"https:\/\/chiapastodoincluido.com\/sitio\/wp-json\/wp\/v2\/users\/1"}],"replies":[{"embeddable":true,"href":"https:\/\/chiapastodoincluido.com\/sitio\/wp-json\/wp\/v2\/comments?post=1916"}],"version-history":[{"count":1,"href":"https:\/\/chiapastodoincluido.com\/sitio\/wp-json\/wp\/v2\/pages\/1916\/revisions"}],"predecessor-version":[{"id":1918,"href":"https:\/\/chiapastodoincluido.com\/sitio\/wp-json\/wp\/v2\/pages\/1916\/revisions\/1918"}],"wp:featuredmedia":[{"embeddable":true,"href":"https:\/\/chiapastodoincluido.com\/sitio\/wp-json\/wp\/v2\/media\/1917"}],"wp:attachment":[{"href":"https:\/\/chiapastodoincluido.com\/sitio\/wp-json\/wp\/v2\/media?parent=1916"}],"curies":[{"name":"wp","href":"https:\/\/api.w.org\/{rel}","templated":true}]}}