{"id":1920,"date":"2020-09-18T17:54:23","date_gmt":"2020-09-18T17:54:23","guid":{"rendered":"https:\/\/chiapastodoincluido.com\/sitio\/?page_id=1920"},"modified":"2020-09-18T17:54:23","modified_gmt":"2020-09-18T17:54:23","slug":"sima-de-las-cotorras","status":"publish","type":"page","link":"https:\/\/chiapastodoincluido.com\/sitio\/sima-de-las-cotorras\/","title":{"rendered":"SIMA DE LAS COTORRAS"},"content":{"rendered":"<p>Salida 4 am desde su hotel para visitar la sima de las Cotorras. Si desea ver las cotorras, es necesario salir a<br \/>\nlas 4 am desde el hotel, de lo contrario, 8 am.<br \/>\nLa Sima de Las Cotorras es una extraordinaria formaci\u00f3n natural, cercana al Ca\u00f1\u00f3n R\u00edo La Venta, consistente<br \/>\nen una amplia fosa de 160 metros de di\u00e1metro y profundidad de 140 metros, las paredes son completamente<br \/>\nverticales pero impresionantes. El amante de la aventura encontrar\u00e1 en este sitio interesantes cuevas, vestigios<br \/>\nde pinturas rupestres que fueron realizadas en los escarpados muros de la fosa y una exuberante y bella<br \/>\nvegetaci\u00f3n. Cabe mencionar que estas cotorras solo est\u00e1n por temporadas, de marzo a octubre, despu\u00e9s<br \/>\nemigran, pero ese no es el \u00fanico atractivo, se puede practicar RAPPEL<\/p>\n","protected":false},"excerpt":{"rendered":"<p>Salida 4 am desde su hotel para visitar la sima de las Cotorras. Si desea ver las cotorras, es necesario salir a las 4 am desde el hotel, de lo contrario, 8 am. La Sima de Las Cotorras es una extraordinaria formaci\u00f3n natural, cercana al Ca\u00f1\u00f3n R\u00edo La Venta, consistente en una amplia fosa de [&hellip;]<\/p>\n","protected":false},"author":1,"featured_media":1921,"parent":0,"menu_order":0,"comment_status":"closed","ping_status":"closed","template":"","meta":{"footnotes":""},"class_list":["post-1920","page","type-page","status-publish","has-post-thumbnail","hentry"],"_links":{"self":[{"href":"https:\/\/chiapastodoincluido.com\/sitio\/wp-json\/wp\/v2\/pages\/1920","targetHints":{"allow":["GET"]}}],"collection":[{"href":"https:\/\/chiapastodoincluido.com\/sitio\/wp-json\/wp\/v2\/pages"}],"about":[{"href":"https:\/\/chiapastodoincluido.com\/sitio\/wp-json\/wp\/v2\/types\/page"}],"author":[{"embeddable":true,"href":"https:\/\/chiapastodoincluido.com\/sitio\/wp-json\/wp\/v2\/users\/1"}],"replies":[{"embeddable":true,"href":"https:\/\/chiapastodoincluido.com\/sitio\/wp-json\/wp\/v2\/comments?post=1920"}],"version-history":[{"count":1,"href":"https:\/\/chiapastodoincluido.com\/sitio\/wp-json\/wp\/v2\/pages\/1920\/revisions"}],"predecessor-version":[{"id":1922,"href":"https:\/\/chiapastodoincluido.com\/sitio\/wp-json\/wp\/v2\/pages\/1920\/revisions\/1922"}],"wp:featuredmedia":[{"embeddable":true,"href":"https:\/\/chiapastodoincluido.com\/sitio\/wp-json\/wp\/v2\/media\/1921"}],"wp:attachment":[{"href":"https:\/\/chiapastodoincluido.com\/sitio\/wp-json\/wp\/v2\/media?parent=1920"}],"curies":[{"name":"wp","href":"https:\/\/api.w.org\/{rel}","templated":true}]}}