{"id":1926,"date":"2020-09-18T18:01:40","date_gmt":"2020-09-18T18:01:40","guid":{"rendered":"https:\/\/chiapastodoincluido.com\/sitio\/?page_id=1926"},"modified":"2020-09-18T18:01:40","modified_gmt":"2020-09-18T18:01:40","slug":"caminata-por-la-selva","status":"publish","type":"page","link":"https:\/\/chiapastodoincluido.com\/sitio\/caminata-por-la-selva\/","title":{"rendered":"CAMINATA POR LA SELVA"},"content":{"rendered":"<p>SALIDA DE PALENQUE comenzamos con el traslado a Lacanj\u00e1 Chansayab y sobre la ruta har\u00e1s una parada para desayunar, despu\u00e9s conocer\u00e1s esta imponente selva acompa\u00f1ado por un gu\u00eda lacand\u00f3n, descubrir\u00e1s su extensa vegetaci\u00f3n y vivir\u00e1s la experiencia de adentrarte en esta tupida selva, hogar del poderoso jaguar y muchas especies m\u00e1s. Adem\u00e1s podr\u00e1s conocer sitios in\u00e9ditos como una estructura arqueol\u00f3gica no explorada, adem\u00e1s de fauna, flora y cascadas.<\/p>\n<p>Al finalizar se regresa al campamento lacand\u00f3n para disfrutar de una comida (no incluida) y esperar la camioneta que te regresar\u00e1 a Palenque.<\/p>\n","protected":false},"excerpt":{"rendered":"<p>SALIDA DE PALENQUE comenzamos con el traslado a Lacanj\u00e1 Chansayab y sobre la ruta har\u00e1s una parada para desayunar, despu\u00e9s conocer\u00e1s esta imponente selva acompa\u00f1ado por un gu\u00eda lacand\u00f3n, descubrir\u00e1s su extensa vegetaci\u00f3n y vivir\u00e1s la experiencia de adentrarte en esta tupida selva, hogar del poderoso jaguar y muchas especies m\u00e1s. Adem\u00e1s podr\u00e1s conocer sitios [&hellip;]<\/p>\n","protected":false},"author":1,"featured_media":1927,"parent":0,"menu_order":0,"comment_status":"closed","ping_status":"closed","template":"","meta":{"footnotes":""},"class_list":["post-1926","page","type-page","status-publish","has-post-thumbnail","hentry"],"_links":{"self":[{"href":"https:\/\/chiapastodoincluido.com\/sitio\/wp-json\/wp\/v2\/pages\/1926","targetHints":{"allow":["GET"]}}],"collection":[{"href":"https:\/\/chiapastodoincluido.com\/sitio\/wp-json\/wp\/v2\/pages"}],"about":[{"href":"https:\/\/chiapastodoincluido.com\/sitio\/wp-json\/wp\/v2\/types\/page"}],"author":[{"embeddable":true,"href":"https:\/\/chiapastodoincluido.com\/sitio\/wp-json\/wp\/v2\/users\/1"}],"replies":[{"embeddable":true,"href":"https:\/\/chiapastodoincluido.com\/sitio\/wp-json\/wp\/v2\/comments?post=1926"}],"version-history":[{"count":1,"href":"https:\/\/chiapastodoincluido.com\/sitio\/wp-json\/wp\/v2\/pages\/1926\/revisions"}],"predecessor-version":[{"id":1928,"href":"https:\/\/chiapastodoincluido.com\/sitio\/wp-json\/wp\/v2\/pages\/1926\/revisions\/1928"}],"wp:featuredmedia":[{"embeddable":true,"href":"https:\/\/chiapastodoincluido.com\/sitio\/wp-json\/wp\/v2\/media\/1927"}],"wp:attachment":[{"href":"https:\/\/chiapastodoincluido.com\/sitio\/wp-json\/wp\/v2\/media?parent=1926"}],"curies":[{"name":"wp","href":"https:\/\/api.w.org\/{rel}","templated":true}]}}