{"id":1930,"date":"2020-09-18T18:16:57","date_gmt":"2020-09-18T18:16:57","guid":{"rendered":"https:\/\/chiapastodoincluido.com\/sitio\/?page_id=1930"},"modified":"2020-09-18T18:16:57","modified_gmt":"2020-09-18T18:16:57","slug":"zona-arquelogica-tonina","status":"publish","type":"page","link":"https:\/\/chiapastodoincluido.com\/sitio\/zona-arquelogica-tonina\/","title":{"rendered":"ZONA ARQUELOGICA TONINA"},"content":{"rendered":"<p>Zona Arqueol\u00f3gica Tonin\u00e1- Cascada el Corralito te lleva a la puerta de entrada a la Selva de Chiapas, es uno de los lugares donde se manifiestan los efectos del poder militar de una manera espectacular, sobre una estructura piramidal que se mont\u00f3 sobre el remate de una cordillera que llena de \u00e1rboles, serpentea por el norte del valle de Ocosingo.<\/p>\n<p>SALIMOS MUY TEMPRANO para de ah\u00ed trasladarte hacia la Zona Arqueol\u00f3gica, donde se form\u00f3 un enorme laberinto de \u00e9pocas, templos, palacios y escalinatas que se fueron encimando durante m\u00e1s de mil a\u00f1os de actividad constructiva.<\/p>\n","protected":false},"excerpt":{"rendered":"<p>Zona Arqueol\u00f3gica Tonin\u00e1- Cascada el Corralito te lleva a la puerta de entrada a la Selva de Chiapas, es uno de los lugares donde se manifiestan los efectos del poder militar de una manera espectacular, sobre una estructura piramidal que se mont\u00f3 sobre el remate de una cordillera que llena de \u00e1rboles, serpentea por el [&hellip;]<\/p>\n","protected":false},"author":1,"featured_media":1931,"parent":0,"menu_order":0,"comment_status":"closed","ping_status":"closed","template":"","meta":{"footnotes":""},"class_list":["post-1930","page","type-page","status-publish","has-post-thumbnail","hentry"],"_links":{"self":[{"href":"https:\/\/chiapastodoincluido.com\/sitio\/wp-json\/wp\/v2\/pages\/1930","targetHints":{"allow":["GET"]}}],"collection":[{"href":"https:\/\/chiapastodoincluido.com\/sitio\/wp-json\/wp\/v2\/pages"}],"about":[{"href":"https:\/\/chiapastodoincluido.com\/sitio\/wp-json\/wp\/v2\/types\/page"}],"author":[{"embeddable":true,"href":"https:\/\/chiapastodoincluido.com\/sitio\/wp-json\/wp\/v2\/users\/1"}],"replies":[{"embeddable":true,"href":"https:\/\/chiapastodoincluido.com\/sitio\/wp-json\/wp\/v2\/comments?post=1930"}],"version-history":[{"count":1,"href":"https:\/\/chiapastodoincluido.com\/sitio\/wp-json\/wp\/v2\/pages\/1930\/revisions"}],"predecessor-version":[{"id":1932,"href":"https:\/\/chiapastodoincluido.com\/sitio\/wp-json\/wp\/v2\/pages\/1930\/revisions\/1932"}],"wp:featuredmedia":[{"embeddable":true,"href":"https:\/\/chiapastodoincluido.com\/sitio\/wp-json\/wp\/v2\/media\/1931"}],"wp:attachment":[{"href":"https:\/\/chiapastodoincluido.com\/sitio\/wp-json\/wp\/v2\/media?parent=1930"}],"curies":[{"name":"wp","href":"https:\/\/api.w.org\/{rel}","templated":true}]}}