{"id":274,"date":"2016-02-16T16:14:23","date_gmt":"2016-02-16T22:14:23","guid":{"rendered":"http:\/\/chiapastodoincluido.com\/web\/?page_id=274"},"modified":"2020-09-08T15:00:48","modified_gmt":"2020-09-08T15:00:48","slug":"viajes-terrestres","status":"publish","type":"page","link":"https:\/\/chiapastodoincluido.com\/sitio\/viajes-terrestres\/","title":{"rendered":"Viajes Terrestres"},"content":{"rendered":"<div class=\"wpb-content-wrapper\"><p>[vc_row][vc_column][vc_custom_heading text=&#8221;Queremos hacer m\u00e1s c\u00f3moda, f\u00e1cil y r\u00e1pida tu visita .&#8221; font_container=&#8221;tag:h1|font_size:30|text_align:left|color:%23686868&#8243; google_fonts=&#8221;font_family:Montserrat%3Aregular%2C700|font_style:700%20bold%20regular%3A700%3Anormal&#8221;][vc_empty_space][vc_row_inner][vc_column_inner][vc_column_text]<\/p>\n<ul>\n<li>Reservaciones de hoteles<\/li>\n<li>Traslados aeropuerto &#8211; Hotel &#8211; Aerpuerto<\/li>\n<li>Traslados a los Puntos de Trabajo<\/li>\n<li>Reservaci\u00f3n de vuelos<\/li>\n<\/ul>\n<p>[\/vc_column_text][\/vc_column_inner][\/vc_row_inner][vc_row_inner][vc_column_inner][vc_custom_heading text=&#8221;Automoviles &#8211; Camionetas y Autobueses&#8221; font_container=&#8221;tag:h1|font_size:30|text_align:left|color:%23686868&#8243; google_fonts=&#8221;font_family:Montserrat%3Aregular%2C700|font_style:700%20bold%20regular%3A700%3Anormal&#8221;][\/vc_column_inner][\/vc_row_inner][vc_single_image image=&#8221;1686&#8243; img_size=&#8221;full&#8221; alignment=&#8221;center&#8221;][\/vc_column][\/vc_row][vc_row][vc_column][vc_custom_heading text=&#8221;\u00a1Te esperamos, indicanos el punto de llegada y ah\u00ed te recibimos!&#8221; font_container=&#8221;tag:h2|font_size:20|text_align:left|color:%23686868&#8243; google_fonts=&#8221;font_family:Montserrat%3Aregular%2C700|font_style:700%20bold%20regular%3A700%3Anormal&#8221;][vc_column_text css_animation=&#8221;fadeInLeft&#8221;]SAN CRISTOBAL, COMITAN, PALENQUE, TAPACHULA, TONALA, ENTRE OTROS &#8230;[\/vc_column_text][\/vc_column][\/vc_row]<\/p>\n<\/div>","protected":false},"excerpt":{"rendered":"<p>[vc_row][vc_column][vc_custom_heading text=&#8221;Queremos hacer m\u00e1s c\u00f3moda, f\u00e1cil y r\u00e1pida tu visita .&#8221; font_container=&#8221;tag:h1|font_size:30|text_align:left|color:%23686868&#8243; google_fonts=&#8221;font_family:Montserrat%3Aregular%2C700|font_style:700%20bold%20regular%3A700%3Anormal&#8221;][vc_empty_space][vc_row_inner][vc_column_inner][vc_column_text] Reservaciones de hoteles Traslados aeropuerto &#8211; Hotel &#8211; Aerpuerto Traslados a los Puntos de Trabajo Reservaci\u00f3n de vuelos [\/vc_column_text][\/vc_column_inner][\/vc_row_inner][vc_row_inner][vc_column_inner][vc_custom_heading text=&#8221;Automoviles &#8211; Camionetas y Autobueses&#8221; font_container=&#8221;tag:h1|font_size:30|text_align:left|color:%23686868&#8243; google_fonts=&#8221;font_family:Montserrat%3Aregular%2C700|font_style:700%20bold%20regular%3A700%3Anormal&#8221;][\/vc_column_inner][\/vc_row_inner][vc_single_image image=&#8221;1686&#8243; img_size=&#8221;full&#8221; alignment=&#8221;center&#8221;][\/vc_column][\/vc_row][vc_row][vc_column][vc_custom_heading text=&#8221;\u00a1Te esperamos, indicanos el punto de llegada y ah\u00ed te recibimos!&#8221; font_container=&#8221;tag:h2|font_size:20|text_align:left|color:%23686868&#8243; google_fonts=&#8221;font_family:Montserrat%3Aregular%2C700|font_style:700%20bold%20regular%3A700%3Anormal&#8221;][vc_column_text [&hellip;]<\/p>\n","protected":false},"author":1,"featured_media":1501,"parent":0,"menu_order":0,"comment_status":"closed","ping_status":"closed","template":"","meta":{"footnotes":""},"class_list":["post-274","page","type-page","status-publish","has-post-thumbnail","hentry"],"_links":{"self":[{"href":"https:\/\/chiapastodoincluido.com\/sitio\/wp-json\/wp\/v2\/pages\/274","targetHints":{"allow":["GET"]}}],"collection":[{"href":"https:\/\/chiapastodoincluido.com\/sitio\/wp-json\/wp\/v2\/pages"}],"about":[{"href":"https:\/\/chiapastodoincluido.com\/sitio\/wp-json\/wp\/v2\/types\/page"}],"author":[{"embeddable":true,"href":"https:\/\/chiapastodoincluido.com\/sitio\/wp-json\/wp\/v2\/users\/1"}],"replies":[{"embeddable":true,"href":"https:\/\/chiapastodoincluido.com\/sitio\/wp-json\/wp\/v2\/comments?post=274"}],"version-history":[{"count":15,"href":"https:\/\/chiapastodoincluido.com\/sitio\/wp-json\/wp\/v2\/pages\/274\/revisions"}],"predecessor-version":[{"id":1704,"href":"https:\/\/chiapastodoincluido.com\/sitio\/wp-json\/wp\/v2\/pages\/274\/revisions\/1704"}],"wp:featuredmedia":[{"embeddable":true,"href":"https:\/\/chiapastodoincluido.com\/sitio\/wp-json\/wp\/v2\/media\/1501"}],"wp:attachment":[{"href":"https:\/\/chiapastodoincluido.com\/sitio\/wp-json\/wp\/v2\/media?parent=274"}],"curies":[{"name":"wp","href":"https:\/\/api.w.org\/{rel}","templated":true}]}}