{"id":313,"date":"2016-07-28T11:48:31","date_gmt":"2016-07-28T17:48:31","guid":{"rendered":"http:\/\/chiapastodoincluido.com\/web\/?page_id=313"},"modified":"2020-09-03T23:52:10","modified_gmt":"2020-09-03T23:52:10","slug":"chiapas-express","status":"publish","type":"page","link":"https:\/\/chiapastodoincluido.com\/sitio\/chiapas-express\/","title":{"rendered":"CHIAPAS EXPRESS"},"content":{"rendered":"<div class=\"wpb-content-wrapper\"><p>[vc_row][vc_column][vc_column_text]<\/p>\n<p style=\"text-align: justify;\"><b>DIA 1: <\/b><\/p>\n<ul style=\"text-align: justify;\">\n<li>Recepci\u00f3n en el aeropuerto de Tuxtla Guti\u00e9rrez (horario recomendable a las 10:00 horas).<\/li>\n<li>Visita miradores del ca\u00f1\u00f3n del sumidero, y conoce esta imponente falla geol\u00f3gica desde la parte\u00a0 m\u00e1s alta.<\/li>\n<li>Prep\u00e1rate para iniciar la aventura, recorre el ca\u00f1\u00f3n del sumidero v\u00eda lancha y observa los diversos atractivos naturales que se forman en la paredes de esta majestuosa maravilla natural.<\/li>\n<li>Conoce Chiapa de corzo, ciudad de gran valor hist\u00f3rico por ser la primer poblaci\u00f3n fundada por los espa\u00f1oles, conoce la fuente de la real corona, los portales de artesan\u00edas, el malec\u00f3n, la iglesia de santo domingo, las ruinas de san Sebasti\u00e1n y disfruta de la exquisita gastronom\u00eda t\u00edpica de la regi\u00f3n.<\/li>\n<li>City tour en la ciudad, para conocer el parque de la marimba, el z\u00f3calo, y disfrutar de una cena t\u00edpica (opcional) en el restaurante las pichanchas, donde podr\u00e1s disfrutar de un show de ballet folkl\u00f3rico.<\/li>\n<li>Hospedaje en Tuxtla Guti\u00e9rrez.<\/li>\n<\/ul>\n<p style=\"text-align: justify;\"><b>DIA 2:<\/b><\/p>\n<ul style=\"text-align: justify;\">\n<li>Desayuno en el hotel.<\/li>\n<li>Salida a las 8:00 de la ma\u00f1ana a Zinacantan \u201clugar de murci\u00e9lagos\u201d aqu\u00ed podr\u00e1s observar la elaboraci\u00f3n de los telares a mano.<\/li>\n<li>Conoce san Juan Chamula y visita la iglesia de san Juan bautista \u00fanica en su g\u00e9nero por la atm\u00f3sfera m\u00e1gica que guarda su interior.<\/li>\n<li>Visita las grutas de rancho nuevo, conoce las diferentes formaciones que se observan en el interior de este lugar.<\/li>\n<li>City tour en San Crist\u00f3bal de las casas, conoce el andador tur\u00edstico eclesi\u00e1stico, mercado de artesan\u00edas, catedral de San Crist\u00f3bal.<\/li>\n<li>Salida directa al aeropuerto de Tuxtla Guti\u00e9rrez<\/li>\n<\/ul>\n<p style=\"text-align: justify;\"><i>* Se recomienda tomar el vuelo de regreso a partir de las 17:00 horas, ya que el recorrido termina a las 15:00 horas.<\/i><\/p>\n<p style=\"text-align: justify;\" align=\"center\"><b>Recomendaciones generales:<\/b><\/p>\n<ul style=\"text-align: justify;\" type=\"disc\">\n<li>Llevar ropa c\u00f3moda<\/li>\n<li>Zapatos c\u00f3modos<\/li>\n<li>Llevar abrigos para la visita a San Crist\u00f3bal<\/li>\n<li>Bloqueador solar<\/li>\n<li>Gorra y lentes de sol<\/li>\n<li>Repelente para mosquitos<\/li>\n<li>C\u00e1mara fotogr\u00e1fica.<\/li>\n<\/ul>\n<p style=\"text-align: justify;\"><i>* En san Juan Chamula no podr\u00e1 usar c\u00e1mara fotogr\u00e1fica, ni de video por disposici\u00f3n de la comunidad.<\/i><\/p>\n<p style=\"text-align: justify;\" align=\"center\"><b>Incluye:<\/b><\/p>\n<ol style=\"text-align: justify;\">\n<li>Transportaci\u00f3n terrestre de primera clase en unidades completamente equipadas, aire acondicionado, m\u00fasica estereof\u00f3nica.<\/li>\n<li>1 noche de hospedaje en hotel de su preferencia.<\/li>\n<li>1 desayuno incluido<\/li>\n<li>Entradas a los miradores.<\/li>\n<li>Pago de lancha al Ca\u00f1on del Sumidero.<\/li>\n<li>Entradas a Zinacantan.<\/li>\n<li>Entradas a san Juan Chamula.<\/li>\n<li>Entradas a las grutas de rancho nuevo.<\/li>\n<li>Informaci\u00f3n de los lugares.<\/li>\n<li>Seguro de viajero (RC).<\/li>\n<\/ol>\n<h4 style=\"text-align: justify;\"><a href=\"http:\/\/chiapastodoincluido.com\/web\/politicas-de-la-empresa\/\"><span style=\"color: #0000ff;\">Ver pol\u00edticas de la Empresa<\/span><\/a><\/h4>\n<p>[\/vc_column_text][\/vc_column][\/vc_row]<\/p>\n<\/div>","protected":false},"excerpt":{"rendered":"<p>[vc_row][vc_column][vc_column_text] DIA 1: Recepci\u00f3n en el aeropuerto de Tuxtla Guti\u00e9rrez (horario recomendable a las 10:00 horas). Visita miradores del ca\u00f1\u00f3n del sumidero, y conoce esta imponente falla geol\u00f3gica desde la parte\u00a0 m\u00e1s alta. Prep\u00e1rate para iniciar la aventura, recorre el ca\u00f1\u00f3n del sumidero v\u00eda lancha y observa los diversos atractivos naturales que se forman en [&hellip;]<\/p>\n","protected":false},"author":1,"featured_media":0,"parent":0,"menu_order":0,"comment_status":"closed","ping_status":"closed","template":"","meta":{"footnotes":""},"class_list":["post-313","page","type-page","status-publish","hentry"],"_links":{"self":[{"href":"https:\/\/chiapastodoincluido.com\/sitio\/wp-json\/wp\/v2\/pages\/313","targetHints":{"allow":["GET"]}}],"collection":[{"href":"https:\/\/chiapastodoincluido.com\/sitio\/wp-json\/wp\/v2\/pages"}],"about":[{"href":"https:\/\/chiapastodoincluido.com\/sitio\/wp-json\/wp\/v2\/types\/page"}],"author":[{"embeddable":true,"href":"https:\/\/chiapastodoincluido.com\/sitio\/wp-json\/wp\/v2\/users\/1"}],"replies":[{"embeddable":true,"href":"https:\/\/chiapastodoincluido.com\/sitio\/wp-json\/wp\/v2\/comments?post=313"}],"version-history":[{"count":2,"href":"https:\/\/chiapastodoincluido.com\/sitio\/wp-json\/wp\/v2\/pages\/313\/revisions"}],"predecessor-version":[{"id":1467,"href":"https:\/\/chiapastodoincluido.com\/sitio\/wp-json\/wp\/v2\/pages\/313\/revisions\/1467"}],"wp:attachment":[{"href":"https:\/\/chiapastodoincluido.com\/sitio\/wp-json\/wp\/v2\/media?parent=313"}],"curies":[{"name":"wp","href":"https:\/\/api.w.org\/{rel}","templated":true}]}}