{"id":314,"date":"2016-07-28T11:43:00","date_gmt":"2016-07-28T17:43:00","guid":{"rendered":"http:\/\/chiapastodoincluido.com\/web\/?page_id=314"},"modified":"2016-07-28T11:43:00","modified_gmt":"2016-07-28T17:43:00","slug":"politicas-de-la-empresa","status":"publish","type":"page","link":"https:\/\/chiapastodoincluido.com\/sitio\/politicas-de-la-empresa\/","title":{"rendered":"Politicas de la Empresa"},"content":{"rendered":"<div class=\"wpb-content-wrapper\"><p>[vc_row][vc_column][vc_column_text]<\/p>\n<p style=\"text-align: justify;\">TUCHTLAN OPERADORA TURISTICA \u00fanica y exclusivamente es la empresa intermediaria entre el usuario de este paquete y las entidades o personas que intervienen en brindar los servicios incluidos en el mismo, como son: hoteles, restaurantes, transportaci\u00f3n terrestre, l\u00ednea a\u00e9rea, etc. no se hace responsable por da\u00f1os causados al usuario de este servicio, tales como accidentes, robos, as\u00ed como cualquier da\u00f1o, perjuicio o incidente que se le ocasione en la contrataci\u00f3n de este paquete.<\/p>\n<p style=\"text-align: justify;\">El usuario deber\u00e1 expresamente acatar los reglamentos y condiciones establecidas por los prestadores de servicios contratados, eximiendo a TUCHTLAN OPERADORA TURISTICA de cualquier responsabilidad derivada de su incumplimiento.<\/p>\n<p style=\"text-align: justify;\">Las empresas participantes de este paquete y TUCHTLAN OPERADORA TURISTICA se responsabilizan en forma independiente cada una de ellas, y esta \u00faltima solo intervendr\u00e1 como intermediaria para gestionar el reembolso del importe que haya pagado o anticipado el usuario.<\/p>\n<p style=\"text-align: justify;\">Cualquier servicio no utilizado voluntariamente no dar\u00e1 derecho a reclamaci\u00f3n o reembolso alguno.<\/p>\n<p style=\"text-align: justify;\">Si por causas de fuerza mayor o casos fortuitos, los prestadores de los servicios contratados no pudieran proporcionarlos parcial o totalmente, la empresa organizadora s\u00f3lo gestionar\u00e1 por cuenta del usuario el reembolso del importe que proceda con exclusi\u00f3n de cualquier otro compromiso.<\/p>\n<p style=\"text-align: justify;\">Cuando TUCHTLAN OPERADORA TURISTICA sea qui\u00e9n cancele, un Viaje o Excursi\u00f3n de cualquier naturaleza, por causas ajenas al turista, estar\u00e1 obligada a reembolsarle la totalidad de los anticipos o pagos que haya efectuado.<\/p>\n<p style=\"text-align: justify;\">El hecho de que el cliente entregue un anticipo y\/o el pago por el programa que haya elegido, implica su aceptaci\u00f3n de las condiciones y responsabilidades contenidas en esta publicaci\u00f3n.<\/p>\n<p style=\"text-align: justify;\">TUCHTLAN OPERADORA TURISTICA tendr\u00e1 el derecho para cancelar cualquier salida si as\u00ed lo cree conveniente por causas ajenas a la agencia, y se compromete a rembolsar los anticipos o el pago total.<\/p>\n<p style=\"text-align: justify;\">Las entradas a los hoteles deber\u00e1n ser invariablemente el d\u00eda de llegada de llegada de los pasajeros a su destino. La hora de entrada de los hoteles ser\u00e1 prevista a partir de las 15:00 horas y la salida a las 13:00 horas; en caso de que la llegada de los pasajeros sea antes de las 15:00 horas, puede darse el caso de que las habitaciones no sean facilitadas hasta este momento. En los d\u00edas de salida de cada hotel, los pasajeros deber\u00e1n abandonar la habitaci\u00f3n a la hora se\u00f1alada por el hotel. Las habitaciones cuentan con una o dos camas matrimoniales, las habitaciones triples son con dos camas matrimoniales.<\/p>\n<p style=\"text-align: justify;\">Los precios publicados son en Pesos mexicanos pagaderos en Moneda Nacional.<\/p>\n<p style=\"text-align: justify;\">Los precios publicados est\u00e1n sujetos a cambio sin previo aviso.<\/p>\n<p style=\"text-align: justify;\">Las reservaciones deber\u00e1n ser acompa\u00f1adas por el pago de un dep\u00f3sito del 50% del importe del viaje, liquid\u00e1ndose el saldo como m\u00ednimo 7 d\u00edas antes de la fecha de salida. Las inscripciones ser\u00e1n v\u00e1lidas s\u00f3lo cuando sean confirmadas en firme por la agencia organizadora y haya sido liquidado el importe total del viaje. La inscripci\u00f3n en cualquiera de los viajes incluidos en esta publicaci\u00f3n, implica la total conformidad a todas y cada una de las condiciones estipuladas.<\/p>\n<p style=\"text-align: justify;\">Cuando el pasajero desista voluntariamente del viaje contratado para una fecha espec\u00edfica, la cancelaci\u00f3n estar\u00e1 libre de gastos si se efect\u00faa antes de los 25 d\u00edas de la iniciaci\u00f3n del viaje. Entre 24 y 15 d\u00edas se cobrar\u00e1n 500 Pesos Mexicanos por expediente, Entre 15 y 10 d\u00edas se cobrar\u00e1n gastos del 25%, Entre 10 y 3 d\u00edas se cobrar\u00e1n gastos del 50%. Dentro de las 48 horas antes de la salida los gastos ser\u00e1n la totalidad del importe del viaje.<\/p>\n<p style=\"text-align: justify;\">Para la salida de los paquetes podr\u00e1n viajar\u00a0 como m\u00ednimo 2 personas. En los tours convencionales no hay m\u00ednimos de personas.<\/p>\n<p style=\"text-align: justify;\">Los paquetes son reembolsables siempre y cuando sean cancelados antes de 25 d\u00edas de la fecha de salida.<\/p>\n<p style=\"text-align: justify;\">No se aceptar\u00e1n cupones terrestres que pretendan ser utilizados.<\/p>\n<p>[\/vc_column_text][\/vc_column][\/vc_row]<\/p>\n<\/div>","protected":false},"excerpt":{"rendered":"<p>[vc_row][vc_column][vc_column_text] TUCHTLAN OPERADORA TURISTICA \u00fanica y exclusivamente es la empresa intermediaria entre el usuario de este paquete y las entidades o personas que intervienen en brindar los servicios incluidos en el mismo, como son: hoteles, restaurantes, transportaci\u00f3n terrestre, l\u00ednea a\u00e9rea, etc. no se hace responsable por da\u00f1os causados al usuario de este servicio, tales como [&hellip;]<\/p>\n","protected":false},"author":1,"featured_media":0,"parent":0,"menu_order":0,"comment_status":"closed","ping_status":"closed","template":"","meta":{"footnotes":""},"class_list":["post-314","page","type-page","status-publish","hentry"],"_links":{"self":[{"href":"https:\/\/chiapastodoincluido.com\/sitio\/wp-json\/wp\/v2\/pages\/314","targetHints":{"allow":["GET"]}}],"collection":[{"href":"https:\/\/chiapastodoincluido.com\/sitio\/wp-json\/wp\/v2\/pages"}],"about":[{"href":"https:\/\/chiapastodoincluido.com\/sitio\/wp-json\/wp\/v2\/types\/page"}],"author":[{"embeddable":true,"href":"https:\/\/chiapastodoincluido.com\/sitio\/wp-json\/wp\/v2\/users\/1"}],"replies":[{"embeddable":true,"href":"https:\/\/chiapastodoincluido.com\/sitio\/wp-json\/wp\/v2\/comments?post=314"}],"version-history":[{"count":0,"href":"https:\/\/chiapastodoincluido.com\/sitio\/wp-json\/wp\/v2\/pages\/314\/revisions"}],"wp:attachment":[{"href":"https:\/\/chiapastodoincluido.com\/sitio\/wp-json\/wp\/v2\/media?parent=314"}],"curies":[{"name":"wp","href":"https:\/\/api.w.org\/{rel}","templated":true}]}}