{"id":331,"date":"2016-07-28T12:05:04","date_gmt":"2016-07-28T18:05:04","guid":{"rendered":"http:\/\/chiapastodoincluido.com\/web\/?page_id=331"},"modified":"2016-07-28T12:05:04","modified_gmt":"2016-07-28T18:05:04","slug":"naturaleza-y-cultura","status":"publish","type":"page","link":"https:\/\/chiapastodoincluido.com\/sitio\/naturaleza-y-cultura\/","title":{"rendered":"Naturaleza y Cultura"},"content":{"rendered":"<div class=\"wpb-content-wrapper\"><p>[vc_row][vc_column width=&#8221;4\/12&#8243;][vc_single_image image=&#8221;231&#8243; img_size=&#8221;full&#8221; style=&#8221;vc_box_rounded&#8221; onclick=&#8221;custom_link&#8221; link=&#8221;http:\/\/chiapastodoincluido.com\/web\/chiapas-express\/&#8221;][vc_empty_space][vc_single_image image=&#8221;233&#8243; img_size=&#8221;full&#8221; style=&#8221;vc_box_rounded&#8221;][vc_empty_space][vc_single_image image=&#8221;236&#8243; img_size=&#8221;full&#8221; style=&#8221;vc_box_rounded&#8221; onclick=&#8221;custom_link&#8221; link=&#8221;http:\/\/chiapastodoincluido.com\/web\/sonidos-de-agua-y-selva\/&#8221;][vc_empty_space][vc_single_image image=&#8221;232&#8243; img_size=&#8221;full&#8221; style=&#8221;vc_box_rounded&#8221; onclick=&#8221;custom_link&#8221; link=&#8221;http:\/\/chiapastodoincluido.com\/web\/escudo-jaguar\/&#8221;][vc_empty_space][vc_single_image image=&#8221;237&#8243; img_size=&#8221;full&#8221; style=&#8221;vc_box_rounded&#8221; onclick=&#8221;custom_link&#8221; link=&#8221;http:\/\/chiapastodoincluido.com\/web\/travesia-maya\/&#8221;][vc_empty_space][vc_single_image image=&#8221;495&#8243; img_size=&#8221;full&#8221; style=&#8221;vc_box_rounded&#8221; onclick=&#8221;custom_link&#8221; link=&#8221;http:\/\/chiapastodoincluido.com\/web\/chiapas-y-huatulco\/&#8221;][\/vc_column][vc_column width=&#8221;8\/12&#8243;][vc_column_text]<\/p>\n<p style=\"text-align: justify;\"><b>DIA 1: <\/b><\/p>\n<ul style=\"text-align: justify;\">\n<li>Recepci\u00f3n en el aeropuerto (horario recomendable a las 10:00 horas)<\/li>\n<li>Prep\u00e1rate para iniciar la aventura, recorre el ca\u00f1\u00f3n del sumidero v\u00eda lancha y observa los diversos atractivos naturales que se forman en las paredes de esta majestuosa maravilla natural.<\/li>\n<li>Conoce Chiapa de Corzo, ciudad de gran valor hist\u00f3rico por ser la primer poblaci\u00f3n fundada por los espa\u00f1oles, conoce la fuente de la real corona, los portales de artesan\u00edas, el malec\u00f3n, la iglesia de santo domingo, las ruinas de san Sebasti\u00e1n y disfruta de la exquisita gastronom\u00eda t\u00edpica de la regi\u00f3n.<\/li>\n<li>City tour en la ciudad, para conocer el parque de la marimba, el z\u00f3calo, y disfrutar de una cena t\u00edpica (opcional) en el restaurante las pichanchas, donde podras disfrutar de un show de ballet folkl\u00f3rico.<\/li>\n<li>Hospedaje en Tuxtla Guti\u00e9rrez.<\/li>\n<\/ul>\n<p style=\"text-align: justify;\"><b>DIA 2:<\/b><\/p>\n<ul style=\"text-align: justify;\">\n<li>Desayuno en el hotel.<\/li>\n<li>Salida de Tuxtla Guti\u00e9rrez a las 8:00 de la ma\u00f1ana, para conocer las impresionantes cascadas \u201cel chifl\u00f3n\u201d observa la ca\u00edda de agua con m\u00e1s de 120 metros de altura y disfruta de un balneario natural con paisajes asombrosos.<\/li>\n<li>Disfruta de una tarde inolvidable en el conjunto de lagunas mas grandes de M\u00e9xico, \u201clas Lagunas de Montebello\u201d aqu\u00ed podr\u00e1s apreciar un paisaje \u00fanico que la naturaleza tiene reservado para ti.<\/li>\n<li>Conoce Comit\u00e1n de Dom\u00ednguez.<\/li>\n<li>Hospedaje en San Crist\u00f3bal de las casas.<\/li>\n<\/ul>\n<p style=\"text-align: justify;\"><b>DIA 3:<\/b><\/p>\n<ul style=\"text-align: justify;\">\n<li>Desayuno en el hotel.<\/li>\n<li>Salida desde muy temprano a Zinacantan \u201clugar de murci\u00e9lagos\u201d aqu\u00ed podr\u00e1s observar la elaboraci\u00f3n de los telares a mano.<\/li>\n<li>Conoce san Juan Chamula y visita la iglesia de San Juan bautista \u00fanica en su g\u00e9nero por la atm\u00f3sfera m\u00e1gica que guarda su interior.<\/li>\n<li>Visita las grutas de rancho nuevo, conoce las diferentes formaciones que se observan en el interior de este lugar.<\/li>\n<li>City tour en san Crist\u00f3bal de las casas, conoce el andador tur\u00edstico eclesi\u00e1stico, mercado de artesan\u00edas, catedral de San Crist\u00f3bal.<\/li>\n<li>Salida directa al aeropuerto de Tuxtla Guti\u00e9rrez<\/li>\n<\/ul>\n<p style=\"text-align: justify;\"><i>* Se recomienda tomar el vuelo de regreso a partir de las 17:00 horas, ya que el recorrido termina a las 15:00 horas.<\/i><\/p>\n<p style=\"text-align: justify;\" align=\"center\"><b>Recomendaciones generales:<\/b><\/p>\n<ul style=\"text-align: justify;\" type=\"disc\">\n<li>Llevar ropa c\u00f3moda<\/li>\n<li>Zapatos c\u00f3modos<\/li>\n<li>Llevar abrigos para la visita a San Crist\u00f3bal<\/li>\n<li>Traje de ba\u00f1o, toalla y cambio de ropa<\/li>\n<li>Bloqueador solar<\/li>\n<li>Gorra y lentes de sol<\/li>\n<li>Repelente para mosquitos<\/li>\n<li>C\u00e1mara fotogr\u00e1fica.<\/li>\n<\/ul>\n<p style=\"text-align: justify;\"><i>* En san Juan Chamula no podr\u00e1 usar c\u00e1mara fotogr\u00e1fica, ni de video por disposici\u00f3n de la comunidad.<\/i><\/p>\n<p style=\"text-align: justify;\" align=\"center\"><b>Incluye:<\/b><\/p>\n<ol style=\"text-align: justify;\">\n<li>Transportaci\u00f3n terrestre de primera clase en unidades completamente equipadas, aire acondicionado, m\u00fasica estereof\u00f3nica.<\/li>\n<li>2 noches de hospedaje en hotel de su preferencia.<\/li>\n<li>2 desayunos incluidos<\/li>\n<li>Entradas a los miradores.<\/li>\n<li>Pago de lancha al ca\u00f1\u00f3n del sumidero.<\/li>\n<li>Entradas a las cascadas el chifl\u00f3n.<\/li>\n<li>Entradas a las Lagunas de Montebello.<\/li>\n<li>Entradas a Zinacantan.<\/li>\n<li>Entradas a san Juan Chamula.<\/li>\n<li>Entradas a las grutas de rancho nuevo.<\/li>\n<li>Informaci\u00f3n de los lugares.<\/li>\n<li>Seguro de viajero (RC).<\/li>\n<\/ol>\n<h4 style=\"text-align: justify;\"><a href=\"http:\/\/chiapastodoincluido.com\/web\/politicas-de-la-empresa\/\"><span style=\"color: #0000ff;\">Ver pol\u00edticas de la Empresa<\/span><\/a><\/h4>\n<p>[\/vc_column_text][\/vc_column][\/vc_row]<\/p>\n<\/div>","protected":false},"excerpt":{"rendered":"<p>[vc_row][vc_column width=&#8221;4\/12&#8243;][vc_single_image image=&#8221;231&#8243; img_size=&#8221;full&#8221; style=&#8221;vc_box_rounded&#8221; onclick=&#8221;custom_link&#8221; link=&#8221;http:\/\/chiapastodoincluido.com\/web\/chiapas-express\/&#8221;][vc_empty_space][vc_single_image image=&#8221;233&#8243; img_size=&#8221;full&#8221; style=&#8221;vc_box_rounded&#8221;][vc_empty_space][vc_single_image image=&#8221;236&#8243; img_size=&#8221;full&#8221; style=&#8221;vc_box_rounded&#8221; onclick=&#8221;custom_link&#8221; link=&#8221;http:\/\/chiapastodoincluido.com\/web\/sonidos-de-agua-y-selva\/&#8221;][vc_empty_space][vc_single_image image=&#8221;232&#8243; img_size=&#8221;full&#8221; style=&#8221;vc_box_rounded&#8221; onclick=&#8221;custom_link&#8221; link=&#8221;http:\/\/chiapastodoincluido.com\/web\/escudo-jaguar\/&#8221;][vc_empty_space][vc_single_image image=&#8221;237&#8243; img_size=&#8221;full&#8221; style=&#8221;vc_box_rounded&#8221; onclick=&#8221;custom_link&#8221; link=&#8221;http:\/\/chiapastodoincluido.com\/web\/travesia-maya\/&#8221;][vc_empty_space][vc_single_image image=&#8221;495&#8243; img_size=&#8221;full&#8221; style=&#8221;vc_box_rounded&#8221; onclick=&#8221;custom_link&#8221; link=&#8221;http:\/\/chiapastodoincluido.com\/web\/chiapas-y-huatulco\/&#8221;][\/vc_column][vc_column width=&#8221;8\/12&#8243;][vc_column_text] DIA 1: Recepci\u00f3n en el aeropuerto (horario recomendable a las 10:00 horas) Prep\u00e1rate para iniciar la aventura, recorre el ca\u00f1\u00f3n del sumidero v\u00eda lancha [&hellip;]<\/p>\n","protected":false},"author":1,"featured_media":0,"parent":0,"menu_order":0,"comment_status":"closed","ping_status":"closed","template":"","meta":{"footnotes":""},"class_list":["post-331","page","type-page","status-publish","hentry"],"_links":{"self":[{"href":"https:\/\/chiapastodoincluido.com\/sitio\/wp-json\/wp\/v2\/pages\/331","targetHints":{"allow":["GET"]}}],"collection":[{"href":"https:\/\/chiapastodoincluido.com\/sitio\/wp-json\/wp\/v2\/pages"}],"about":[{"href":"https:\/\/chiapastodoincluido.com\/sitio\/wp-json\/wp\/v2\/types\/page"}],"author":[{"embeddable":true,"href":"https:\/\/chiapastodoincluido.com\/sitio\/wp-json\/wp\/v2\/users\/1"}],"replies":[{"embeddable":true,"href":"https:\/\/chiapastodoincluido.com\/sitio\/wp-json\/wp\/v2\/comments?post=331"}],"version-history":[{"count":0,"href":"https:\/\/chiapastodoincluido.com\/sitio\/wp-json\/wp\/v2\/pages\/331\/revisions"}],"wp:attachment":[{"href":"https:\/\/chiapastodoincluido.com\/sitio\/wp-json\/wp\/v2\/media?parent=331"}],"curies":[{"name":"wp","href":"https:\/\/api.w.org\/{rel}","templated":true}]}}