{"id":39,"date":"2015-11-17T16:17:25","date_gmt":"2015-11-17T22:17:25","guid":{"rendered":"http:\/\/chiapastodoincluido.com\/web\/?page_id=6"},"modified":"2015-11-17T16:17:25","modified_gmt":"2015-11-17T22:17:25","slug":"inicio-2","status":"publish","type":"page","link":"https:\/\/chiapastodoincluido.com\/sitio\/inicio-2\/","title":{"rendered":"INICIO"},"content":{"rendered":"<div class=\"wpb-content-wrapper\"><p>[vc_row full_width=&#8221;true&#8221;][vc_column][vc_row_inner][vc_column_inner width=&#8221;3\/12&#8243;][\/vc_column_inner][vc_column_inner width=&#8221;6\/12&#8243;][vc_column_text]<\/p>\n<h2 style=\"text-align: center;\"><span style=\"color: #ff6600;\">TOURS EN CHIAPAS<\/span><\/h2>\n<p>[\/vc_column_text][vc_raw_html]<\/p>\n<p>JTNDbWFycXVlZSUyMGJnY29sb3IlM0QlMjIlMjNGRkZGRkYlMjIlMjB3aWR0aCUzRCUyMjEwMCUyNSUyMiUyMHNjcm9sbGRlbGF5JTNEJTIyMTAwJTIyJTIwc2Nyb2xsYW1vdW50JTNEJTIyNSUyMiUyMGRpcmVjdGlvbiUzRCUyMmxlZnQlMjIlMjBsb29wJTNEJTIyaW5maW5pdGUlMjIlM0UlMEElMDklM0NpbWclMjBzcmMlM0QlMjJodHRwJTNBJTJGJTJGY2hpYXBhc3RvZG9pbmNsdWlkby5jb20lMkZ3ZWIlMkZ3cC1jb250ZW50JTJGdXBsb2FkcyUyRjIwMTUlMkYxMSUyRjEucG5nJTIyJTIwYWx0JTNEJTIyJTIyJTIwJTIwc3R5bGUlM0QlMjJoZWlnaHQlM0ElMjAxNTBweCUzQiUyMHdpZHRoJTNBJTIwMzAwcHglM0IlMjIlMjAlMkYlM0UlMEElMDklM0NpbWclMjBzcmMlM0QlMjJodHRwJTNBJTJGJTJGY2hpYXBhc3RvZG9pbmNsdWlkby5jb20lMkZ3ZWIlMkZ3cC1jb250ZW50JTJGdXBsb2FkcyUyRjIwMTUlMkYxMSUyRjIucG5nJTIyJTIwYWx0JTNEJTIyJTIyJTIwc3R5bGUlM0QlMjJoZWlnaHQlM0ElMjAxNTBweCUzQiUyMHdpZHRoJTNBJTIwMzAwcHglM0IlMjIlMkYlM0UlMEElMDklM0NpbWclMjBzcmMlM0QlMjJodHRwJTNBJTJGJTJGY2hpYXBhc3RvZG9pbmNsdWlkby5jb20lMkZ3ZWIlMkZ3cC1jb250ZW50JTJGdXBsb2FkcyUyRjIwMTUlMkYxMSUyRjMucG5nJTIyJTIwYWx0JTNEJTIyJTIyJTIwc3R5bGUlM0QlMjJoZWlnaHQlM0ElMjAxNTBweCUzQiUyMHdpZHRoJTNBJTIwMzAwcHglM0IlMjIlMjAlMkYlM0UlMEElMDklM0NpbWclMjBzcmMlM0QlMjJodHRwJTNBJTJGJTJGY2hpYXBhc3RvZG9pbmNsdWlkby5jb20lMkZ3ZWIlMkZ3cC1jb250ZW50JTJGdXBsb2FkcyUyRjIwMTUlMkYxMSUyRjQucG5nJTIyJTIwYWx0JTNEJTIyJTIyJTIwc3R5bGUlM0QlMjJoZWlnaHQlM0ElMjAxNTBweCUzQiUyMHdpZHRoJTNBJTIwMzAwcHglM0IlMjIlMjAlMkYlM0UlMEElMDklM0NpbWclMjBzcmMlM0QlMjJodHRwJTNBJTJGJTJGY2hpYXBhc3RvZG9pbmNsdWlkby5jb20lMkZ3ZWIlMkZ3cC1jb250ZW50JTJGdXBsb2FkcyUyRjIwMTUlMkYxMSUyRjUucG5nJTIyJTIwYWx0JTNEJTIyJTIyJTIwc3R5bGUlM0QlMjJoZWlnaHQlM0ElMjAxNTBweCUzQiUyMHdpZHRoJTNBJTIwMzAwcHglM0IlMjIlMjAlMkYlM0UlMEElMDklM0NpbWclMjBzcmMlM0QlMjJodHRwJTNBJTJGJTJGY2hpYXBhc3RvZG9pbmNsdWlkby5jb20lMkZ3ZWIlMkZ3cC1jb250ZW50JTJGdXBsb2FkcyUyRjIwMTUlMkYxMSUyRjYucG5nJTIyJTIwYWx0JTNEJTIyJTIyJTIwc3R5bGUlM0QlMjJoZWlnaHQlM0ElMjAxNTBweCUzQiUyMHdpZHRoJTNBJTIwMzAwcHglM0IlMjIlMjAlMkYlM0UlMEElMDklM0NpbWclMjBzcmMlM0QlMjJodHRwJTNBJTJGJTJGY2hpYXBhc3RvZG9pbmNsdWlkby5jb20lMkZ3ZWIlMkZ3cC1jb250ZW50JTJGdXBsb2FkcyUyRjIwMTUlMkYxMSUyRjcucG5nJTIyJTIwYWx0JTNEJTIyJTIyJTIwc3R5bGUlM0QlMjJoZWlnaHQlM0ElMjAxNTBweCUzQiUyMHdpZHRoJTNBJTIwMzAwcHglM0IlMjIlMjAlMkYlM0UlMEElM0MlMkZtYXJxdWVlJTNF<\/p>\n<p>[\/vc_raw_html][vc_empty_space height=&#8221;100px&#8221;][\/vc_column_inner][vc_column_inner width=&#8221;3\/12&#8243;][\/vc_column_inner][\/vc_row_inner][vc_row_inner][vc_column_inner width=&#8221;3\/12&#8243;][\/vc_column_inner][vc_column_inner width=&#8221;6\/12&#8243;][vc_column_text]<\/p>\n<h2 style=\"text-align: center;\"><span style=\"color: #ff6600;\">PAQUETES VACACIONALES<\/span><\/h2>\n<p>[\/vc_column_text][vc_raw_html]JTNDbWFycXVlZSUyMGJnY29sb3IlM0QlMjIlMjNGRkZGRkYlMjIlMjB3aWR0aCUzRCUyMjEwMCUyNSUyMiUyMHNjcm9sbGRlbGF5JTNEJTIyMTAwJTIyJTIwc2Nyb2xsYW1vdW50JTNEJTIyNSUyMiUyMGRpcmVjdGlvbiUzRCUyMnJpZ2h0JTIyJTIwbG9vcCUzRCUyMmluZmluaXRlJTIyJTNFJTBBJTA5JTNDYSUyMGhyZWYlM0QlMjJodHRwJTNBJTJGJTJGY2hpYXBhc3RvZG9pbmNsdWlkby5jb20lMkZ3ZWIlMkZjaGlhcGFzLWV4cHJlc3MlMkYlMjIlM0UlM0NpbWclMjBzcmMlM0QlMjJodHRwJTNBJTJGJTJGY2hpYXBhc3RvZG9pbmNsdWlkby5jb20lMkZ3ZWIlMkZ3cC1jb250ZW50JTJGdXBsb2FkcyUyRjIwMTUlMkYxMSUyRkV4cHJlc3MucG5nJTIyJTIwYWx0JTNEJTIyJTIyJTIwJTIwc3R5bGUlM0QlMjJoZWlnaHQlM0ElMjAxNTBweCUzQiUyMHdpZHRoJTNBJTIwMzAwcHglM0IlMjIlMjAlMkYlM0UlM0MlMkZhJTNFJTBBJTA5JTNDYSUyMGhyZWYlM0QlMjJodHRwJTNBJTJGJTJGY2hpYXBhc3RvZG9pbmNsdWlkby5jb20lMkZ3ZWIlMkZuYXR1cmFsZXphLXktY3VsdHVyYSUyRiUyMiUzRSUzQ2ltZyUyMHNyYyUzRCUyMmh0dHAlM0ElMkYlMkZjaGlhcGFzdG9kb2luY2x1aWRvLmNvbSUyRndlYiUyRndwLWNvbnRlbnQlMkZ1cGxvYWRzJTJGMjAxNSUyRjExJTJGTmF0X0N1bHQucG5nJTIyJTIwYWx0JTNEJTIyJTIyJTIwc3R5bGUlM0QlMjJoZWlnaHQlM0ElMjAxNTBweCUzQiUyMHdpZHRoJTNBJTIwMzAwcHglM0IlMjIlMjAlMkYlM0UlM0MlMkZhJTNFJTBBJTA5JTNDYSUyMGhyZWYlM0QlMjJodHRwJTNBJTJGJTJGY2hpYXBhc3RvZG9pbmNsdWlkby5jb20lMkZ3ZWIlMkZzb25pZG9zLWRlLWFndWEteS1zZWx2YSUyRiUyMiUzRSUzQ2ltZyUyMHNyYyUzRCUyMmh0dHAlM0ElMkYlMkZjaGlhcGFzdG9kb2luY2x1aWRvLmNvbSUyRndlYiUyRndwLWNvbnRlbnQlMkZ1cGxvYWRzJTJGMjAxNSUyRjExJTJGU29uaWRvc19TZWx2YS5wbmclMjIlMjBhbHQlM0QlMjIlMjIlMjBzdHlsZSUzRCUyMmhlaWdodCUzQSUyMDE1MHB4JTNCJTIwd2lkdGglM0ElMjAzMDBweCUzQiUyMiUyMCUyRiUzRSUzQyUyRmElM0UlMEElMjAlMjAlMjAlMjAlM0NhJTIwaHJlZiUzRCUyMmh0dHAlM0ElMkYlMkZjaGlhcGFzdG9kb2luY2x1aWRvLmNvbSUyRndlYiUyRmVzY3Vkby1qYWd1YXIlMkYlMjIlM0UlM0NpbWclMjBzcmMlM0QlMjJodHRwJTNBJTJGJTJGY2hpYXBhc3RvZG9pbmNsdWlkby5jb20lMkZ3ZWIlMkZ3cC1jb250ZW50JTJGdXBsb2FkcyUyRjIwMTUlMkYxMSUyRkphZ3Vhci5wbmclMjIlMjBhbHQlM0QlMjIlMjIlMjBzdHlsZSUzRCUyMmhlaWdodCUzQSUyMDE1MHB4JTNCJTIwd2lkdGglM0ElMjAzMDBweCUzQiUyMiUyRiUzRSUzQyUyRmElM0UlMEElMjAlMjAlMjAlMjAlM0NhJTIwaHJlZiUzRCUyMmh0dHAlM0ElMkYlMkZjaGlhcGFzdG9kb2luY2x1aWRvLmNvbSUyRndlYiUyRnRyYXZlc2lhLW1heWElMkYlMjIlM0UlM0NpbWclMjBzcmMlM0QlMjJodHRwJTNBJTJGJTJGY2hpYXBhc3RvZG9pbmNsdWlkby5jb20lMkZ3ZWIlMkZ3cC1jb250ZW50JTJGdXBsb2FkcyUyRjIwMTUlMkYxMSUyRlRyYXZlc2lhLnBuZyUyMiUyMGFsdCUzRCUyMiUyMiUyMHN0eWxlJTNEJTIyaGVpZ2h0JTNBJTIwMTUwcHglM0IlMjB3aWR0aCUzQSUyMDMwMHB4JTNCJTIyJTIwJTJGJTNFJTNDJTJGYSUzRSUwQSUzQyUyRm1hcnF1ZWUlM0U=[\/vc_raw_html][\/vc_column_inner][vc_column_inner width=&#8221;3\/12&#8243;][\/vc_column_inner][\/vc_row_inner][vc_empty_space height=&#8221;82px&#8221;][\/vc_column][\/vc_row][vc_row][vc_column width=&#8221;3\/12&#8243;][vc_column_text]<\/p>\n<p><a href=\"?p=93\"><img loading=\"lazy\" decoding=\"async\" class=\"alignnone size-full wp-image-36\" src=\"http:\/\/chiapastodoincluido.com\/web\/wp-content\/uploads\/2015\/11\/tour.png\" alt=\"tour\" width=\"500\" height=\"500\" \/><\/a><\/p>\n<p>[\/vc_column_text][\/vc_column][vc_column width=&#8221;3\/12&#8243;][vc_column_text]<\/p>\n<p><a href=\"?p=77\"><img loading=\"lazy\" decoding=\"async\" class=\"alignnone size-full wp-image-37\" src=\"http:\/\/chiapastodoincluido.com\/web\/wp-content\/uploads\/2015\/11\/pack.png\" alt=\"pack\" width=\"500\" height=\"500\" \/><\/a><\/p>\n<p>[\/vc_column_text][\/vc_column][vc_column width=&#8221;3\/12&#8243;][vc_column_text]<a href=\"http:\/\/chiapastodoincluido.com\/web\/viajes-terrestres\/\"><img loading=\"lazy\" decoding=\"async\" class=\"alignnone size-full wp-image-38\" src=\"http:\/\/chiapastodoincluido.com\/web\/wp-content\/uploads\/2015\/11\/serv.png\" alt=\"serv\" width=\"500\" height=\"500\" \/><\/a>[\/vc_column_text][\/vc_column][vc_column width=&#8221;3\/12&#8243;][vc_column_text]<a href=\"http:\/\/chiapastodoincluido.com\/web\/transportes\/\"><img loading=\"lazy\" decoding=\"async\" class=\"alignnone wp-image-376 size-full\" src=\"http:\/\/chiapastodoincluido.com\/web\/wp-content\/uploads\/2015\/11\/UNIDADES.png\" width=\"500\" height=\"500\" \/><\/a>[\/vc_column_text][\/vc_column][\/vc_row][vc_row][vc_column][vc_empty_space height=&#8221;82px&#8221;][\/vc_column][\/vc_row][vc_row][vc_column width=&#8221;1\/4&#8243;][vc_raw_html]JTNDZGl2JTIwY2xhc3MlM0QlMjJfNC11MiUyMG12bSUyMF81ZWNiJTIwXzQtdTglMjBfNTJqdiUyMiUyMGlkJTNEJTIyZGV2c2l0ZVBsdWdpbkNvbmZpZ3VyYXRvckV4YW1wbGUlMjIlM0UlM0NkaXYlMjBpZCUzRCUyMnVfMF8wJTIyJTNFJTNDZGl2JTIwZGF0YS1ocmVmJTNEJTIyaHR0cHMlM0ElMkYlMkZ3d3cuZmFjZWJvb2suY29tJTJGY2hpYXBhc3RvZG9pbmNsdWlkbyUyRiUyMiUyMGRhdGEtdGFicyUzRCUyMnRpbWVsaW5lJTIyJTIwZGF0YS13aWR0aCUzRCUyMjEyMDAlMjIlMjBkYXRhLXNtYWxsLWhlYWRlciUzRCUyMmZhbHNlJTIyJTIwZGF0YS1hZGFwdC1jb250YWluZXItd2lkdGglM0QlMjJmYWxzZSUyMiUyMGRhdGEtaGlkZS1jb3ZlciUzRCUyMmZhbHNlJTIyJTIwZGF0YS1zaG93LWZhY2VwaWxlJTNEJTIydHJ1ZSUyMiUyMGNsYXNzJTNEJTIyZmItcGFnZSUyMGZiX2lmcmFtZV93aWRnZXQlMjIlMjBmYi14ZmJtbC1zdGF0ZSUzRCUyMnJlbmRlcmVkJTIyJTIwZmItaWZyYW1lLXBsdWdpbi1xdWVyeSUzRCUyMmFkYXB0X2NvbnRhaW5lcl93aWR0aCUzRGZhbHNlJTI2YW1wJTNCYXBwX2lkJTNEMTEzODY5MTk4NjM3NDgwJTI2YW1wJTNCY29udGFpbmVyX3dpZHRoJTNENzM0JTI2YW1wJTNCaGlkZV9jb3ZlciUzRGZhbHNlJTI2YW1wJTNCaHJlZiUzRGh0dHBzJTI1M0ElMjUyRiUyNTJGd3d3LmZhY2Vib29rLmNvbSUyNTJGY2hpYXBhc3RvZG9pbmNsdWlkbyUyNTJGJTI2YW1wJTNCbG9jYWxlJTNEZXNfRVMlMjZhbXAlM0JzZGslM0Rqb2V5JTI2YW1wJTNCc2hvd19mYWNlcGlsZSUzRHRydWUlMjZhbXAlM0JzbWFsbF9oZWFkZXIlM0RmYWxzZSUyNmFtcCUzQnRhYnMlM0R0aW1lbGluZSUyNmFtcCUzQndpZHRoJTNEMTIwMCUyMiUzRSUzQ3NwYW4lMjBzdHlsZSUzRCUyMnZlcnRpY2FsLWFsaWduJTNBJTIwYm90dG9tJTNCJTIwd2lkdGglM0ElMjA1MDBweCUzQiUyMGhlaWdodCUzQSUyMDUwMHB4JTNCJTIyJTNFJTNDaWZyYW1lJTIwbmFtZSUzRCUyMmYzYTUzOGNiYmIxOTU1OCUyMiUyMHdpZHRoJTNEJTIyMTIwMHB4JTIyJTIwaGVpZ2h0JTNEJTIyMTAwMHB4JTIyJTIwZGF0YS10ZXN0aWQlM0QlMjJmYiUzQXBhZ2UlMjBGYWNlYm9vayUyMFNvY2lhbCUyMFBsdWdpbiUyMiUyMHRpdGxlJTNEJTIyZmIlM0FwYWdlJTIwRmFjZWJvb2slMjBTb2NpYWwlMjBQbHVnaW4lMjIlMjBmcmFtZWJvcmRlciUzRCUyMjAlMjIlMjBhbGxvd3RyYW5zcGFyZW5jeSUzRCUyMnRydWUlMjIlMjBhbGxvd2Z1bGxzY3JlZW4lM0QlMjJ0cnVlJTIyJTIwc2Nyb2xsaW5nJTNEJTIybm8lMjIlMjBhbGxvdyUzRCUyMmVuY3J5cHRlZC1tZWRpYSUyMiUyMHNyYyUzRCUyMmh0dHBzJTNBJTJGJTJGd3d3LmZhY2Vib29rLmNvbSUyRnY4LjAlMkZwbHVnaW5zJTJGcGFnZS5waHAlM0ZhZGFwdF9jb250YWluZXJfd2lkdGglM0RmYWxzZSUyNmFtcCUzQmFwcF9pZCUzRDExMzg2OTE5ODYzNzQ4MCUyNmFtcCUzQmNoYW5uZWwlM0RodHRwcyUyNTNBJTI1MkYlMjUyRnN0YXRpY3h4LmZhY2Vib29rLmNvbSUyNTJGeCUyNTJGY29ubmVjdCUyNTJGeGRfYXJiaXRlciUyNTJGJTI1M0Z2ZXJzaW9uJTI1M0Q0NiUyNTIzY2IlMjUzRGYzOWMzYTk3MTZhNWI0YyUyNTI2ZG9tYWluJTI1M0RkZXZlbG9wZXJzLmZhY2Vib29rLmNvbSUyNTI2b3JpZ2luJTI1M0RodHRwcyUyNTI1M0ElMjUyNTJGJTI1MjUyRmRldmVsb3BlcnMuZmFjZWJvb2suY29tJTI1MjUyRmYxMzEzYTUxYjA2Y2U4NCUyNTI2cmVsYXRpb24lMjUzRHBhcmVudC5wYXJlbnQlMjZhbXAlM0Jjb250YWluZXJfd2lkdGglM0Q3MzQlMjZhbXAlM0JoaWRlX2NvdmVyJTNEZmFsc2UlMjZhbXAlM0JocmVmJTNEaHR0cHMlMjUzQSUyNTJGJTI1MkZ3d3cuZmFjZWJvb2suY29tJTI1MkZjaGlhcGFzdG9kb2luY2x1aWRvJTI1MkYlMjZhbXAlM0Jsb2NhbGUlM0Rlc19FUyUyNmFtcCUzQnNkayUzRGpvZXklMjZhbXAlM0JzaG93X2ZhY2VwaWxlJTNEdHJ1ZSUyNmFtcCUzQnNtYWxsX2hlYWRlciUzRGZhbHNlJTI2YW1wJTNCdGFicyUzRHRpbWVsaW5lJTI2YW1wJTNCd2lkdGglM0QxMjAwJTIyJTIwc3R5bGUlM0QlMjJib3JkZXIlM0ElMjBub25lJTNCJTIwdmlzaWJpbGl0eSUzQSUyMHZpc2libGUlM0IlMjB3aWR0aCUzQSUyMDUwMHB4JTNCJTIwaGVpZ2h0JTNBJTIwNTAwcHglM0IlMjIlMjBjbGFzcyUzRCUyMiUyMiUzRSUzQyUyRmlmcmFtZSUzRSUzQyUyRnNwYW4lM0UlM0MlMkZkaXYlM0UlM0MlMkZkaXYlM0UlM0MlMkZkaXYlM0U=[\/vc_raw_html][vc_raw_html]<\/p>\n<p>JTNDbWFycXVlZSUyMGJnY29sb3IlM0QlMjIlMjNGRkZGRkYlMjIlMjB3aWR0aCUzRCUyMjEwMCUyNSUyMiUyMHNjcm9sbGRlbGF5JTNEJTIyMTAwJTIyJTIwc2Nyb2xsYW1vdW50JTNEJTIyNSUyMiUyMGRpcmVjdGlvbiUzRCUyMmRvd24lMjIlMjBsb29wJTNEJTIyaW5maW5pdGUlMjIlM0UlMEElMDklM0NpbWclMjBzcmMlM0QlMjJodHRwJTNBJTJGJTJGY2hpYXBhc3RvZG9pbmNsdWlkby5jb20lMkZ3ZWIlMkZ3cC1jb250ZW50JTJGdXBsb2FkcyUyRjIwMTUlMkYxMSUyRmxheTIucG5nJTIyJTIwYWx0JTNEJTIyJTIyJTIwJTIwJTIwc3R5bGUlM0QlMjJoZWlnaHQlM0ElMjAxNTBweCUzQiUyMHdpZHRoJTNBJTIwMTAwJTI1JTNCJTIwaGVpZ2h0JTNBNDAwcHglM0IlMjIlMkYlM0UlMEElM0MlMkZtYXJxdWVlJTNF<\/p>\n<p>[\/vc_raw_html][\/vc_column][vc_column width=&#8221;1\/2&#8243;][vc_column_text]<\/p>\n<h1 style=\"text-align: center;\"><strong>Chiapas Todo Incluido<\/strong><\/h1>\n<p style=\"text-align: left;\"><strong>Desde la costa del pac\u00edfico hasta sus agrestes y escarpadas sierras, pasando imponentes ca\u00f1ones, insondables selvas, volcanes, planicies y sembrad\u00edos; toda la fisiograf\u00eda de Chiapas refleja una imagen de grandeza, de virtuosismo, una multiplicidad de paisajes y destinos, que lo distinguen como un Estado maravilloso, \u00fanico y sobresaliente en el mosaico multicolor de la tierra mexicana.<\/strong><\/p>\n<p>[\/vc_column_text][vc_empty_space][vc_single_image image=&#8221;285&#8243; img_size=&#8221;full&#8221; alignment=&#8221;center&#8221;][vc_empty_space][vc_single_image image=&#8221;548&#8243; img_size=&#8221;large&#8221;][vc_empty_space][vc_single_image image=&#8221;382&#8243; img_size=&#8221;full&#8221; alignment=&#8221;center&#8221;][vc_empty_space][vc_single_image image=&#8221;483&#8243; img_size=&#8221;full&#8221; alignment=&#8221;center&#8221;][\/vc_column][vc_column width=&#8221;1\/4&#8243;][vc_raw_html]JTNDaWZyYW1lJTIwd2lkdGglM0QlMjIxMDAlMjUlMjIlMjBoZWlnaHQlM0QlMjIzNTAlMjIlMjBzcmMlM0QlMjJodHRwcyUzQSUyRiUyRnd3dy55b3V0dWJlLmNvbSUyRmVtYmVkJTJGSDNGZldoWHpwdWMlMjIlMjBmcmFtZWJvcmRlciUzRCUyMjAlMjIlMjBhbGxvd2Z1bGxzY3JlZW4lM0UlM0MlMkZpZnJhbWUlM0U=[\/vc_raw_html][vc_raw_html]JTNDaWZyYW1lJTIwd2lkdGglM0QlMjIxMDAlMjUlMjIlMjBoZWlnaHQlM0QlMjIzNTAlMjIlMjBzcmMlM0QlMjJodHRwcyUzQSUyRiUyRnd3dy55b3V0dWJlLmNvbSUyRmVtYmVkJTJGTWIxU0p3VG9jSU0lMjIlMjBmcmFtZWJvcmRlciUzRCUyMjAlMjIlMjBhbGxvd2Z1bGxzY3JlZW4lM0UlM0MlMkZpZnJhbWUlM0U=[\/vc_raw_html][vc_raw_html]JTNDbWFycXVlZSUyMGJnY29sb3IlM0QlMjIlMjNGRkZGRkYlMjIlMjB3aWR0aCUzRCUyMjEwMCUyNSUyMiUyMHNjcm9sbGRlbGF5JTNEJTIyMTAwJTIyJTIwc2Nyb2xsYW1vdW50JTNEJTIyNSUyMiUyMGRpcmVjdGlvbiUzRCUyMnVwJTIyJTIwbG9vcCUzRCUyMmluZmluaXRlJTIyJTNFJTBBJTA5JTNDaW1nJTIwc3JjJTNEJTIyaHR0cCUzQSUyRiUyRmNoaWFwYXN0b2RvaW5jbHVpZG8uY29tJTJGd2ViJTJGd3AtY29udGVudCUyRnVwbG9hZHMlMkYyMDE1JTJGMTElMkZsYXkyLnBuZyUyMiUyMGFsdCUzRCUyMiUyMiUyMCUyMCUyMHN0eWxlJTNEJTIyaGVpZ2h0JTNBJTIwMTUwcHglM0IlMjB3aWR0aCUzQSUyMDEwMCUyNSUzQiUyMGhlaWdodCUzQTQwMHB4JTNCJTIyJTJGJTNFJTBBJTNDJTJGbWFycXVlZSUzRQ==[\/vc_raw_html][\/vc_column][\/vc_row][vc_row][vc_column][vc_empty_space height=&#8221;82px&#8221;][\/vc_column][\/vc_row][vc_row][vc_column][vc_single_image image=&#8221;805&#8243; img_size=&#8221;large&#8221;][\/vc_column][\/vc_row][vc_row][vc_column width=&#8221;1\/12&#8243;][vc_column_text]<br \/>\n[\/vc_column_text][\/vc_column][vc_column width=&#8221;3\/6&#8243;][vc_column_text]<\/p>\n<p style=\"text-align: justify;\"><a href=\"http:\/\/www.tufacturafacil.mx\" target=\"_blank\" rel=\"noopener noreferrer\"><img loading=\"lazy\" decoding=\"async\" class=\"alignnone wp-image-75 size-full\" src=\"http:\/\/chiapastodoincluido.com\/web\/wp-content\/uploads\/2015\/11\/fac.jpg\" alt=\"fac\" width=\"851\" height=\"315\" \/><\/a><\/p>\n<p>[\/vc_column_text][\/vc_column][vc_column width=&#8221;2\/6&#8243;][vc_column_text]<\/p>\n<h2 style=\"text-align: center;\"><span style=\"color: #ff6600;\">Somos Afiliados.<\/span><\/h2>\n<p><a href=\"http:\/\/chiapastodoincluido.com\/web\/wp-content\/uploads\/2015\/11\/asoc.jpg\"><img loading=\"lazy\" decoding=\"async\" class=\"alignnone size-full wp-image-70\" src=\"http:\/\/chiapastodoincluido.com\/web\/wp-content\/uploads\/2015\/11\/asoc.jpg\" alt=\"asoc\" width=\"547\" height=\"280\" \/><\/a>[\/vc_column_text][\/vc_column][vc_column width=&#8221;1\/12&#8243;][vc_column_text]<br \/>\n[\/vc_column_text][\/vc_column][\/vc_row][vc_row][vc_column][\/vc_column][\/vc_row]<\/p>\n<\/div>","protected":false},"excerpt":{"rendered":"<p>[vc_row full_width=&#8221;true&#8221;][vc_column][vc_row_inner][vc_column_inner width=&#8221;3\/12&#8243;][\/vc_column_inner][vc_column_inner width=&#8221;6\/12&#8243;][vc_column_text] TOURS EN CHIAPAS [\/vc_column_text][vc_raw_html] JTNDbWFycXVlZSUyMGJnY29sb3IlM0QlMjIlMjNGRkZGRkYlMjIlMjB3aWR0aCUzRCUyMjEwMCUyNSUyMiUyMHNjcm9sbGRlbGF5JTNEJTIyMTAwJTIyJTIwc2Nyb2xsYW1vdW50JTNEJTIyNSUyMiUyMGRpcmVjdGlvbiUzRCUyMmxlZnQlMjIlMjBsb29wJTNEJTIyaW5maW5pdGUlMjIlM0UlMEElMDklM0NpbWclMjBzcmMlM0QlMjJodHRwJTNBJTJGJTJGY2hpYXBhc3RvZG9pbmNsdWlkby5jb20lMkZ3ZWIlMkZ3cC1jb250ZW50JTJGdXBsb2FkcyUyRjIwMTUlMkYxMSUyRjEucG5nJTIyJTIwYWx0JTNEJTIyJTIyJTIwJTIwc3R5bGUlM0QlMjJoZWlnaHQlM0ElMjAxNTBweCUzQiUyMHdpZHRoJTNBJTIwMzAwcHglM0IlMjIlMjAlMkYlM0UlMEElMDklM0NpbWclMjBzcmMlM0QlMjJodHRwJTNBJTJGJTJGY2hpYXBhc3RvZG9pbmNsdWlkby5jb20lMkZ3ZWIlMkZ3cC1jb250ZW50JTJGdXBsb2FkcyUyRjIwMTUlMkYxMSUyRjIucG5nJTIyJTIwYWx0JTNEJTIyJTIyJTIwc3R5bGUlM0QlMjJoZWlnaHQlM0ElMjAxNTBweCUzQiUyMHdpZHRoJTNBJTIwMzAwcHglM0IlMjIlMkYlM0UlMEElMDklM0NpbWclMjBzcmMlM0QlMjJodHRwJTNBJTJGJTJGY2hpYXBhc3RvZG9pbmNsdWlkby5jb20lMkZ3ZWIlMkZ3cC1jb250ZW50JTJGdXBsb2FkcyUyRjIwMTUlMkYxMSUyRjMucG5nJTIyJTIwYWx0JTNEJTIyJTIyJTIwc3R5bGUlM0QlMjJoZWlnaHQlM0ElMjAxNTBweCUzQiUyMHdpZHRoJTNBJTIwMzAwcHglM0IlMjIlMjAlMkYlM0UlMEElMDklM0NpbWclMjBzcmMlM0QlMjJodHRwJTNBJTJGJTJGY2hpYXBhc3RvZG9pbmNsdWlkby5jb20lMkZ3ZWIlMkZ3cC1jb250ZW50JTJGdXBsb2FkcyUyRjIwMTUlMkYxMSUyRjQucG5nJTIyJTIwYWx0JTNEJTIyJTIyJTIwc3R5bGUlM0QlMjJoZWlnaHQlM0ElMjAxNTBweCUzQiUyMHdpZHRoJTNBJTIwMzAwcHglM0IlMjIlMjAlMkYlM0UlMEElMDklM0NpbWclMjBzcmMlM0QlMjJodHRwJTNBJTJGJTJGY2hpYXBhc3RvZG9pbmNsdWlkby5jb20lMkZ3ZWIlMkZ3cC1jb250ZW50JTJGdXBsb2FkcyUyRjIwMTUlMkYxMSUyRjUucG5nJTIyJTIwYWx0JTNEJTIyJTIyJTIwc3R5bGUlM0QlMjJoZWlnaHQlM0ElMjAxNTBweCUzQiUyMHdpZHRoJTNBJTIwMzAwcHglM0IlMjIlMjAlMkYlM0UlMEElMDklM0NpbWclMjBzcmMlM0QlMjJodHRwJTNBJTJGJTJGY2hpYXBhc3RvZG9pbmNsdWlkby5jb20lMkZ3ZWIlMkZ3cC1jb250ZW50JTJGdXBsb2FkcyUyRjIwMTUlMkYxMSUyRjYucG5nJTIyJTIwYWx0JTNEJTIyJTIyJTIwc3R5bGUlM0QlMjJoZWlnaHQlM0ElMjAxNTBweCUzQiUyMHdpZHRoJTNBJTIwMzAwcHglM0IlMjIlMjAlMkYlM0UlMEElMDklM0NpbWclMjBzcmMlM0QlMjJodHRwJTNBJTJGJTJGY2hpYXBhc3RvZG9pbmNsdWlkby5jb20lMkZ3ZWIlMkZ3cC1jb250ZW50JTJGdXBsb2FkcyUyRjIwMTUlMkYxMSUyRjcucG5nJTIyJTIwYWx0JTNEJTIyJTIyJTIwc3R5bGUlM0QlMjJoZWlnaHQlM0ElMjAxNTBweCUzQiUyMHdpZHRoJTNBJTIwMzAwcHglM0IlMjIlMjAlMkYlM0UlMEElM0MlMkZtYXJxdWVlJTNF [\/vc_raw_html][vc_empty_space height=&#8221;100px&#8221;][\/vc_column_inner][vc_column_inner width=&#8221;3\/12&#8243;][\/vc_column_inner][\/vc_row_inner][vc_row_inner][vc_column_inner width=&#8221;3\/12&#8243;][\/vc_column_inner][vc_column_inner width=&#8221;6\/12&#8243;][vc_column_text] PAQUETES VACACIONALES [\/vc_column_text][vc_raw_html]JTNDbWFycXVlZSUyMGJnY29sb3IlM0QlMjIlMjNGRkZGRkYlMjIlMjB3aWR0aCUzRCUyMjEwMCUyNSUyMiUyMHNjcm9sbGRlbGF5JTNEJTIyMTAwJTIyJTIwc2Nyb2xsYW1vdW50JTNEJTIyNSUyMiUyMGRpcmVjdGlvbiUzRCUyMnJpZ2h0JTIyJTIwbG9vcCUzRCUyMmluZmluaXRlJTIyJTNFJTBBJTA5JTNDYSUyMGhyZWYlM0QlMjJodHRwJTNBJTJGJTJGY2hpYXBhc3RvZG9pbmNsdWlkby5jb20lMkZ3ZWIlMkZjaGlhcGFzLWV4cHJlc3MlMkYlMjIlM0UlM0NpbWclMjBzcmMlM0QlMjJodHRwJTNBJTJGJTJGY2hpYXBhc3RvZG9pbmNsdWlkby5jb20lMkZ3ZWIlMkZ3cC1jb250ZW50JTJGdXBsb2FkcyUyRjIwMTUlMkYxMSUyRkV4cHJlc3MucG5nJTIyJTIwYWx0JTNEJTIyJTIyJTIwJTIwc3R5bGUlM0QlMjJoZWlnaHQlM0ElMjAxNTBweCUzQiUyMHdpZHRoJTNBJTIwMzAwcHglM0IlMjIlMjAlMkYlM0UlM0MlMkZhJTNFJTBBJTA5JTNDYSUyMGhyZWYlM0QlMjJodHRwJTNBJTJGJTJGY2hpYXBhc3RvZG9pbmNsdWlkby5jb20lMkZ3ZWIlMkZuYXR1cmFsZXphLXktY3VsdHVyYSUyRiUyMiUzRSUzQ2ltZyUyMHNyYyUzRCUyMmh0dHAlM0ElMkYlMkZjaGlhcGFzdG9kb2luY2x1aWRvLmNvbSUyRndlYiUyRndwLWNvbnRlbnQlMkZ1cGxvYWRzJTJGMjAxNSUyRjExJTJGTmF0X0N1bHQucG5nJTIyJTIwYWx0JTNEJTIyJTIyJTIwc3R5bGUlM0QlMjJoZWlnaHQlM0ElMjAxNTBweCUzQiUyMHdpZHRoJTNBJTIwMzAwcHglM0IlMjIlMjAlMkYlM0UlM0MlMkZhJTNFJTBBJTA5JTNDYSUyMGhyZWYlM0QlMjJodHRwJTNBJTJGJTJGY2hpYXBhc3RvZG9pbmNsdWlkby5jb20lMkZ3ZWIlMkZzb25pZG9zLWRlLWFndWEteS1zZWx2YSUyRiUyMiUzRSUzQ2ltZyUyMHNyYyUzRCUyMmh0dHAlM0ElMkYlMkZjaGlhcGFzdG9kb2luY2x1aWRvLmNvbSUyRndlYiUyRndwLWNvbnRlbnQlMkZ1cGxvYWRzJTJGMjAxNSUyRjExJTJGU29uaWRvc19TZWx2YS5wbmclMjIlMjBhbHQlM0QlMjIlMjIlMjBzdHlsZSUzRCUyMmhlaWdodCUzQSUyMDE1MHB4JTNCJTIwd2lkdGglM0ElMjAzMDBweCUzQiUyMiUyMCUyRiUzRSUzQyUyRmElM0UlMEElMjAlMjAlMjAlMjAlM0NhJTIwaHJlZiUzRCUyMmh0dHAlM0ElMkYlMkZjaGlhcGFzdG9kb2luY2x1aWRvLmNvbSUyRndlYiUyRmVzY3Vkby1qYWd1YXIlMkYlMjIlM0UlM0NpbWclMjBzcmMlM0QlMjJodHRwJTNBJTJGJTJGY2hpYXBhc3RvZG9pbmNsdWlkby5jb20lMkZ3ZWIlMkZ3cC1jb250ZW50JTJGdXBsb2FkcyUyRjIwMTUlMkYxMSUyRkphZ3Vhci5wbmclMjIlMjBhbHQlM0QlMjIlMjIlMjBzdHlsZSUzRCUyMmhlaWdodCUzQSUyMDE1MHB4JTNCJTIwd2lkdGglM0ElMjAzMDBweCUzQiUyMiUyRiUzRSUzQyUyRmElM0UlMEElMjAlMjAlMjAlMjAlM0NhJTIwaHJlZiUzRCUyMmh0dHAlM0ElMkYlMkZjaGlhcGFzdG9kb2luY2x1aWRvLmNvbSUyRndlYiUyRnRyYXZlc2lhLW1heWElMkYlMjIlM0UlM0NpbWclMjBzcmMlM0QlMjJodHRwJTNBJTJGJTJGY2hpYXBhc3RvZG9pbmNsdWlkby5jb20lMkZ3ZWIlMkZ3cC1jb250ZW50JTJGdXBsb2FkcyUyRjIwMTUlMkYxMSUyRlRyYXZlc2lhLnBuZyUyMiUyMGFsdCUzRCUyMiUyMiUyMHN0eWxlJTNEJTIyaGVpZ2h0JTNBJTIwMTUwcHglM0IlMjB3aWR0aCUzQSUyMDMwMHB4JTNCJTIyJTIwJTJGJTNFJTNDJTJGYSUzRSUwQSUzQyUyRm1hcnF1ZWUlM0U=[\/vc_raw_html][\/vc_column_inner][vc_column_inner width=&#8221;3\/12&#8243;][\/vc_column_inner][\/vc_row_inner][vc_empty_space height=&#8221;82px&#8221;][\/vc_column][\/vc_row][vc_row][vc_column width=&#8221;3\/12&#8243;][vc_column_text] [\/vc_column_text][\/vc_column][vc_column width=&#8221;3\/12&#8243;][vc_column_text] [\/vc_column_text][\/vc_column][vc_column width=&#8221;3\/12&#8243;][vc_column_text][\/vc_column_text][\/vc_column][vc_column width=&#8221;3\/12&#8243;][vc_column_text][\/vc_column_text][\/vc_column][\/vc_row][vc_row][vc_column][vc_empty_space height=&#8221;82px&#8221;][\/vc_column][\/vc_row][vc_row][vc_column width=&#8221;1\/4&#8243;][vc_raw_html]JTNDZGl2JTIwY2xhc3MlM0QlMjJfNC11MiUyMG12bSUyMF81ZWNiJTIwXzQtdTglMjBfNTJqdiUyMiUyMGlkJTNEJTIyZGV2c2l0ZVBsdWdpbkNvbmZpZ3VyYXRvckV4YW1wbGUlMjIlM0UlM0NkaXYlMjBpZCUzRCUyMnVfMF8wJTIyJTNFJTNDZGl2JTIwZGF0YS1ocmVmJTNEJTIyaHR0cHMlM0ElMkYlMkZ3d3cuZmFjZWJvb2suY29tJTJGY2hpYXBhc3RvZG9pbmNsdWlkbyUyRiUyMiUyMGRhdGEtdGFicyUzRCUyMnRpbWVsaW5lJTIyJTIwZGF0YS13aWR0aCUzRCUyMjEyMDAlMjIlMjBkYXRhLXNtYWxsLWhlYWRlciUzRCUyMmZhbHNlJTIyJTIwZGF0YS1hZGFwdC1jb250YWluZXItd2lkdGglM0QlMjJmYWxzZSUyMiUyMGRhdGEtaGlkZS1jb3ZlciUzRCUyMmZhbHNlJTIyJTIwZGF0YS1zaG93LWZhY2VwaWxlJTNEJTIydHJ1ZSUyMiUyMGNsYXNzJTNEJTIyZmItcGFnZSUyMGZiX2lmcmFtZV93aWRnZXQlMjIlMjBmYi14ZmJtbC1zdGF0ZSUzRCUyMnJlbmRlcmVkJTIyJTIwZmItaWZyYW1lLXBsdWdpbi1xdWVyeSUzRCUyMmFkYXB0X2NvbnRhaW5lcl93aWR0aCUzRGZhbHNlJTI2YW1wJTNCYXBwX2lkJTNEMTEzODY5MTk4NjM3NDgwJTI2YW1wJTNCY29udGFpbmVyX3dpZHRoJTNENzM0JTI2YW1wJTNCaGlkZV9jb3ZlciUzRGZhbHNlJTI2YW1wJTNCaHJlZiUzRGh0dHBzJTI1M0ElMjUyRiUyNTJGd3d3LmZhY2Vib29rLmNvbSUyNTJGY2hpYXBhc3RvZG9pbmNsdWlkbyUyNTJGJTI2YW1wJTNCbG9jYWxlJTNEZXNfRVMlMjZhbXAlM0JzZGslM0Rqb2V5JTI2YW1wJTNCc2hvd19mYWNlcGlsZSUzRHRydWUlMjZhbXAlM0JzbWFsbF9oZWFkZXIlM0RmYWxzZSUyNmFtcCUzQnRhYnMlM0R0aW1lbGluZSUyNmFtcCUzQndpZHRoJTNEMTIwMCUyMiUzRSUzQ3NwYW4lMjBzdHlsZSUzRCUyMnZlcnRpY2FsLWFsaWduJTNBJTIwYm90dG9tJTNCJTIwd2lkdGglM0ElMjA1MDBweCUzQiUyMGhlaWdodCUzQSUyMDUwMHB4JTNCJTIyJTNFJTNDaWZyYW1lJTIwbmFtZSUzRCUyMmYzYTUzOGNiYmIxOTU1OCUyMiUyMHdpZHRoJTNEJTIyMTIwMHB4JTIyJTIwaGVpZ2h0JTNEJTIyMTAwMHB4JTIyJTIwZGF0YS10ZXN0aWQlM0QlMjJmYiUzQXBhZ2UlMjBGYWNlYm9vayUyMFNvY2lhbCUyMFBsdWdpbiUyMiUyMHRpdGxlJTNEJTIyZmIlM0FwYWdlJTIwRmFjZWJvb2slMjBTb2NpYWwlMjBQbHVnaW4lMjIlMjBmcmFtZWJvcmRlciUzRCUyMjAlMjIlMjBhbGxvd3RyYW5zcGFyZW5jeSUzRCUyMnRydWUlMjIlMjBhbGxvd2Z1bGxzY3JlZW4lM0QlMjJ0cnVlJTIyJTIwc2Nyb2xsaW5nJTNEJTIybm8lMjIlMjBhbGxvdyUzRCUyMmVuY3J5cHRlZC1tZWRpYSUyMiUyMHNyYyUzRCUyMmh0dHBzJTNBJTJGJTJGd3d3LmZhY2Vib29rLmNvbSUyRnY4LjAlMkZwbHVnaW5zJTJGcGFnZS5waHAlM0ZhZGFwdF9jb250YWluZXJfd2lkdGglM0RmYWxzZSUyNmFtcCUzQmFwcF9pZCUzRDExMzg2OTE5ODYzNzQ4MCUyNmFtcCUzQmNoYW5uZWwlM0RodHRwcyUyNTNBJTI1MkYlMjUyRnN0YXRpY3h4LmZhY2Vib29rLmNvbSUyNTJGeCUyNTJGY29ubmVjdCUyNTJGeGRfYXJiaXRlciUyNTJGJTI1M0Z2ZXJzaW9uJTI1M0Q0NiUyNTIzY2IlMjUzRGYzOWMzYTk3MTZhNWI0YyUyNTI2ZG9tYWluJTI1M0RkZXZlbG9wZXJzLmZhY2Vib29rLmNvbSUyNTI2b3JpZ2luJTI1M0RodHRwcyUyNTI1M0ElMjUyNTJGJTI1MjUyRmRldmVsb3BlcnMuZmFjZWJvb2suY29tJTI1MjUyRmYxMzEzYTUxYjA2Y2U4NCUyNTI2cmVsYXRpb24lMjUzRHBhcmVudC5wYXJlbnQlMjZhbXAlM0Jjb250YWluZXJfd2lkdGglM0Q3MzQlMjZhbXAlM0JoaWRlX2NvdmVyJTNEZmFsc2UlMjZhbXAlM0JocmVmJTNEaHR0cHMlMjUzQSUyNTJGJTI1MkZ3d3cuZmFjZWJvb2suY29tJTI1MkZjaGlhcGFzdG9kb2luY2x1aWRvJTI1MkYlMjZhbXAlM0Jsb2NhbGUlM0Rlc19FUyUyNmFtcCUzQnNkayUzRGpvZXklMjZhbXAlM0JzaG93X2ZhY2VwaWxlJTNEdHJ1ZSUyNmFtcCUzQnNtYWxsX2hlYWRlciUzRGZhbHNlJTI2YW1wJTNCdGFicyUzRHRpbWVsaW5lJTI2YW1wJTNCd2lkdGglM0QxMjAwJTIyJTIwc3R5bGUlM0QlMjJib3JkZXIlM0ElMjBub25lJTNCJTIwdmlzaWJpbGl0eSUzQSUyMHZpc2libGUlM0IlMjB3aWR0aCUzQSUyMDUwMHB4JTNCJTIwaGVpZ2h0JTNBJTIwNTAwcHglM0IlMjIlMjBjbGFzcyUzRCUyMiUyMiUzRSUzQyUyRmlmcmFtZSUzRSUzQyUyRnNwYW4lM0UlM0MlMkZkaXYlM0UlM0MlMkZkaXYlM0UlM0MlMkZkaXYlM0U=[\/vc_raw_html][vc_raw_html] JTNDbWFycXVlZSUyMGJnY29sb3IlM0QlMjIlMjNGRkZGRkYlMjIlMjB3aWR0aCUzRCUyMjEwMCUyNSUyMiUyMHNjcm9sbGRlbGF5JTNEJTIyMTAwJTIyJTIwc2Nyb2xsYW1vdW50JTNEJTIyNSUyMiUyMGRpcmVjdGlvbiUzRCUyMmRvd24lMjIlMjBsb29wJTNEJTIyaW5maW5pdGUlMjIlM0UlMEElMDklM0NpbWclMjBzcmMlM0QlMjJodHRwJTNBJTJGJTJGY2hpYXBhc3RvZG9pbmNsdWlkby5jb20lMkZ3ZWIlMkZ3cC1jb250ZW50JTJGdXBsb2FkcyUyRjIwMTUlMkYxMSUyRmxheTIucG5nJTIyJTIwYWx0JTNEJTIyJTIyJTIwJTIwJTIwc3R5bGUlM0QlMjJoZWlnaHQlM0ElMjAxNTBweCUzQiUyMHdpZHRoJTNBJTIwMTAwJTI1JTNCJTIwaGVpZ2h0JTNBNDAwcHglM0IlMjIlMkYlM0UlMEElM0MlMkZtYXJxdWVlJTNF [\/vc_raw_html][\/vc_column][vc_column width=&#8221;1\/2&#8243;][vc_column_text] Chiapas Todo Incluido Desde la costa del pac\u00edfico hasta sus agrestes y escarpadas sierras, pasando imponentes ca\u00f1ones, insondables selvas, volcanes, planicies y sembrad\u00edos; toda la [&hellip;]<\/p>\n","protected":false},"author":1,"featured_media":0,"parent":0,"menu_order":0,"comment_status":"closed","ping_status":"closed","template":"","meta":{"footnotes":""},"class_list":["post-39","page","type-page","status-publish","hentry"],"_links":{"self":[{"href":"https:\/\/chiapastodoincluido.com\/sitio\/wp-json\/wp\/v2\/pages\/39","targetHints":{"allow":["GET"]}}],"collection":[{"href":"https:\/\/chiapastodoincluido.com\/sitio\/wp-json\/wp\/v2\/pages"}],"about":[{"href":"https:\/\/chiapastodoincluido.com\/sitio\/wp-json\/wp\/v2\/types\/page"}],"author":[{"embeddable":true,"href":"https:\/\/chiapastodoincluido.com\/sitio\/wp-json\/wp\/v2\/users\/1"}],"replies":[{"embeddable":true,"href":"https:\/\/chiapastodoincluido.com\/sitio\/wp-json\/wp\/v2\/comments?post=39"}],"version-history":[{"count":0,"href":"https:\/\/chiapastodoincluido.com\/sitio\/wp-json\/wp\/v2\/pages\/39\/revisions"}],"wp:attachment":[{"href":"https:\/\/chiapastodoincluido.com\/sitio\/wp-json\/wp\/v2\/media?parent=39"}],"curies":[{"name":"wp","href":"https:\/\/api.w.org\/{rel}","templated":true}]}}