{"id":402,"date":"2016-08-15T15:51:51","date_gmt":"2016-08-15T21:51:51","guid":{"rendered":"http:\/\/chiapastodoincluido.com\/web\/?page_id=402"},"modified":"2016-08-15T15:51:51","modified_gmt":"2016-08-15T21:51:51","slug":"merida-ciudad-blanca","status":"publish","type":"page","link":"https:\/\/chiapastodoincluido.com\/sitio\/merida-ciudad-blanca\/","title":{"rendered":"MERIDA CIUDAD BLANCA"},"content":{"rendered":"<div class=\"wpb-content-wrapper\"><p>[vc_row][vc_column width=&#8221;4\/12&#8243;][vc_single_image image=&#8221;469&#8243; img_size=&#8221;full&#8221; style=&#8221;vc_box_rounded&#8221;][vc_empty_space][vc_single_image image=&#8221;472&#8243; img_size=&#8221;full&#8221; style=&#8221;vc_box_rounded&#8221; onclick=&#8221;custom_link&#8221; link=&#8221;http:\/\/chiapastodoincluido.com\/web\/enigmaticas-ruinas-mayas\/&#8221;][vc_empty_space][vc_single_image image=&#8221;466&#8243; img_size=&#8221;full&#8221; style=&#8221;vc_box_rounded&#8221; onclick=&#8221;custom_link&#8221; link=&#8221;http:\/\/chiapastodoincluido.com\/web\/excursiones-mayas\/&#8221;][vc_empty_space][vc_single_image image=&#8221;471&#8243; img_size=&#8221;full&#8221; style=&#8221;vc_box_rounded&#8221; onclick=&#8221;custom_link&#8221; link=&#8221;http:\/\/chiapastodoincluido.com\/web\/naturaleza-maya\/&#8221;][vc_empty_space][vc_single_image image=&#8221;467&#8243; img_size=&#8221;full&#8221; style=&#8221;vc_box_rounded&#8221; onclick=&#8221;custom_link&#8221; link=&#8221;http:\/\/chiapastodoincluido.com\/web\/herencia-mayas\/&#8221;][vc_empty_space][vc_single_image image=&#8221;470&#8243; img_size=&#8221;full&#8221; style=&#8221;vc_box_rounded&#8221; onclick=&#8221;custom_link&#8221; link=&#8221;http:\/\/chiapastodoincluido.com\/web\/mundo-maya\/&#8221;][vc_empty_space][vc_single_image image=&#8221;468&#8243; img_size=&#8221;full&#8221; style=&#8221;vc_box_rounded&#8221; onclick=&#8221;custom_link&#8221; link=&#8221;http:\/\/chiapastodoincluido.com\/web\/isla-mujeres-en-catamaran\/&#8221;][\/vc_column][vc_column width=&#8221;8\/12&#8243;][vc_column_text]<\/p>\n<p style=\"text-align: justify;\">Punto de Encuentro:\u00a0Lobby del Hotel<br \/>\nHora de Salida:\u00a007:15:00\u00a0| Hora de Regreso:\u00a020:30:00<br \/>\nTraslado Incluido desde: |\u00a0Canc\u00fan\u00a0|\u00a0Playa del Carmen\u00a0|<\/p>\n<ul style=\"text-align: justify;\">\n<li>D\u00edas de Operacion:\u00a0<span style=\"text-decoration: line-through;\">Lunes<\/span>|\u00a0<span style=\"text-decoration: line-through;\">Martes<\/span>\u00a0|\u00a0Mi\u00e9rcoles\u00a0|\u00a0<span style=\"text-decoration: line-through;\">Jueves<\/span>\u00a0|\u00a0<span style=\"text-decoration: line-through;\">Viernes<\/span>\u00a0|\u00a0<span style=\"text-decoration: line-through;\">S\u00e1bado<\/span>\u00a0|\u00a0<span style=\"text-decoration: line-through;\">Domingo<\/span><\/li>\n<\/ul>\n<p style=\"text-align: justify;\">Interesado por Explorar el Mundo Maya en M\u00e9xico? el Paquete -Mini Yucat\u00e1n- de dos d\u00edas y una noche es su mejor opci\u00f3n, dise\u00f1ado especialmente para aquellas personas interesadas en conocer m\u00e1s acerca de la gente que habita en el Sureste de M\u00e9xico, una excursi\u00f3n que nos transporta al pasado para descubrir una gran civilizaci\u00f3n: -LOS MAYAS-, visitaremos M\u00e9rida, Uxmal, Izamal y Chichen Itza en la Pen\u00ednsula de Yucat\u00e1n.<\/p>\n<p style=\"text-align: justify;\">La Ciudad Blanca de M\u00e9rida, Yucat\u00e1n, en la plaza principal tendr\u00e1 la oportunidad de conocer la Casa de Don Francisco de Montejo, el Palacio, la Catedral y muchos edificios hist\u00f3ricos. Izamal es una hermosa poblaci\u00f3n colonial fundada a mediados del siglo XVI sobre los vestigios de una antigua ciudad maya, aqu\u00ed se encuentra el Convento dedicado a San Antonio de Padua y uno de los atriums m\u00e1s grandes del mundo.<\/p>\n<p style=\"text-align: justify;\">Uxmal es una antigua ciudad maya del periodo cl\u00e1sico. En la actualidad es uno de los m\u00e1s importantes yacimientos arqueol\u00f3gicos de la cultura maya. Chichen Itza es uno de los principales sitios arqueol\u00f3gicos de la pen\u00ednsula de Yucat\u00e1n, en M\u00e9xico, ubicado en el municipio de Tinum, en el estado de Yucat\u00e1n. Vestigio importante y renombrado de la civilizaci\u00f3n maya, las edificaciones principales que ah\u00ed perduran corresponden a la \u00e9poca de la declinaci\u00f3n de la propia cultura maya denominada por los arque\u00f3logos como el per\u00edodo poscl\u00e1sico.<\/p>\n<p style=\"text-align: justify;\">ITINERARIO:<\/p>\n<p style=\"text-align: justify;\"><strong>DIA 1<\/strong><\/p>\n<ul style=\"text-align: justify;\">\n<li>07:15 am. Salida del Lobby de su hotel, para dirigirse a la magn\u00edfica Zona Arqueol\u00f3gica de Uxmal.<\/li>\n<li>13:30 pm. Comida en un Restaurante regional.<\/li>\n<li>14:30 pm. Nos trasladamos a M\u00e9rida, explicaci\u00f3n de la Plaza Principal y registro en hotel, tarde libre.<\/li>\n<\/ul>\n<p style=\"text-align: justify;\"><strong>DIA 2<\/strong><\/p>\n<ul style=\"text-align: justify;\">\n<li>07:15 am. Desayuno en el hotel (No incluido).<\/li>\n<li>08:30 am. Despu\u00e9s del check out en el hotel, continuaremos con la excursi\u00f3n visitando Izamal; una ciudad fundada en 1553 por los Monjes Franciscanos, constructores del convento dedicado a San Antonio de Padua, Izamal cuenta con uno de los atriums m\u00e1s grandes del mundo, dise\u00f1ado sobre una gran plataforma Maya. Despu\u00e9s nos trasladaremos a las Ruinas de Chichen Itz\u00e1 para conocer y explorar el Castillo, el Juego de Pelota, el Cenote Sagrado, el Observatorio, etc., nuestro Gu\u00eda Certificado siempre nos acompa\u00f1ar\u00e1 y revelar\u00e1 los Secretos de esta gran Civilizaci\u00f3n: LOS MAYAS.<\/li>\n<li>14:00 pm. Disfrutaremos de una comida Buffet.<\/li>\n<li>18:30 pm. Regreso a sus respectivos hoteles.<\/li>\n<\/ul>\n<p style=\"text-align: justify;\"><strong>ESTE TOUR INCLUYE:<\/strong><\/p>\n<p style=\"text-align: justify;\">Transporte en Vans o Autobus con A\/A.<\/p>\n<p style=\"text-align: justify;\">Una noche de hotel en base doble (dos personas).<\/p>\n<p style=\"text-align: justify;\">Entrada a las Zonas Arqueol\u00f3gicas.<\/p>\n<p style=\"text-align: justify;\">Dos comidas.<\/p>\n<p style=\"text-align: justify;\">EL PRECIO DEL TOUR NO INCLUYE:<\/p>\n<p style=\"text-align: justify;\">Bebidas durante las dos comidas.<\/p>\n<p style=\"text-align: justify;\">Desayuno del segundo d\u00eda.<\/p>\n<p style=\"text-align: justify;\">Propinas y gastos personales.<\/p>\n<p style=\"text-align: justify;\"><strong>INFORMACION GENERAL:<\/strong><\/p>\n<p style=\"text-align: justify;\">Salidas garantizadas los d\u00edas MIERCOLES.<\/p>\n<p style=\"text-align: justify;\">Servicio Privado cualquier d\u00eda del mes, reservando m\u00ednimo 6 personas.<\/p>\n<p style=\"text-align: justify;\">La habitaci\u00f3n es para dos personas, en caso de reserva individual, aplica un suplemento extra de $60 USD.<\/p>\n<p style=\"text-align: justify;\">El Hotel para esta excursi\u00f3n es de Tres Estrellas, ubicado en el Centro de M\u00e9rida, Yucat\u00e1n.<\/p>\n<p style=\"text-align: justify;\">Recomendable llevar dinero en efectivo, en algunos lugares no son aceptadas las tarjetas de cr\u00e9dito o d\u00e9bito.<\/p>\n<p style=\"text-align: justify;\">Lleve lo necesario, durante nuestro recorrido tendremos varias paradas.<\/p>\n<p style=\"text-align: justify;\">No olvide su c\u00e1mara fotogr\u00e1fica y cargador (energ\u00eda 110V).<\/p>\n<p style=\"text-align: justify;\"><strong>PRECIO DEL TOUR POR PERSONA: MXN | PESOS MEXICANOS<\/strong><\/p>\n<p style=\"text-align: justify;\">7,383.40\u00a0\u00a0\u00a0\u00a0\u00a0 5,510.00\u00a0\u00a0\u00a0\u00a0\u00a0\u00a0 Adultos.<\/p>\n<p style=\"text-align: justify;\">5,041.08\u00a0\u00a0\u00a0\u00a0\u00a0 3,762.00\u00a0\u00a0\u00a0\u00a0\u00a0 Juniors de 5 &#8211; 10 A\u00f1os.<\/p>\n<p style=\"text-align: justify;\">Gratis, Infantes menores de 5 A\u00f1os.<\/p>\n<p style=\"text-align: justify;\">Precio con Descuento v\u00e1lido reservando por Internet, Impuestos Incluidos.<\/p>\n<h4 style=\"text-align: justify;\"><a href=\"http:\/\/chiapastodoincluido.com\/web\/politicas-de-la-empresa\/\"><span style=\"color: #0000ff;\">Ver pol\u00edticas de la Empresa<\/span><\/a><\/h4>\n<p>[\/vc_column_text][\/vc_column][\/vc_row]<\/p>\n<\/div>","protected":false},"excerpt":{"rendered":"<p>[vc_row][vc_column width=&#8221;4\/12&#8243;][vc_single_image image=&#8221;469&#8243; img_size=&#8221;full&#8221; style=&#8221;vc_box_rounded&#8221;][vc_empty_space][vc_single_image image=&#8221;472&#8243; img_size=&#8221;full&#8221; style=&#8221;vc_box_rounded&#8221; onclick=&#8221;custom_link&#8221; link=&#8221;http:\/\/chiapastodoincluido.com\/web\/enigmaticas-ruinas-mayas\/&#8221;][vc_empty_space][vc_single_image image=&#8221;466&#8243; img_size=&#8221;full&#8221; style=&#8221;vc_box_rounded&#8221; onclick=&#8221;custom_link&#8221; link=&#8221;http:\/\/chiapastodoincluido.com\/web\/excursiones-mayas\/&#8221;][vc_empty_space][vc_single_image image=&#8221;471&#8243; img_size=&#8221;full&#8221; style=&#8221;vc_box_rounded&#8221; onclick=&#8221;custom_link&#8221; link=&#8221;http:\/\/chiapastodoincluido.com\/web\/naturaleza-maya\/&#8221;][vc_empty_space][vc_single_image image=&#8221;467&#8243; img_size=&#8221;full&#8221; style=&#8221;vc_box_rounded&#8221; onclick=&#8221;custom_link&#8221; link=&#8221;http:\/\/chiapastodoincluido.com\/web\/herencia-mayas\/&#8221;][vc_empty_space][vc_single_image image=&#8221;470&#8243; img_size=&#8221;full&#8221; style=&#8221;vc_box_rounded&#8221; onclick=&#8221;custom_link&#8221; link=&#8221;http:\/\/chiapastodoincluido.com\/web\/mundo-maya\/&#8221;][vc_empty_space][vc_single_image image=&#8221;468&#8243; img_size=&#8221;full&#8221; style=&#8221;vc_box_rounded&#8221; onclick=&#8221;custom_link&#8221; link=&#8221;http:\/\/chiapastodoincluido.com\/web\/isla-mujeres-en-catamaran\/&#8221;][\/vc_column][vc_column width=&#8221;8\/12&#8243;][vc_column_text] Punto de Encuentro:\u00a0Lobby del Hotel Hora de Salida:\u00a007:15:00\u00a0| Hora de Regreso:\u00a020:30:00 Traslado Incluido desde: |\u00a0Canc\u00fan\u00a0|\u00a0Playa del Carmen\u00a0| D\u00edas de [&hellip;]<\/p>\n","protected":false},"author":1,"featured_media":0,"parent":0,"menu_order":0,"comment_status":"closed","ping_status":"closed","template":"","meta":{"footnotes":""},"class_list":["post-402","page","type-page","status-publish","hentry"],"_links":{"self":[{"href":"https:\/\/chiapastodoincluido.com\/sitio\/wp-json\/wp\/v2\/pages\/402","targetHints":{"allow":["GET"]}}],"collection":[{"href":"https:\/\/chiapastodoincluido.com\/sitio\/wp-json\/wp\/v2\/pages"}],"about":[{"href":"https:\/\/chiapastodoincluido.com\/sitio\/wp-json\/wp\/v2\/types\/page"}],"author":[{"embeddable":true,"href":"https:\/\/chiapastodoincluido.com\/sitio\/wp-json\/wp\/v2\/users\/1"}],"replies":[{"embeddable":true,"href":"https:\/\/chiapastodoincluido.com\/sitio\/wp-json\/wp\/v2\/comments?post=402"}],"version-history":[{"count":0,"href":"https:\/\/chiapastodoincluido.com\/sitio\/wp-json\/wp\/v2\/pages\/402\/revisions"}],"wp:attachment":[{"href":"https:\/\/chiapastodoincluido.com\/sitio\/wp-json\/wp\/v2\/media?parent=402"}],"curies":[{"name":"wp","href":"https:\/\/api.w.org\/{rel}","templated":true}]}}