{"id":409,"date":"2016-08-15T15:56:50","date_gmt":"2016-08-15T21:56:50","guid":{"rendered":"http:\/\/chiapastodoincluido.com\/web\/?page_id=409"},"modified":"2016-08-15T15:56:50","modified_gmt":"2016-08-15T21:56:50","slug":"enigmaticas-ruinas-mayas","status":"publish","type":"page","link":"https:\/\/chiapastodoincluido.com\/sitio\/enigmaticas-ruinas-mayas\/","title":{"rendered":"ENIGMATICAS RUINAS MAYAS"},"content":{"rendered":"<div class=\"wpb-content-wrapper\"><p>[vc_row][vc_column width=&#8221;4\/12&#8243;][vc_single_image image=&#8221;469&#8243; img_size=&#8221;full&#8221; style=&#8221;vc_box_rounded&#8221; onclick=&#8221;custom_link&#8221; link=&#8221;http:\/\/chiapastodoincluido.com\/web\/merida-ciudad-blanca\/&#8221;][vc_empty_space][vc_single_image image=&#8221;472&#8243; img_size=&#8221;full&#8221; style=&#8221;vc_box_rounded&#8221;][vc_empty_space][vc_single_image image=&#8221;466&#8243; img_size=&#8221;full&#8221; style=&#8221;vc_box_rounded&#8221; onclick=&#8221;custom_link&#8221; link=&#8221;http:\/\/chiapastodoincluido.com\/web\/excursiones-mayas\/&#8221;][vc_empty_space][vc_single_image image=&#8221;471&#8243; img_size=&#8221;full&#8221; style=&#8221;vc_box_rounded&#8221; onclick=&#8221;custom_link&#8221; link=&#8221;http:\/\/chiapastodoincluido.com\/web\/naturaleza-maya\/&#8221;][vc_empty_space][vc_single_image image=&#8221;467&#8243; img_size=&#8221;full&#8221; style=&#8221;vc_box_rounded&#8221; onclick=&#8221;custom_link&#8221; link=&#8221;http:\/\/chiapastodoincluido.com\/web\/herencia-mayas\/&#8221;][vc_empty_space][vc_single_image image=&#8221;470&#8243; img_size=&#8221;full&#8221; style=&#8221;vc_box_rounded&#8221; onclick=&#8221;custom_link&#8221; link=&#8221;http:\/\/chiapastodoincluido.com\/web\/mundo-maya\/&#8221;][vc_empty_space][vc_single_image image=&#8221;468&#8243; img_size=&#8221;full&#8221; style=&#8221;vc_box_rounded&#8221; onclick=&#8221;custom_link&#8221; link=&#8221;http:\/\/chiapastodoincluido.com\/web\/isla-mujeres-en-catamaran\/&#8221;][\/vc_column][vc_column width=&#8221;8\/12&#8243;][vc_column_text]<\/p>\n<p style=\"text-align: justify;\">Punto de Encuentro:\u00a0Lobby del Hotel<br \/>\nHora de Salida:\u00a008:30:00\u00a0| Hora de Regreso:\u00a018:00:00<br \/>\nTraslado Incluido desde: |\u00a0Canc\u00fan\u00a0|\u00a0Playa del Carmen\u00a0|\u00a0Riviera Maya\u00a0|<\/p>\n<ul style=\"text-align: justify;\">\n<li>D\u00edas de Operacion:\u00a0Lunes\u00a0|\u00a0Martes\u00a0|\u00a0Mi\u00e9rcoles\u00a0|\u00a0Jueves\u00a0|\u00a0Viernes\u00a0|\u00a0S\u00e1bado\u00a0|\u00a0Domingo<\/li>\n<\/ul>\n<p style=\"text-align: justify;\">Un recorrido de 3 d\u00edas por las enigm\u00e1ticas Ruinas Mayas de Tulum, Coba, Uxmal, Kabah, Chichen Itz\u00e1 y 2 hermosas Ciudades Coloniales como M\u00e9rida y Valladolid, esta Excursi\u00f3n ha sido creada para aquellas personas interesadas en conocer m\u00e1s acerca de la gente que habita el Sureste de M\u00e9xico: La Pen\u00ednsula de Yucat\u00e1n, nos transportaremos al pasado para descubrir los Secretos de una Gran Civilizaci\u00f3n: LOS MAYAS.<\/p>\n<p style=\"text-align: justify;\">ITINERARIO:<\/p>\n<p style=\"text-align: justify;\"><strong>D\u00eda 1<\/strong><\/p>\n<p style=\"text-align: justify;\">Salida de Canc\u00fan a M\u00e9rida, en el trayecto visitaremos la Zona Arqueol\u00f3gica de TULUM, Ciudad Maya construida frente al Mar Caribe la cual fue de suma importancia para el comercio mar\u00edtimo con Centro Am\u00e9rica. Tambi\u00e9n visitaremos la Zona Arqueol\u00f3gica de COBA, ciudad maya muy importante para el comercio terrestre ya que cuenta con diversos caminos blancos los cuales serv\u00edan de comunicaci\u00f3n, de este lugar sale el camino m\u00e1s largo que se ha descubierto, el cual cuenta con 100 kil\u00f3metros de largo. Continuaremos a MERIDA. Pernocta.<\/p>\n<p style=\"text-align: justify;\"><strong>D\u00eda 2<br \/>\n<\/strong><\/p>\n<p style=\"text-align: justify;\">Salida de M\u00e9rida para visitar la Zona Arqueol\u00f3gica de UXMAL, su magn\u00edfico Templo del Adivino, el Cuadr\u00e1ngulo de las Monjas, lugar que lo dejar\u00e1 impactado por su decoraci\u00f3n, tambi\u00e9n visitaremos la Zona Arqueol\u00f3gica de KABAH la cual cuenta con una pared decorada con Mascarones del Dios Chaac (Dios del Agua) y su famoso arco. Regreso a M\u00e9rida. Pernocta.<\/p>\n<p style=\"text-align: justify;\"><strong>D\u00eda 3<\/strong><\/p>\n<p style=\"text-align: justify;\">Salida de M\u00e9rida a Canc\u00fan, en el trayecto visitaremos la Zona Arqueol\u00f3gica de CHICHEN ITZA, admirando su majestuoso CASTILLO o TEMPLO DE KUKULC\u00c1N, el Cenote Sagrado, el Juego de Pelota as\u00ed como el famoso Observatorio, continuaremos hacia VALLADOLID, ciudad muy similar a M\u00e9rida, despu\u00e9s de un breve recorrido iniciaremos nuestro regreso a sus respectivos hoteles.<\/p>\n<p style=\"text-align: justify;\"><strong>ESTE TOUR INCLUYE:<\/strong><\/p>\n<p style=\"text-align: justify;\">Transporte en Vans o Autobus con A\/A.<\/p>\n<p style=\"text-align: justify;\">Gu\u00eda Oficial Certificado.<\/p>\n<p style=\"text-align: justify;\">Dos noches de hotel en base doble (dos personas).<\/p>\n<p style=\"text-align: justify;\">Entrada a las Zonas Arqueol\u00f3gicas.<\/p>\n<p style=\"text-align: justify;\">Autopistas.<\/p>\n<p style=\"text-align: justify;\"><strong>EL PRECIO DEL TOUR NO INCLUYE:<\/strong><\/p>\n<p style=\"text-align: justify;\">Alimentos y Bebidas.<\/p>\n<p style=\"text-align: justify;\">Propinas y gastos personales.<\/p>\n<p style=\"text-align: justify;\"><strong>INFORMACION GENERAL:<\/strong><\/p>\n<p style=\"text-align: justify;\">Salidas garantizadas todos los d\u00edas reservando m\u00ednimo 2 personas.<\/p>\n<p style=\"text-align: justify;\">El Hotel para esta excursi\u00f3n es de Tres Estrellas, ubicado en el Centro de M\u00e9rida, Yucat\u00e1n.<\/p>\n<p style=\"text-align: justify;\">Recomendable llevar dinero en efectivo, en muchos lugares no son aceptadas las tarjetas de cr\u00e9dito o d\u00e9bito.<\/p>\n<p style=\"text-align: justify;\">Lleve lo necesario, durante nuestro recorrido tendremos varias paradas.<\/p>\n<p style=\"text-align: justify;\">No olvide su c\u00e1mara fotogr\u00e1fica y cargador (energ\u00eda 110V).<\/p>\n<p style=\"text-align: justify;\"><strong>PRECIO DEL TOUR POR PERSONA: MXN | PESOS MEXICANOS<\/strong><\/p>\n<p style=\"text-align: justify;\">16,778.14\u00a0\u00a0\u00a0\u00a0\u00a0 12,521.00\u00a0\u00a0\u00a0\u00a0\u00a0\u00a0 Adultos.<\/p>\n<p style=\"text-align: justify;\">15,276.00\u00a0\u00a0\u00a0\u00a0\u00a0 11,400.00\u00a0\u00a0\u00a0\u00a0\u00a0 Juniors de 5 &#8211; 11 A\u00f1os.<\/p>\n<p style=\"text-align: justify;\">Gratis, Infantes menores de 5 A\u00f1os.<\/p>\n<h4 style=\"text-align: justify;\"><a href=\"http:\/\/chiapastodoincluido.com\/web\/politicas-de-la-empresa\/\"><span style=\"color: #0000ff;\">Ver pol\u00edticas de la Empresa<\/span><\/a><\/h4>\n<p>[\/vc_column_text][\/vc_column][\/vc_row]<\/p>\n<\/div>","protected":false},"excerpt":{"rendered":"<p>[vc_row][vc_column width=&#8221;4\/12&#8243;][vc_single_image image=&#8221;469&#8243; img_size=&#8221;full&#8221; style=&#8221;vc_box_rounded&#8221; onclick=&#8221;custom_link&#8221; link=&#8221;http:\/\/chiapastodoincluido.com\/web\/merida-ciudad-blanca\/&#8221;][vc_empty_space][vc_single_image image=&#8221;472&#8243; img_size=&#8221;full&#8221; style=&#8221;vc_box_rounded&#8221;][vc_empty_space][vc_single_image image=&#8221;466&#8243; img_size=&#8221;full&#8221; style=&#8221;vc_box_rounded&#8221; onclick=&#8221;custom_link&#8221; link=&#8221;http:\/\/chiapastodoincluido.com\/web\/excursiones-mayas\/&#8221;][vc_empty_space][vc_single_image image=&#8221;471&#8243; img_size=&#8221;full&#8221; style=&#8221;vc_box_rounded&#8221; onclick=&#8221;custom_link&#8221; link=&#8221;http:\/\/chiapastodoincluido.com\/web\/naturaleza-maya\/&#8221;][vc_empty_space][vc_single_image image=&#8221;467&#8243; img_size=&#8221;full&#8221; style=&#8221;vc_box_rounded&#8221; onclick=&#8221;custom_link&#8221; link=&#8221;http:\/\/chiapastodoincluido.com\/web\/herencia-mayas\/&#8221;][vc_empty_space][vc_single_image image=&#8221;470&#8243; img_size=&#8221;full&#8221; style=&#8221;vc_box_rounded&#8221; onclick=&#8221;custom_link&#8221; link=&#8221;http:\/\/chiapastodoincluido.com\/web\/mundo-maya\/&#8221;][vc_empty_space][vc_single_image image=&#8221;468&#8243; img_size=&#8221;full&#8221; style=&#8221;vc_box_rounded&#8221; onclick=&#8221;custom_link&#8221; link=&#8221;http:\/\/chiapastodoincluido.com\/web\/isla-mujeres-en-catamaran\/&#8221;][\/vc_column][vc_column width=&#8221;8\/12&#8243;][vc_column_text] Punto de Encuentro:\u00a0Lobby del Hotel Hora de Salida:\u00a008:30:00\u00a0| Hora de Regreso:\u00a018:00:00 Traslado Incluido desde: |\u00a0Canc\u00fan\u00a0|\u00a0Playa del Carmen\u00a0|\u00a0Riviera Maya\u00a0| D\u00edas [&hellip;]<\/p>\n","protected":false},"author":1,"featured_media":0,"parent":0,"menu_order":0,"comment_status":"closed","ping_status":"closed","template":"","meta":{"footnotes":""},"class_list":["post-409","page","type-page","status-publish","hentry"],"_links":{"self":[{"href":"https:\/\/chiapastodoincluido.com\/sitio\/wp-json\/wp\/v2\/pages\/409","targetHints":{"allow":["GET"]}}],"collection":[{"href":"https:\/\/chiapastodoincluido.com\/sitio\/wp-json\/wp\/v2\/pages"}],"about":[{"href":"https:\/\/chiapastodoincluido.com\/sitio\/wp-json\/wp\/v2\/types\/page"}],"author":[{"embeddable":true,"href":"https:\/\/chiapastodoincluido.com\/sitio\/wp-json\/wp\/v2\/users\/1"}],"replies":[{"embeddable":true,"href":"https:\/\/chiapastodoincluido.com\/sitio\/wp-json\/wp\/v2\/comments?post=409"}],"version-history":[{"count":0,"href":"https:\/\/chiapastodoincluido.com\/sitio\/wp-json\/wp\/v2\/pages\/409\/revisions"}],"wp:attachment":[{"href":"https:\/\/chiapastodoincluido.com\/sitio\/wp-json\/wp\/v2\/media?parent=409"}],"curies":[{"name":"wp","href":"https:\/\/api.w.org\/{rel}","templated":true}]}}