{"id":421,"date":"2016-08-15T16:06:45","date_gmt":"2016-08-15T22:06:45","guid":{"rendered":"http:\/\/chiapastodoincluido.com\/web\/?page_id=421"},"modified":"2016-08-15T16:06:45","modified_gmt":"2016-08-15T22:06:45","slug":"excursiones-mayas","status":"publish","type":"page","link":"https:\/\/chiapastodoincluido.com\/sitio\/excursiones-mayas\/","title":{"rendered":"EXCURSIONES MAYAS"},"content":{"rendered":"<div class=\"wpb-content-wrapper\"><p>[vc_row][vc_column width=&#8221;4\/12&#8243;][vc_single_image image=&#8221;469&#8243; img_size=&#8221;full&#8221; style=&#8221;vc_box_rounded&#8221; onclick=&#8221;custom_link&#8221; link=&#8221;http:\/\/chiapastodoincluido.com\/web\/merida-ciudad-blanca\/&#8221;][vc_empty_space][vc_single_image image=&#8221;472&#8243; img_size=&#8221;full&#8221; style=&#8221;vc_box_rounded&#8221; onclick=&#8221;custom_link&#8221; link=&#8221;http:\/\/chiapastodoincluido.com\/web\/enigmaticas-ruinas-mayas\/&#8221;][vc_empty_space][vc_single_image image=&#8221;466&#8243; img_size=&#8221;full&#8221; style=&#8221;vc_box_rounded&#8221;][vc_empty_space][vc_single_image image=&#8221;471&#8243; img_size=&#8221;full&#8221; style=&#8221;vc_box_rounded&#8221; onclick=&#8221;custom_link&#8221; link=&#8221;http:\/\/chiapastodoincluido.com\/web\/naturaleza-maya\/&#8221;][vc_empty_space][vc_single_image image=&#8221;467&#8243; img_size=&#8221;full&#8221; style=&#8221;vc_box_rounded&#8221; onclick=&#8221;custom_link&#8221; link=&#8221;http:\/\/chiapastodoincluido.com\/web\/herencia-mayas\/&#8221;][vc_empty_space][vc_single_image image=&#8221;470&#8243; img_size=&#8221;full&#8221; style=&#8221;vc_box_rounded&#8221; onclick=&#8221;custom_link&#8221; link=&#8221;http:\/\/chiapastodoincluido.com\/web\/mundo-maya\/&#8221;][vc_empty_space][vc_single_image image=&#8221;468&#8243; img_size=&#8221;full&#8221; style=&#8221;vc_box_rounded&#8221; onclick=&#8221;custom_link&#8221; link=&#8221;http:\/\/chiapastodoincluido.com\/web\/isla-mujeres-en-catamaran\/&#8221;][\/vc_column][vc_column width=&#8221;8\/12&#8243;][vc_column_text]<\/p>\n<p style=\"text-align: justify;\">Punto de Encuentro: Lobby del Hotel<\/p>\n<p style=\"text-align: justify;\">Hora de Salida: 08:30:00 | Hora de Regreso: 18:00:00<\/p>\n<p style=\"text-align: justify;\">Traslado Incluido desde: | Canc\u00fan | Playa del Carmen | Riviera Maya |<\/p>\n<p style=\"text-align: justify;\">D\u00edas de Operacion: Lunes | Martes | Mi\u00e9rcoles | Jueves | Viernes | S\u00e1bado | Domingo<\/p>\n<p style=\"text-align: justify;\"><strong>ITINERARIO:<\/strong><\/p>\n<p style=\"text-align: justify;\"><strong>D\u00eda 1<\/strong><\/p>\n<p style=\"text-align: justify;\">Salida de Canc\u00fan a Chichen Itza, en el trayecto visitaremos la Zona Arqueol\u00f3gica de TULUM, una de las \u00faltimas ciudades Mayas, construida frente al Mar Caribe la cual fue de suma importancia para el comercio mar\u00edtimo con Centro Am\u00e9rica. Tambi\u00e9n visitaremos la Zona Arqueol\u00f3gica de COBA, Ciudad Maya muy importante para el comercio terrestre ya que cuenta con diversos Caminos Blancos los cuales serv\u00edan de comunicaci\u00f3n, de este lugar sale el camino m\u00e1s largo que se ha descubierto con 100 kil\u00f3metros de distancia, continuamos hacia Chichen Itza para disfrutar el show de Luz y Sonido. Pernocta en Chichen Itza.<\/p>\n<p style=\"text-align: justify;\"><strong>D\u00eda 2<\/strong><\/p>\n<p style=\"text-align: justify;\">Por la ma\u00f1ana visitaremos la Zona Arqueol\u00f3gica de CHICHEN ITZA, donde podr\u00e1 admirar su majestuoso -Castillo- o -Templo de Kukulk\u00e1n-, el Cenote Sagrado, el Juego de Pelota y el famoso Observatorio, continuamos hacia la Zona Arqueol\u00f3gica de UXMAL para disfrutar del famoso show de Luz y Sonido. Pernocta en Uxmal.<\/p>\n<p style=\"text-align: justify;\"><strong>D\u00eda 3<\/strong><\/p>\n<p style=\"text-align: justify;\">Visita a la Zona Arqueol\u00f3gica de Uxmal con su magn\u00edfico Templo del Adivino, el Cuadr\u00e1ngulo de las Monjas, lugar que lo dejar\u00e1 impactado por su decoraci\u00f3n, tambi\u00e9n visitaremos la Zona Arqueol\u00f3gica de KABAH la cual cuenta con una pared decorada con mascarones del Dios Chaac (Dios del Agua), y su famoso Arco. Continuaremos a M\u00c9RIDA, bella ciudad fundada en 1542. Pernocta.<\/p>\n<p style=\"text-align: justify;\"><strong>D\u00eda 4<\/strong><\/p>\n<p style=\"text-align: justify;\">Breve visita en el Centro de la Ciudad de M\u00e9rida, posteriormente nos trasladamos hacia IZAMAL para visitar el Convento dedicado a San Antonio de Padua el cual cuenta con el segundo Atrium m\u00e1s grande del mundo. Continuamos hacia Canc\u00fan, traslado a sus respectivos hoteles.<\/p>\n<p style=\"text-align: justify;\"><strong>ESTE TOUR INCLUYE:<\/strong><\/p>\n<p style=\"text-align: justify;\">Transporte en Vans o Autobus con A\/A.<\/p>\n<p style=\"text-align: justify;\">Gu\u00eda Oficial Certificado.<\/p>\n<p style=\"text-align: justify;\">Tres noches de hotel en base doble (dos personas).<\/p>\n<p style=\"text-align: justify;\">Todas las entradas.<\/p>\n<p style=\"text-align: justify;\">Autopistas.<\/p>\n<p style=\"text-align: justify;\"><strong>EL PRECIO DEL TOUR NO INCLUYE:<\/strong><\/p>\n<p style=\"text-align: justify;\">Alimentos y Bebidas.<\/p>\n<p style=\"text-align: justify;\">Propinas y gastos personales.<\/p>\n<p style=\"text-align: justify;\"><strong>INFORMACION GENERAL:<\/strong><\/p>\n<p style=\"text-align: justify;\">Salidas garantizadas todos los d\u00edas reservando m\u00ednimo 2 personas.<\/p>\n<p style=\"text-align: justify;\">Los Hoteles para esta excursi\u00f3n son categor\u00eda Tres Estrellas.<\/p>\n<p style=\"text-align: justify;\">Llevar dinero en efectivo, en muchos lugares no son aceptadas las Tarjetas Bancarias.<\/p>\n<p style=\"text-align: justify;\">Lleve lo necesario, durante nuestro recorrido tendremos varias paradas.<\/p>\n<p style=\"text-align: justify;\">No olvide su c\u00e1mara fotogr\u00e1fica y cargador (energ\u00eda 110V).<\/p>\n<p style=\"text-align: justify;\"><strong>PRECIO DEL TOUR POR PERSONA: MXN | PESOS MEXICANOS<\/strong><\/p>\n<p style=\"text-align: justify;\">19,655.12\u00a0\u00a0\u00a0\u00a0\u00a0 14,668.00\u00a0\u00a0\u00a0\u00a0\u00a0\u00a0 Adultos.<\/p>\n<p style=\"text-align: justify;\">19,095.00\u00a0\u00a0 \u00a0\u00a0\u00a014,250.00\u00a0\u00a0\u00a0\u00a0\u00a0 Juniors de 5 &#8211; 10 A\u00f1os.<\/p>\n<p style=\"text-align: justify;\">Gratis, Infantes menores de 5 A\u00f1os.<\/p>\n<h4 style=\"text-align: justify;\"><a href=\"http:\/\/chiapastodoincluido.com\/web\/politicas-de-la-empresa\/\"><span style=\"color: #0000ff;\">Ver pol\u00edticas de la Empresa<\/span><\/a><\/h4>\n<p>[\/vc_column_text][\/vc_column][\/vc_row]<\/p>\n<\/div>","protected":false},"excerpt":{"rendered":"<p>[vc_row][vc_column width=&#8221;4\/12&#8243;][vc_single_image image=&#8221;469&#8243; img_size=&#8221;full&#8221; style=&#8221;vc_box_rounded&#8221; onclick=&#8221;custom_link&#8221; link=&#8221;http:\/\/chiapastodoincluido.com\/web\/merida-ciudad-blanca\/&#8221;][vc_empty_space][vc_single_image image=&#8221;472&#8243; img_size=&#8221;full&#8221; style=&#8221;vc_box_rounded&#8221; onclick=&#8221;custom_link&#8221; link=&#8221;http:\/\/chiapastodoincluido.com\/web\/enigmaticas-ruinas-mayas\/&#8221;][vc_empty_space][vc_single_image image=&#8221;466&#8243; img_size=&#8221;full&#8221; style=&#8221;vc_box_rounded&#8221;][vc_empty_space][vc_single_image image=&#8221;471&#8243; img_size=&#8221;full&#8221; style=&#8221;vc_box_rounded&#8221; onclick=&#8221;custom_link&#8221; link=&#8221;http:\/\/chiapastodoincluido.com\/web\/naturaleza-maya\/&#8221;][vc_empty_space][vc_single_image image=&#8221;467&#8243; img_size=&#8221;full&#8221; style=&#8221;vc_box_rounded&#8221; onclick=&#8221;custom_link&#8221; link=&#8221;http:\/\/chiapastodoincluido.com\/web\/herencia-mayas\/&#8221;][vc_empty_space][vc_single_image image=&#8221;470&#8243; img_size=&#8221;full&#8221; style=&#8221;vc_box_rounded&#8221; onclick=&#8221;custom_link&#8221; link=&#8221;http:\/\/chiapastodoincluido.com\/web\/mundo-maya\/&#8221;][vc_empty_space][vc_single_image image=&#8221;468&#8243; img_size=&#8221;full&#8221; style=&#8221;vc_box_rounded&#8221; onclick=&#8221;custom_link&#8221; link=&#8221;http:\/\/chiapastodoincluido.com\/web\/isla-mujeres-en-catamaran\/&#8221;][\/vc_column][vc_column width=&#8221;8\/12&#8243;][vc_column_text] Punto de Encuentro: Lobby del Hotel Hora de Salida: 08:30:00 | Hora de Regreso: 18:00:00 Traslado Incluido desde: | [&hellip;]<\/p>\n","protected":false},"author":1,"featured_media":0,"parent":0,"menu_order":0,"comment_status":"closed","ping_status":"closed","template":"","meta":{"footnotes":""},"class_list":["post-421","page","type-page","status-publish","hentry"],"_links":{"self":[{"href":"https:\/\/chiapastodoincluido.com\/sitio\/wp-json\/wp\/v2\/pages\/421","targetHints":{"allow":["GET"]}}],"collection":[{"href":"https:\/\/chiapastodoincluido.com\/sitio\/wp-json\/wp\/v2\/pages"}],"about":[{"href":"https:\/\/chiapastodoincluido.com\/sitio\/wp-json\/wp\/v2\/types\/page"}],"author":[{"embeddable":true,"href":"https:\/\/chiapastodoincluido.com\/sitio\/wp-json\/wp\/v2\/users\/1"}],"replies":[{"embeddable":true,"href":"https:\/\/chiapastodoincluido.com\/sitio\/wp-json\/wp\/v2\/comments?post=421"}],"version-history":[{"count":0,"href":"https:\/\/chiapastodoincluido.com\/sitio\/wp-json\/wp\/v2\/pages\/421\/revisions"}],"wp:attachment":[{"href":"https:\/\/chiapastodoincluido.com\/sitio\/wp-json\/wp\/v2\/media?parent=421"}],"curies":[{"name":"wp","href":"https:\/\/api.w.org\/{rel}","templated":true}]}}