{"id":424,"date":"2016-08-15T16:08:58","date_gmt":"2016-08-15T22:08:58","guid":{"rendered":"http:\/\/chiapastodoincluido.com\/web\/?page_id=424"},"modified":"2016-08-15T16:08:58","modified_gmt":"2016-08-15T22:08:58","slug":"herencia-mayas","status":"publish","type":"page","link":"https:\/\/chiapastodoincluido.com\/sitio\/herencia-mayas\/","title":{"rendered":"HERENCIAS MAYAS"},"content":{"rendered":"<div class=\"wpb-content-wrapper\"><p>[vc_row][vc_column width=&#8221;4\/12&#8243;][vc_single_image image=&#8221;469&#8243; img_size=&#8221;full&#8221; style=&#8221;vc_box_rounded&#8221; onclick=&#8221;custom_link&#8221; link=&#8221;http:\/\/chiapastodoincluido.com\/web\/merida-ciudad-blanca\/&#8221;][vc_empty_space][vc_single_image image=&#8221;472&#8243; img_size=&#8221;full&#8221; style=&#8221;vc_box_rounded&#8221; onclick=&#8221;custom_link&#8221; link=&#8221;http:\/\/chiapastodoincluido.com\/web\/enigmaticas-ruinas-mayas\/&#8221;][vc_empty_space][vc_single_image image=&#8221;466&#8243; img_size=&#8221;full&#8221; style=&#8221;vc_box_rounded&#8221; onclick=&#8221;custom_link&#8221; link=&#8221;http:\/\/chiapastodoincluido.com\/web\/excursiones-mayas\/&#8221;][vc_empty_space][vc_single_image image=&#8221;471&#8243; img_size=&#8221;full&#8221; style=&#8221;vc_box_rounded&#8221; onclick=&#8221;custom_link&#8221; link=&#8221;http:\/\/chiapastodoincluido.com\/web\/naturaleza-maya\/&#8221;][vc_empty_space][vc_single_image image=&#8221;467&#8243; img_size=&#8221;full&#8221; style=&#8221;vc_box_rounded&#8221;][vc_empty_space][vc_single_image image=&#8221;470&#8243; img_size=&#8221;full&#8221; style=&#8221;vc_box_rounded&#8221; onclick=&#8221;custom_link&#8221; link=&#8221;http:\/\/chiapastodoincluido.com\/web\/mundo-maya\/&#8221;][vc_empty_space][vc_single_image image=&#8221;468&#8243; img_size=&#8221;full&#8221; style=&#8221;vc_box_rounded&#8221; onclick=&#8221;custom_link&#8221; link=&#8221;http:\/\/chiapastodoincluido.com\/web\/isla-mujeres-en-catamaran\/&#8221;][\/vc_column][vc_column width=&#8221;8\/12&#8243;][vc_column_text]<\/p>\n<p style=\"text-align: justify;\">Punto de Encuentro: Lobby del Hotel<\/p>\n<p style=\"text-align: justify;\">Hora de Salida: 08:30:00 | Hora de Regreso: 18:00:00<\/p>\n<p style=\"text-align: justify;\">Traslado Incluido desde: | Canc\u00fan | Playa del Carmen | Riviera Maya |<\/p>\n<p style=\"text-align: justify;\">D\u00edas de Operacion: Lunes | Martes | Mi\u00e9rcoles | Jueves | Viernes | S\u00e1bado | Domingo<\/p>\n<p style=\"text-align: justify;\">Esta excursi\u00f3n de cinco d\u00edas y cuatro noches ha sido creada espec\u00edficamente para aquellas personas interesadas en saber m\u00e1s acerca de la gente que habita el sureste de M\u00e9xico. Una excursi\u00f3n que nos transporta al pasado para conocer m\u00e1s acerca de una Gran Civilizaci\u00f3n: LOS MAYAS.<\/p>\n<p style=\"text-align: justify;\">Visitaremos: Tulum, Kohunlich, Chicanna, Becan, Misol-Ha, Palenque, Edzna, Uxmal y Chichen Itz\u00e1.<\/p>\n<p style=\"text-align: justify;\"><strong>ITINERARIO:<\/strong><\/p>\n<p style=\"text-align: justify;\"><strong>DIA 1:<\/strong><\/p>\n<p style=\"text-align: justify;\">Salida de Canc\u00fan a Chetumal, en el trayecto visitaremos la Zona Arqueol\u00f3gica de TULUM, construida frente al Mar Caribe teniendo como protecci\u00f3n una Gran Muralla as\u00ed como el Segundo Arrecife m\u00e1s grande del mundo, tambi\u00e9n considerada una de las \u00faltimas Ciudades Mayas la cual colapso en el a\u00f1o 1600 dc. despu\u00e9s de la visita continuaremos a la Zona Arqueol\u00f3gica de KOHUNLICH, en este sitio encontraremos bellos mascarones de estuco, el juego de pelota, as\u00ed como la plaza de las estelas, al t\u00e9rmino continuaremos nuestra visita a la Zona Arqueol\u00f3gica de CHICANNA famosa por sus templos con facciones zoomorfas. Pernocta en Chicanna.<\/p>\n<p style=\"text-align: justify;\"><strong>DIA 2:<\/strong><\/p>\n<p style=\"text-align: justify;\">06:30 am: Salida de Chicanna para visitar la Zona Arqueol\u00f3gica de BECAN, significa en maya \u2013Barranca-, nombre que alude al foso que rodea la parte central de la zona, posteriormente nos trasladaremos a las impresionantes Cascadas de MISOL-HA donde podr\u00e1 nadar en sus refrescantes aguas. Al t\u00e9rmino de la visita continuaremos hacia PALENQUE para pernoctar.<\/p>\n<p style=\"text-align: justify;\"><strong>DIA 3:<\/strong><\/p>\n<p style=\"text-align: justify;\">Salida para visitar la Zona Arqueol\u00f3gica de PALENQUE, un lugar misterioso enclavado en las monta\u00f1as de Chiapas. Lo impactante de esta Zona es la famosa Tumba de Pakal, dise\u00f1ada espec\u00edficamente para su muerte, al t\u00e9rmino de la misma, continuaremos hacia la ciudad de Campeche, una bella Ciudad de Piratas. Pernocta en Campeche.<\/p>\n<p style=\"text-align: justify;\"><strong>DIA 4:<\/strong><\/p>\n<p style=\"text-align: justify;\">Salida de Campeche para visitar la Zona Arqueol\u00f3gica de EDZNA y su impresionante edificio, donde una vez m\u00e1s se comprueba la ac\u00fastica de sus edificios, al t\u00e9rmino continuaremos al estado de Yucat\u00e1n para visitar una de las ciudades Mayas m\u00e1s hermosas por su decoraci\u00f3n: UXMAL, al t\u00e9rmino de la visita continuaremos a M\u00e9rida para pernoctar.<\/p>\n<p style=\"text-align: justify;\"><strong>DIA 5:<\/strong><\/p>\n<p style=\"text-align: justify;\">Salida de M\u00e9rida para continuar nuestra visita a una de las Nuevas Siete Maravillas del Mundo Moderno: CHICHEN ITZA, lugar en el cual los mayas conjugan sus conocimientos para fascinarnos cada seis meses con el famoso equinoccio de primavera y oto\u00f1o en el cual nos muestran el descenso de Kukulc\u00e1n para fertilizar la tierra. Al finalizar la visita continuaremos a Canc\u00fan y\/o Riviera Maya, para dejarlos en los hoteles correspondientes.<\/p>\n<p style=\"text-align: justify;\"><strong>ESTE TOUR INCLUYE:<\/strong><\/p>\n<ul>\n<li style=\"text-align: justify;\">4 noches de hotel en base doble.<\/li>\n<li style=\"text-align: justify;\">Transportaci\u00f3n dependiendo el n\u00famero de personas.<\/li>\n<li style=\"text-align: justify;\">Gu\u00eda Oficial Espa\u00f1ol &#8211; Ingl\u00e9s.<\/li>\n<li style=\"text-align: justify;\">Todas las entradas a las Zonas Arqueol\u00f3gicas y Cascadas de Misol-H\u00e1.<\/li>\n<li style=\"text-align: justify;\">Autopista.<\/li>\n<\/ul>\n<p style=\"text-align: justify;\"><strong>EL PRECIO DEL TOUR NO INCLUYE:<\/strong><\/p>\n<ul>\n<li style=\"text-align: justify;\">Alimentos y Bebidas.<\/li>\n<li style=\"text-align: justify;\">Propinas y gastos personales.<\/li>\n<\/ul>\n<p style=\"text-align: justify;\"><strong>INFORMACION GENERAL:<\/strong><\/p>\n<ul>\n<li style=\"text-align: justify;\">Salidas garantizadas los d\u00edas LUNES.<\/li>\n<li style=\"text-align: justify;\">Servicio Privado cualquier d\u00eda del mes, reservando m\u00ednimo 6 personas.<\/li>\n<li style=\"text-align: justify;\">La habitaci\u00f3n es para dos personas (habitaci\u00f3n no compartida).<\/li>\n<li style=\"text-align: justify;\">Recomendable llevar dinero en efectivo, en algunos lugares no son aceptadas las tarjetas de cr\u00e9dito o d\u00e9bito.<\/li>\n<li style=\"text-align: justify;\">Lleve lo necesario, durante nuestro recorrido tendremos varias paradas.<\/li>\n<li style=\"text-align: justify;\">No olvide su c\u00e1mara fotogr\u00e1fica y cargador (energ\u00eda 110V).<\/li>\n<\/ul>\n<p>&nbsp;<\/p>\n<p style=\"text-align: justify;\"><strong>PRECIO DEL TOUR POR PERSONA: MXN | PESOS MEXICANOS<\/strong><\/p>\n<p style=\"text-align: justify;\">20,546.22\u00a0\u00a0\u00a0\u00a0\u00a0 15,333.00\u00a0\u00a0\u00a0\u00a0\u00a0\u00a0 Adultos.<\/p>\n<p style=\"text-align: justify;\">16,549.00\u00a0\u00a0\u00a0\u00a0\u00a0 12,350.00\u00a0\u00a0\u00a0\u00a0\u00a0 Juniors de 5 &#8211; 10 A\u00f1os.<\/p>\n<p style=\"text-align: justify;\">Gratis, Infantes menores de 5 A\u00f1os.<\/p>\n<h4 style=\"text-align: justify;\"><a href=\"http:\/\/chiapastodoincluido.com\/web\/politicas-de-la-empresa\/\"><span style=\"color: #0000ff;\">Ver pol\u00edticas de la Empresa<\/span><\/a><\/h4>\n<p>[\/vc_column_text][\/vc_column][\/vc_row]<\/p>\n<\/div>","protected":false},"excerpt":{"rendered":"<p>[vc_row][vc_column width=&#8221;4\/12&#8243;][vc_single_image image=&#8221;469&#8243; img_size=&#8221;full&#8221; style=&#8221;vc_box_rounded&#8221; onclick=&#8221;custom_link&#8221; link=&#8221;http:\/\/chiapastodoincluido.com\/web\/merida-ciudad-blanca\/&#8221;][vc_empty_space][vc_single_image image=&#8221;472&#8243; img_size=&#8221;full&#8221; style=&#8221;vc_box_rounded&#8221; onclick=&#8221;custom_link&#8221; link=&#8221;http:\/\/chiapastodoincluido.com\/web\/enigmaticas-ruinas-mayas\/&#8221;][vc_empty_space][vc_single_image image=&#8221;466&#8243; img_size=&#8221;full&#8221; style=&#8221;vc_box_rounded&#8221; onclick=&#8221;custom_link&#8221; link=&#8221;http:\/\/chiapastodoincluido.com\/web\/excursiones-mayas\/&#8221;][vc_empty_space][vc_single_image image=&#8221;471&#8243; img_size=&#8221;full&#8221; style=&#8221;vc_box_rounded&#8221; onclick=&#8221;custom_link&#8221; link=&#8221;http:\/\/chiapastodoincluido.com\/web\/naturaleza-maya\/&#8221;][vc_empty_space][vc_single_image image=&#8221;467&#8243; img_size=&#8221;full&#8221; style=&#8221;vc_box_rounded&#8221;][vc_empty_space][vc_single_image image=&#8221;470&#8243; img_size=&#8221;full&#8221; style=&#8221;vc_box_rounded&#8221; onclick=&#8221;custom_link&#8221; link=&#8221;http:\/\/chiapastodoincluido.com\/web\/mundo-maya\/&#8221;][vc_empty_space][vc_single_image image=&#8221;468&#8243; img_size=&#8221;full&#8221; style=&#8221;vc_box_rounded&#8221; onclick=&#8221;custom_link&#8221; link=&#8221;http:\/\/chiapastodoincluido.com\/web\/isla-mujeres-en-catamaran\/&#8221;][\/vc_column][vc_column width=&#8221;8\/12&#8243;][vc_column_text] Punto de Encuentro: Lobby del Hotel Hora de Salida: 08:30:00 | Hora de Regreso: 18:00:00 Traslado Incluido desde: | [&hellip;]<\/p>\n","protected":false},"author":1,"featured_media":0,"parent":0,"menu_order":0,"comment_status":"closed","ping_status":"closed","template":"","meta":{"footnotes":""},"class_list":["post-424","page","type-page","status-publish","hentry"],"_links":{"self":[{"href":"https:\/\/chiapastodoincluido.com\/sitio\/wp-json\/wp\/v2\/pages\/424","targetHints":{"allow":["GET"]}}],"collection":[{"href":"https:\/\/chiapastodoincluido.com\/sitio\/wp-json\/wp\/v2\/pages"}],"about":[{"href":"https:\/\/chiapastodoincluido.com\/sitio\/wp-json\/wp\/v2\/types\/page"}],"author":[{"embeddable":true,"href":"https:\/\/chiapastodoincluido.com\/sitio\/wp-json\/wp\/v2\/users\/1"}],"replies":[{"embeddable":true,"href":"https:\/\/chiapastodoincluido.com\/sitio\/wp-json\/wp\/v2\/comments?post=424"}],"version-history":[{"count":0,"href":"https:\/\/chiapastodoincluido.com\/sitio\/wp-json\/wp\/v2\/pages\/424\/revisions"}],"wp:attachment":[{"href":"https:\/\/chiapastodoincluido.com\/sitio\/wp-json\/wp\/v2\/media?parent=424"}],"curies":[{"name":"wp","href":"https:\/\/api.w.org\/{rel}","templated":true}]}}