{"id":460,"date":"2016-08-15T16:39:09","date_gmt":"2016-08-15T22:39:09","guid":{"rendered":"http:\/\/chiapastodoincluido.com\/web\/?page_id=460"},"modified":"2016-08-15T16:39:09","modified_gmt":"2016-08-15T22:39:09","slug":"isla-mujeres-en-catamaran","status":"publish","type":"page","link":"https:\/\/chiapastodoincluido.com\/sitio\/isla-mujeres-en-catamaran\/","title":{"rendered":"ISLA MUJERES EN CATAMAR\u00c1N"},"content":{"rendered":"<div class=\"wpb-content-wrapper\"><p>[vc_row][vc_column width=&#8221;4\/12&#8243;][vc_single_image image=&#8221;469&#8243; img_size=&#8221;full&#8221; style=&#8221;vc_box_rounded&#8221; onclick=&#8221;custom_link&#8221; link=&#8221;http:\/\/chiapastodoincluido.com\/web\/merida-ciudad-blanca\/&#8221;][vc_empty_space][vc_single_image image=&#8221;472&#8243; img_size=&#8221;full&#8221; style=&#8221;vc_box_rounded&#8221; onclick=&#8221;custom_link&#8221; link=&#8221;http:\/\/chiapastodoincluido.com\/web\/enigmaticas-ruinas-mayas\/&#8221;][vc_empty_space][vc_single_image image=&#8221;466&#8243; img_size=&#8221;full&#8221; style=&#8221;vc_box_rounded&#8221; onclick=&#8221;custom_link&#8221; link=&#8221;http:\/\/chiapastodoincluido.com\/web\/excursiones-mayas\/&#8221;][vc_empty_space][vc_single_image image=&#8221;471&#8243; img_size=&#8221;full&#8221; style=&#8221;vc_box_rounded&#8221; onclick=&#8221;custom_link&#8221; link=&#8221;http:\/\/chiapastodoincluido.com\/web\/naturaleza-maya\/&#8221;][vc_empty_space][vc_single_image image=&#8221;467&#8243; img_size=&#8221;full&#8221; style=&#8221;vc_box_rounded&#8221; onclick=&#8221;custom_link&#8221; link=&#8221;http:\/\/chiapastodoincluido.com\/web\/herencia-mayas\/&#8221;][vc_empty_space][vc_single_image image=&#8221;470&#8243; img_size=&#8221;full&#8221; style=&#8221;vc_box_rounded&#8221; onclick=&#8221;custom_link&#8221; link=&#8221;http:\/\/chiapastodoincluido.com\/web\/mundo-maya\/&#8221;][vc_empty_space][vc_single_image image=&#8221;468&#8243; img_size=&#8221;full&#8221; style=&#8221;vc_box_rounded&#8221;][\/vc_column][vc_column width=&#8221;8\/12&#8243;][vc_column_text]<\/p>\n<p style=\"text-align: justify;\">Explora tus sentidos en esta inolvidable Aventura.<\/p>\n<p style=\"text-align: justify;\">Punto de Encuentro: Lobby del Hotel<\/p>\n<p style=\"text-align: justify;\">Hora de Salida: 08:00:00 | Hora de Regreso: 18:15:00<\/p>\n<p style=\"text-align: justify;\">Traslado Incluido desde: | Playa del Carmen | Puerto Morelos | Riviera Maya |<\/p>\n<p style=\"text-align: justify;\">D\u00edas de Operacion: Lunes | Martes | Mi\u00e9rcoles | Jueves | Viernes | S\u00e1bado | Domingo<\/p>\n<p style=\"text-align: justify;\">Ven, te llevamos a conocer una de las Isla m\u00e1s bellas de M\u00e9xico: Isla Mujeres, admira las pac\u00edficas y cristalinas aguas del Mar Caribe a bordo de nuestro Catamar\u00e1n, siente la brisa, rel\u00e1jate y disfruta el viaje, ser\u00e1 una experiencia emotiva que te dejar\u00e1 grandes recuerdos. Pr\u00e1ctica el Snorkel en los incre\u00edbles arrecifes de Canc\u00fan, mira la flora y fauna marina en su h\u00e1bitat natural, por la tarde disfrutaremos de una deliciosa comida en nuestro exclusivo Club de Playa \u00a1 La Aventura est\u00e1 en Isla Mujeres, V\u00edvelo para Creerlo \u00a1<\/p>\n<p style=\"text-align: justify;\">Isla Mujeres, santuario caribe\u00f1o dedicado al amor y al descanso, para\u00edso ex\u00f3tico que todos anhelamos conocer. Isla Mujeres era un centro de peregrinaje, principalmente para las mujeres que ven\u00edan a venerar a Ixchel, la diosa de la luna, de la fertilidad y de los partos. Isla Mujeres no es un producto de la imaginaci\u00f3n, es un sue\u00f1o hecho realidad.<\/p>\n<p style=\"text-align: justify;\"><strong>ITINERARIO:<\/strong><\/p>\n<ul>\n<li style=\"text-align: justify;\">08:00-08:30: Pick Up en el Lobby de su Hotel.<\/li>\n<li style=\"text-align: justify;\">10:00-11:00: Iniciamos la travesia a Isla Mujeres.<\/li>\n<li style=\"text-align: justify;\">11:00-11:45: Tour de esn\u00f3rquel en el arrecife \u201cEl Farito\u201d.<\/li>\n<li style=\"text-align: justify;\">12:00-13:00: Visita al centro de Isla Mujeres.<\/li>\n<li style=\"text-align: justify;\">13:30-15:00: Comida bufet en nuestro club de playa.<\/li>\n<li style=\"text-align: justify;\">15:15-16:30: Iniciamos el regreso hacia Canc\u00fan.<\/li>\n<li style=\"text-align: justify;\">16:30-17:00: Vuelo en Spinnaker.<\/li>\n<li style=\"text-align: justify;\">17:00: Llegada a Canc\u00fan.<\/li>\n<li style=\"text-align: justify;\">17:15: Traslado a sus respectivos hoteles.<\/li>\n<\/ul>\n<p style=\"text-align: justify;\"><strong>ESTE TOUR INCLUYE:<\/strong><\/p>\n<ul>\n<li style=\"text-align: justify;\">Pick Up en Puerto Morelos, Playa del Carmen y Riviera Maya.<\/li>\n<li style=\"text-align: justify;\">Transporte en Van con Aire Acondicionado.<\/li>\n<li style=\"text-align: justify;\">Pase de abordar al Catamar\u00e1n.<\/li>\n<li style=\"text-align: justify;\">Barra libre nacional en el Catamar\u00e1n.<\/li>\n<li style=\"text-align: justify;\">Tour de esn\u00f3rquel en el arrecife llamado \u201cEl Farito\u201d.<\/li>\n<li style=\"text-align: justify;\">Equipo de esn\u00f3rquel: Tubo nuevo por persona, chaleco salvavidas.<\/li>\n<li style=\"text-align: justify;\">Visita al centro de Isla Mujeres (tour de compras o Playa Norte).<\/li>\n<li style=\"text-align: justify;\">Club de playa con camastros para descansar.<\/li>\n<li style=\"text-align: justify;\">Comida bufet.<\/li>\n<li style=\"text-align: justify;\">Vuelo en Spinnaker (si el clima lo permite).<\/li>\n<li style=\"text-align: justify;\">Fiesta del Tequila durante el regreso de Isla Mujeres.<\/li>\n<\/ul>\n<p style=\"text-align: justify;\"><strong>EL PRECIO DEL TOUR NO INCLUYE:<\/strong><\/p>\n<ul>\n<li style=\"text-align: justify;\">Propinas.<\/li>\n<li style=\"text-align: justify;\">Bebidas durante la Comida Buffet y en el Club de Playa.<\/li>\n<li style=\"text-align: justify;\">Recuerdos.<\/li>\n<li style=\"text-align: justify;\">Fotograf\u00edas.<\/li>\n<li style=\"text-align: justify;\">Impuesto de muelle e impuesto de arrecife: $ 10.00 USD por persona, adultos y menores (se paga al momento de abordar).<\/li>\n<\/ul>\n<p style=\"text-align: justify;\"><strong>INFORMACION GENERAL:<\/strong><\/p>\n<ul>\n<li style=\"text-align: justify;\">Nuestra comida tipo bufet incluye: Barra de ensaladas, haga su propio taco (pollo, fajitas, pescado), arroz, pasta, pur\u00e9 de papas, verduras al vapor, frijoles y frutas.<\/li>\n<li style=\"text-align: justify;\">La barra libre incluye: Tequila, ron, vodka, cervezas, refrescos, jugo y agua.<\/li>\n<li style=\"text-align: justify;\">Nos encargamos de proteger la vida marina, por lo que te pedimos traer bloqueador solar biodegradable.<\/li>\n<li style=\"text-align: justify;\">Traer lentes de sol, traje de ba\u00f1o, sandalias, gorra, toalla y una muda de ropa adicional.<\/li>\n<li style=\"text-align: justify;\">El tour de esn\u00f3rquel y el vuelo en Spinnaker dependen de las condiciones climatol\u00f3gicas.<\/li>\n<li style=\"text-align: justify;\">El impuesto de muelle y arrecife debe ser pagado en efectivo al momento de abordar el catamar\u00e1n directamente en el muelle. Este pago es ocupado para proteger y mantener el parque marino y la vida marina de los arrecifes de coral de toda esta \u00e1rea.<\/li>\n<li style=\"text-align: justify;\">No olvides traer tu c\u00e1mara fotogr\u00e1fica acu\u00e1tica, lo vas a necesitar.<\/li>\n<\/ul>\n<p style=\"text-align: justify;\">\u00a1 La Aventura est\u00e1 en Isla Mujeres, V\u00edvelo para Creerlo !<\/p>\n<p style=\"text-align: justify;\"><strong>PRECIO DEL TOUR POR PERSONA: MXN | PESOS MEXICANOS<\/strong><\/p>\n<p style=\"text-align: justify;\">1,820.39\u00a0\u00a0\u00a0\u00a0\u00a0 1,358.50\u00a0\u00a0\u00a0\u00a0\u00a0\u00a0 Adultos.<\/p>\n<p style=\"text-align: justify;\">1,502.14\u00a0\u00a0\u00a0\u00a0\u00a0 1,121.00\u00a0\u00a0\u00a0\u00a0\u00a0 Juniors de 5 &#8211; 10 A\u00f1os.<\/p>\n<p style=\"text-align: justify;\">Gratis, Infantes menores de 5 A\u00f1os.<\/p>\n<h4 style=\"text-align: justify;\"><a href=\"http:\/\/chiapastodoincluido.com\/web\/politicas-de-la-empresa\/\"><span style=\"color: #0000ff;\">Ver pol\u00edticas de la Empresa<\/span><\/a><\/h4>\n<p>[\/vc_column_text][\/vc_column][\/vc_row]<\/p>\n<\/div>","protected":false},"excerpt":{"rendered":"<p>[vc_row][vc_column width=&#8221;4\/12&#8243;][vc_single_image image=&#8221;469&#8243; img_size=&#8221;full&#8221; style=&#8221;vc_box_rounded&#8221; onclick=&#8221;custom_link&#8221; link=&#8221;http:\/\/chiapastodoincluido.com\/web\/merida-ciudad-blanca\/&#8221;][vc_empty_space][vc_single_image image=&#8221;472&#8243; img_size=&#8221;full&#8221; style=&#8221;vc_box_rounded&#8221; onclick=&#8221;custom_link&#8221; link=&#8221;http:\/\/chiapastodoincluido.com\/web\/enigmaticas-ruinas-mayas\/&#8221;][vc_empty_space][vc_single_image image=&#8221;466&#8243; img_size=&#8221;full&#8221; style=&#8221;vc_box_rounded&#8221; onclick=&#8221;custom_link&#8221; link=&#8221;http:\/\/chiapastodoincluido.com\/web\/excursiones-mayas\/&#8221;][vc_empty_space][vc_single_image image=&#8221;471&#8243; img_size=&#8221;full&#8221; style=&#8221;vc_box_rounded&#8221; onclick=&#8221;custom_link&#8221; link=&#8221;http:\/\/chiapastodoincluido.com\/web\/naturaleza-maya\/&#8221;][vc_empty_space][vc_single_image image=&#8221;467&#8243; img_size=&#8221;full&#8221; style=&#8221;vc_box_rounded&#8221; onclick=&#8221;custom_link&#8221; link=&#8221;http:\/\/chiapastodoincluido.com\/web\/herencia-mayas\/&#8221;][vc_empty_space][vc_single_image image=&#8221;470&#8243; img_size=&#8221;full&#8221; style=&#8221;vc_box_rounded&#8221; onclick=&#8221;custom_link&#8221; link=&#8221;http:\/\/chiapastodoincluido.com\/web\/mundo-maya\/&#8221;][vc_empty_space][vc_single_image image=&#8221;468&#8243; img_size=&#8221;full&#8221; style=&#8221;vc_box_rounded&#8221;][\/vc_column][vc_column width=&#8221;8\/12&#8243;][vc_column_text] Explora tus sentidos en esta inolvidable Aventura. Punto de Encuentro: Lobby del Hotel Hora de Salida: 08:00:00 | Hora [&hellip;]<\/p>\n","protected":false},"author":1,"featured_media":0,"parent":0,"menu_order":0,"comment_status":"closed","ping_status":"closed","template":"","meta":{"footnotes":""},"class_list":["post-460","page","type-page","status-publish","hentry"],"_links":{"self":[{"href":"https:\/\/chiapastodoincluido.com\/sitio\/wp-json\/wp\/v2\/pages\/460","targetHints":{"allow":["GET"]}}],"collection":[{"href":"https:\/\/chiapastodoincluido.com\/sitio\/wp-json\/wp\/v2\/pages"}],"about":[{"href":"https:\/\/chiapastodoincluido.com\/sitio\/wp-json\/wp\/v2\/types\/page"}],"author":[{"embeddable":true,"href":"https:\/\/chiapastodoincluido.com\/sitio\/wp-json\/wp\/v2\/users\/1"}],"replies":[{"embeddable":true,"href":"https:\/\/chiapastodoincluido.com\/sitio\/wp-json\/wp\/v2\/comments?post=460"}],"version-history":[{"count":0,"href":"https:\/\/chiapastodoincluido.com\/sitio\/wp-json\/wp\/v2\/pages\/460\/revisions"}],"wp:attachment":[{"href":"https:\/\/chiapastodoincluido.com\/sitio\/wp-json\/wp\/v2\/media?parent=460"}],"curies":[{"name":"wp","href":"https:\/\/api.w.org\/{rel}","templated":true}]}}