{"id":491,"date":"2016-09-22T12:43:02","date_gmt":"2016-09-22T18:43:02","guid":{"rendered":"http:\/\/chiapastodoincluido.com\/web\/?page_id=491"},"modified":"2016-09-22T12:43:02","modified_gmt":"2016-09-22T18:43:02","slug":"chiapas-y-huatulco","status":"publish","type":"page","link":"https:\/\/chiapastodoincluido.com\/sitio\/chiapas-y-huatulco\/","title":{"rendered":"Chiapas Y Huatulco"},"content":{"rendered":"<div class=\"wpb-content-wrapper\"><p>[vc_row][vc_column width=&#8221;4\/12&#8243;][vc_single_image image=&#8221;231&#8243; img_size=&#8221;full&#8221; alignment=&#8221;center&#8221; onclick=&#8221;custom_link&#8221; link=&#8221;http:\/\/chiapastodoincluido.com\/web\/chiapas-express\/&#8221;][vc_empty_space][vc_single_image image=&#8221;233&#8243; img_size=&#8221;full&#8221; onclick=&#8221;custom_link&#8221; link=&#8221;http:\/\/chiapastodoincluido.com\/web\/naturaleza-y-cultura\/&#8221;][vc_empty_space][vc_single_image image=&#8221;236&#8243; img_size=&#8221;full&#8221; onclick=&#8221;custom_link&#8221; link=&#8221;http:\/\/chiapastodoincluido.com\/web\/sonidos-de-agua-y-selva\/&#8221;][vc_empty_space][vc_single_image image=&#8221;232&#8243; img_size=&#8221;full&#8221; alignment=&#8221;center&#8221; onclick=&#8221;custom_link&#8221; link=&#8221;http:\/\/chiapastodoincluido.com\/web\/escudo-jaguar\/&#8221;][vc_empty_space][vc_single_image image=&#8221;237&#8243; img_size=&#8221;full&#8221; onclick=&#8221;custom_link&#8221; link=&#8221;http:\/\/chiapastodoincluido.com\/web\/travesia-maya\/&#8221;][vc_empty_space][vc_single_image image=&#8221;495&#8243; img_size=&#8221;full&#8221;][\/vc_column][vc_column width=&#8221;8\/12&#8243;][vc_column_text]<\/p>\n<h3 style=\"text-align: justify;\"><strong>D\u00cdA 1:<\/strong><\/h3>\n<p style=\"text-align: justify;\"><strong>BIENVENIDA \u2013 CA\u00d1\u00d3N DEL SUMIDERO \u2013 CHIAPA DE CORZO \u2013 SAN CRIST\u00d3BAL DE LAS CASAS<\/strong><\/p>\n<ol style=\"text-align: justify;\">\n<li>Bienvenida en el Aeropuerto de Tuxtla Guti\u00e9rrez donde comenzaremos la excursi\u00f3n a Chiapas. Traslado al embarcadero para tomar lancha. Nota: programar su llegada antes de las 12.<\/li>\n<li>Realizaremos un bello paseo en lancha por el majestuoso Ca\u00f1\u00f3n del Sumidero sobre el R\u00edo Grijalva, uno de los mayores atractivos tur\u00edsticos de Chiapas. En el trayecto ser\u00e1 posible observar diversas especies de aves, adem\u00e1s de monos y cocodrilos.<\/li>\n<li>3:30 PM Visitaremos la colonial Chiapa de Corzo donde habr\u00e1 tiempo para conocer el centro con su fuente estilo mud\u00e9jar y el ex convento de Santo Domingo, comer y degustar platillos t\u00edpicos. Posteriormente los trasladaremos al hotel en San Crist\u00f3bal de las Casas para registrarse y descansar llegando a las 7:00 PM.<\/li>\n<\/ol>\n<h3 style=\"text-align: justify;\">D\u00cdA 2:<\/h3>\n<p style=\"text-align: justify;\"><strong>CASCADAS DEL CHIFL\u00d3N \u2013 LAGOS DE MONTEBELLO- SAN CRIST\u00d3BAL DE LAS CASAS<\/strong><\/p>\n<ol style=\"text-align: justify;\">\n<li>Desayuno en el hotel. 8:00 AM continuamos disfrutando de nuestras vacaciones en Chiapas y salimos hacia las cascadas del Chifl\u00f3n. 10:30AM tiempo para recorrer a orillas del r\u00edo San Vicente un andador hasta llegar a la cascada m\u00e1s alta \u201cVelo de Novia\u201d, conociendo en el camino las ca\u00eddas de agua \u201dAla de Angel\u201d y \u201cSuspiro\u201d; tiempo para refrescarse en las cristalinas aguas y\/\u00f3 lanzarse de la tirolesa. Notas: La actividad opcional de tirolesa no est\u00e1 incluida. Es recomendable llevar un cambio de ropa y toalla personal a la mano.<\/li>\n<li>1:00 PM Nos trasladaremos al Parque Lagos de Montebello para observar las diferentes tonalidades de sus lagos y lagunas rodeados por bosque. Algunos de los lagos que visitaremos son Pojoj, Tziscao, Montebello, Encantada, Esmeralda y Ensue\u00f1o. Tiempo para admirar los paisajes y comer, as\u00ed como realizar alguna actividad opcional como pasear en balsa o hacer kayak. Nota: El costo de las actividades opcionales no est\u00e1 incluido en el precio del tour. Retorno a San Crist\u00f3bal de las Casas llegando a las 7:30 PM aproximadamente. Hotel en San Crist\u00f3bal.<\/li>\n<\/ol>\n<h3 style=\"text-align: justify;\"><strong>D\u00cdA 3:<\/strong><\/h3>\n<p style=\"text-align: justify;\"><strong>TOUR A SAN JUAN CHAMULA Y ZINACANTAN \u2013 SAN CRIST\u00d3BAL DE LAS CASAS<\/strong><\/p>\n<ol style=\"text-align: justify;\">\n<li>Desayuno en el hotel. 10:00 AM nos dirigiremos a San Juan Chamula y Zinacant\u00e1n para conocer sus tradiciones.<\/li>\n<li>En la iglesia de San Juan Chamula observaremos una mezcla m\u00edstica de ritos ind\u00edgenas y cat\u00f3licos. En Zinacant\u00e1n conviviremos con una familia local y apreciaremos sus bordados elaborados a mano.<\/li>\n<li>1:30 PM Retornaremos a San Crist\u00f3bal de las Casas. Tiempo para realizar una visita al centro de este bella ciudad conociendo algunos puntos importantes como La Catedral, Plaza de La Paz, Santo Domingo y el Arco del Carmen. Posteriormente tendr\u00e1n el resto de la tarde libre para comer, caminar en los coloridos andadores, comprar artesan\u00edas, etc. Hotel en San Crist\u00f3bal.<\/li>\n<\/ol>\n<h3 style=\"text-align: justify;\">D\u00cdA 4:<\/h3>\n<p style=\"text-align: justify;\"><strong>BAHIAS DE HUATULCO<\/strong><\/p>\n<ol style=\"text-align: justify;\">\n<li>Desayuno en el hotel. 8:30AM salimos para Huatulco por carretera para llegar a la hora de la comida y hacer check in en el hotel de Huatulco. Tarde libre.<\/li>\n<\/ol>\n<h3 style=\"text-align: justify;\">D\u00cdA 5:<\/h3>\n<p style=\"text-align: justify;\"><strong>CRUCERO DE LAS SIETE BAHIAS- HUATULCO<\/strong><\/p>\n<ol style=\"text-align: justify;\">\n<li>Desayuno en el hotel. 10:30 AM Salida del hotel para realizar un recorrido en embarcaci\u00f3n para conocer cinco de las hermosas bah\u00edas de Huatulco ubicadas en la costa Oaxaque\u00f1a. Vistiaremos las bah\u00edas de SANTA CRUZ, \u00d3RGANO, MAGUEY, CACALUTA y CHACHACUAL, haciendo una parada en una de ellas para practicar el \u201csnorkeling\u201d en el parque submarino con cristalinas aguas. En el trayecto podremos disfrutar de las vistas panor\u00e1micas que nos ofrece este hermoso destino tur\u00edstico;\u00a0 posteriormente nos trasladaremos a la bah\u00eda del MAGUEY para nadar y disfrutar de una rica comida NO INCLUIDA a base de mariscos.\u00a0 Nota: Se incluyen refrescos y agua as\u00ed como el equipo de snorkel.<\/li>\n<li>\u00a0Al finalizar nos dirigiremos al Hotel para descansar.<\/li>\n<\/ol>\n<h3 style=\"text-align: justify;\">D\u00cdA 6:<\/h3>\n<p style=\"text-align: justify;\"><strong>MA\u00d1ANA LIBRE- CITY TOUR \u2013 HUATULCO<\/strong><\/p>\n<ol style=\"text-align: justify;\">\n<li>Desayuno en el hotel. Ma\u00f1ana libre para disfrutar de la playa. 5:00 PM Realizaremos el City Tour para descubrir la historia que se vive en las calles de Huatulco. Un lugar en donde los sabores del quesillo, los chapulines y el chocolate se perciben en todos lados.<\/li>\n<li>Visitaremos el pueblito de \u201cLa Crucecita\u201d donde podremos disfrutar de la plaza principal para realizar compras, as\u00ed como descubrir la belleza e historia de la Iglesia de La Virgen de Guadalupe.\u00a0 Visitaremos La probadita, donde degustar\u00e1n los mejores platillos oaxaque\u00f1os como quesillo, chapulines, chocolate y su copita de mezcal\u00a0 con sal de gusano de maguey. Conoceremos el taller de los telares estilo prehisp\u00e1nico.<\/li>\n<\/ol>\n<h3 style=\"text-align: justify;\">DIA 7:<\/h3>\n<p style=\"text-align: justify;\"><strong>TRASLADO AL AEROPUERTO \u2013 FIN DE SERVICIOS<\/strong><\/p>\n<ol style=\"text-align: justify;\">\n<li>Desayuno en el hotel. Traslado a aeropuerto de Huatulco a la hora indicada.<\/li>\n<\/ol>\n<p style=\"text-align: justify;\"><em>Notas: Se pueden agregar mas noches de hospedaje en Huatulco de acuerdo a lo requerido por el cliente. Recordar que la hora de check out es a las 13:00 horas.<\/em><\/p>\n<p style=\"text-align: justify;\">FIN DE NUESTROS SERVICIOS.<\/p>\n<h3 style=\"text-align: justify;\">\u00bfQu\u00e9 incluye?<\/h3>\n<ul style=\"text-align: justify;\">\n<li>6 NOCHES DE HOSPEDAJE EN HOTELES 4* O VIP (seg\u00fan categor\u00eda seleccionada)<\/li>\n<li>Tres noches en San Crist\u00f3bal de las Casas<\/li>\n<li>Tres noches en Bah\u00edas de Huatulco<\/li>\n<li>6 DESAYUNOS TIPO AMERICANO: Pan, mantequilla, fruta, jugo, huevos al gusto, caf\u00e9 o t\u00e9.<\/li>\n<li>7 D\u00cdAS DE TRANSPORTACI\u00d3N TERRESTRE: Con a\/c, m\u00fasica ambiental y seguro RC. Dependiendo del tama\u00f1o del grupo se asignar\u00e1 autom\u00f3vil, unidad van o sprinter. Los grupos son de 2 a 10 pasajeros en temporada baja y hasta 16 pasajeros en temporada altacompartido.<\/li>\n<li>ENTRADAS A LOS ATRACTIVOS TURISTICOS MENCIONADOS EN ITINERARIO: Lancha grupal por el Ca\u00f1\u00f3n del Sumidero, Iglesia de San Juan Chamula, Zinacant\u00e1n, Cascadas de Agua Azul y Misol Ha, Palenque, Tour de las siete bah\u00edas, Tour del atardecer o City tour por Huatulco.<\/li>\n<li>TRASLADOS TERRESTRES ENTRADA Y SALIDA Del aeropuerto de Tuxtla Guti\u00e9rrez en fecha de inicio a la hora indicada\/ Al aeropuerto de Huatulco al finalizar el tour.<\/li>\n<\/ul>\n<h3 style=\"text-align: justify;\">El paquete No incluye:<\/h3>\n<ul style=\"text-align: justify;\">\n<li>Traslados a\u00e9reos desde y hacia ciudad de origen.<\/li>\n<li>Comidas o cenas de ning\u00fan d\u00eda<\/li>\n<li>Bebidas<\/li>\n<li>Propinas a maleteros y camaristas<\/li>\n<li>Actividades adicionales \u00f3 servicios opcionales no mencionados.<\/li>\n<\/ul>\n<p style=\"text-align: justify;\"><em>Nota: es recomendable llegar a Tuxtla Guti\u00e9rrez, Chiapas por la ma\u00f1ana entre 12:00 y 12:20 horas y programar su vuelo saliendo de Huatulco, Oaxaca por la tarde entre 4:00 y 6:00 PM.<\/em><\/p>\n<h4 style=\"text-align: justify;\">ESTE PAQUETE ES A LA MEDIDA A PARTIR DE DOS PERSONAS.<\/h4>\n<h4 style=\"text-align: justify;\">SUJETO A DISPONIBILIDAD.<\/h4>\n<h4 style=\"text-align: justify;\">PARA CONOCER LOS PRECIOS FAVOR DE CONTACTARNOS.<\/h4>\n<h4 style=\"text-align: justify;\"><a href=\"http:\/\/chiapastodoincluido.com\/web\/politicas-de-la-empresa\/\"><span style=\"color: #0000ff;\">Ver pol\u00edticas de la Empresa<\/span><\/a><\/h4>\n<p>[\/vc_column_text][\/vc_column][\/vc_row]<\/p>\n<\/div>","protected":false},"excerpt":{"rendered":"<p>[vc_row][vc_column width=&#8221;4\/12&#8243;][vc_single_image image=&#8221;231&#8243; img_size=&#8221;full&#8221; alignment=&#8221;center&#8221; onclick=&#8221;custom_link&#8221; link=&#8221;http:\/\/chiapastodoincluido.com\/web\/chiapas-express\/&#8221;][vc_empty_space][vc_single_image image=&#8221;233&#8243; img_size=&#8221;full&#8221; onclick=&#8221;custom_link&#8221; link=&#8221;http:\/\/chiapastodoincluido.com\/web\/naturaleza-y-cultura\/&#8221;][vc_empty_space][vc_single_image image=&#8221;236&#8243; img_size=&#8221;full&#8221; onclick=&#8221;custom_link&#8221; link=&#8221;http:\/\/chiapastodoincluido.com\/web\/sonidos-de-agua-y-selva\/&#8221;][vc_empty_space][vc_single_image image=&#8221;232&#8243; img_size=&#8221;full&#8221; alignment=&#8221;center&#8221; onclick=&#8221;custom_link&#8221; link=&#8221;http:\/\/chiapastodoincluido.com\/web\/escudo-jaguar\/&#8221;][vc_empty_space][vc_single_image image=&#8221;237&#8243; img_size=&#8221;full&#8221; onclick=&#8221;custom_link&#8221; link=&#8221;http:\/\/chiapastodoincluido.com\/web\/travesia-maya\/&#8221;][vc_empty_space][vc_single_image image=&#8221;495&#8243; img_size=&#8221;full&#8221;][\/vc_column][vc_column width=&#8221;8\/12&#8243;][vc_column_text] D\u00cdA 1: BIENVENIDA \u2013 CA\u00d1\u00d3N DEL SUMIDERO \u2013 CHIAPA DE CORZO \u2013 SAN CRIST\u00d3BAL DE LAS CASAS Bienvenida en el Aeropuerto de Tuxtla Guti\u00e9rrez donde comenzaremos la excursi\u00f3n [&hellip;]<\/p>\n","protected":false},"author":1,"featured_media":0,"parent":0,"menu_order":0,"comment_status":"closed","ping_status":"closed","template":"","meta":{"footnotes":""},"class_list":["post-491","page","type-page","status-publish","hentry"],"_links":{"self":[{"href":"https:\/\/chiapastodoincluido.com\/sitio\/wp-json\/wp\/v2\/pages\/491","targetHints":{"allow":["GET"]}}],"collection":[{"href":"https:\/\/chiapastodoincluido.com\/sitio\/wp-json\/wp\/v2\/pages"}],"about":[{"href":"https:\/\/chiapastodoincluido.com\/sitio\/wp-json\/wp\/v2\/types\/page"}],"author":[{"embeddable":true,"href":"https:\/\/chiapastodoincluido.com\/sitio\/wp-json\/wp\/v2\/users\/1"}],"replies":[{"embeddable":true,"href":"https:\/\/chiapastodoincluido.com\/sitio\/wp-json\/wp\/v2\/comments?post=491"}],"version-history":[{"count":0,"href":"https:\/\/chiapastodoincluido.com\/sitio\/wp-json\/wp\/v2\/pages\/491\/revisions"}],"wp:attachment":[{"href":"https:\/\/chiapastodoincluido.com\/sitio\/wp-json\/wp\/v2\/media?parent=491"}],"curies":[{"name":"wp","href":"https:\/\/api.w.org\/{rel}","templated":true}]}}