{"id":534,"date":"2016-10-03T09:52:06","date_gmt":"2016-10-03T15:52:06","guid":{"rendered":"http:\/\/chiapastodoincluido.com\/web\/?page_id=534"},"modified":"2016-10-03T09:52:06","modified_gmt":"2016-10-03T15:52:06","slug":"oaxaca-6-dias-5-noches","status":"publish","type":"page","link":"https:\/\/chiapastodoincluido.com\/sitio\/oaxaca-6-dias-5-noches\/","title":{"rendered":"OAXACA 6 DIAS 5 NOCHES"},"content":{"rendered":"<div class=\"wpb-content-wrapper\"><p>[vc_row][vc_column width=&#8221;1\/3&#8243;][vc_single_image image=&#8221;515&#8243; img_size=&#8221;full&#8221; onclick=&#8221;custom_link&#8221; link=&#8221;http:\/\/chiapastodoincluido.com\/web\/oaxaca-3-dias-2-noches\/&#8221;][vc_empty_space][vc_single_image image=&#8221;516&#8243; img_size=&#8221;full&#8221; onclick=&#8221;custom_link&#8221; link=&#8221;http:\/\/chiapastodoincluido.com\/web\/oaxaca-4-dias-3-noches\/&#8221;][vc_empty_space][vc_single_image image=&#8221;517&#8243; img_size=&#8221;full&#8221; onclick=&#8221;custom_link&#8221; link=&#8221;http:\/\/chiapastodoincluido.com\/web\/oaxaca-5-dias-4-noches\/&#8221;][vc_empty_space][vc_single_image image=&#8221;518&#8243; img_size=&#8221;full&#8221;][\/vc_column][vc_column width=&#8221;2\/3&#8243;][vc_column_text]<\/p>\n<p style=\"text-align: justify;\"><strong>D\u00eda 1:<\/strong><\/p>\n<p style=\"text-align: justify;\">LLEGADA A AEROPUERTO O ESTACION DE BUSES TOUR DE CIUDAD POR LA TARDE.<\/p>\n<p style=\"text-align: justify;\"><strong>D\u00eda 2:<\/strong><\/p>\n<p style=\"text-align: justify;\">DESAYUNO INCLUIDO,TOUR A LA ZONA ARQUEOLOGICA DE MONTE ALBAN-ARRAZOLA XOXO-EXCONVENTO DE CUILAPAM DE GUERRERO-SAN BARTOLO COYOTEPEC.El paseo inicia con el pick up en los Hoteles, llevando a los clientes a un recorrido hacia la zona arqueol\u00f3gica de aproximadamente 20 a 25 minutos, al llegar a la zona iniciaremos el recorrido donde admiraremos la Gran Plaza con sus edificios ceremoniales,entre los que destacan: El juego de Pelota, el edificio S o Palacio de Monte Alban, la plataforma sur en cuyos \u00e1ngulos inferiores se observan r\u00e9plicas de las estelas talladas in situ, el llamado observatorio o edificio J, \u00fanico en su especie en Mesoam\u00e9rica, la imponente plataforma de los Danzantes, adem\u00e1s de la gran cantidad de Mont\u00edculos en el Centro de Dicha plaza , y en la parte superior de la plataforma principal o norte, es un punto estrat\u00e9gico para observar la panor\u00e1mica del Centro Ceremonial. CONTINUACI\u00d3N, con la Visita a la villa de ARRAZOLA XOXO, El tallado de madera es una tradici\u00f3n ancestral de los Zapotecas, la cual llega a su m\u00e1xima expresi\u00f3n con la elaboraci\u00f3n de los alebrijes; piezas irreales y m\u00e1gicas salidas de la imaginaci\u00f3n del artesano Oaxaque\u00f1o, los alebrijes representan el esp\u00edritu innovador e irreal del alma Oaxaque\u00f1a mediante la formaci\u00f3n de figuras obtenidas despu\u00e9s de un tallado y pintado manual . Alebrije&#8221; es una palabra en cal\u00f3 (lenguaje gitano adoptado) que quiere decir &#8220;cosa enredada dif\u00edcil y de tipo confuso o fant\u00e1stico&#8221;, y Arrazola es un nombre vasco que debi\u00f3 ser del encomendero de la zona, San Antonio Arrazola, continuaremos con la visita al Exconvento de CUILAPAM DE GUERRERO,en la regi\u00f3n de los Valles Centrales de Oaxaca. Se trata de un edificio del siglo XVI, de impresionantes dimensiones, pero que nunca fue concluido. Entre sus espacios arquitect\u00f3nicos m\u00e1s caracter\u00edsticos se encuentra una capilla abierta, tipo de construcci\u00f3n religiosa caracter\u00edstica de los primeros a\u00f1os despu\u00e9s de la conquista de M\u00e9xico, ideado con el prop\u00f3sito de congregar a una mayor cantidad de ind\u00edgenas a los cuales convertir al catolicismo.Como muchos de los edificios de Oaxaca, el convento de Cuil\u00e1pam fue realizado con cantera tallada por los artesanos ind\u00edgenas,Visita a la villa de SAN BARTOLO COYOTEPEC, La alfarer\u00eda se ha convertido desde hace mucho tiempo en una de las actividades de mayor importancia, en este sentido destaca el mundialmente famoso y cotizado Barro Negro.Originario de la comunidad San Bartolo Coyotepec, el barro negro se distingue por su acabado negro metalizado. Se atribuye la creaci\u00f3n de este a Do\u00f1a Rosa Real de Nieto, quien accidentalmente descubri\u00f3 que la cer\u00e1mica se pod\u00eda pulir con piedras de cuarzo, dando como resultado una textura lisa y brillante, tendremos una demostraci\u00f3n de la elaboraci\u00f3n de este material, y tiempo de compras en el talles- tienda de la famosa Do\u00f1a Rosa.Regreso a su Hotel.<\/p>\n<p style=\"text-align: justify;\"><strong>D\u00eda 3:<\/strong><\/p>\n<p style=\"text-align: justify;\">DESAYUNO, TOUR AL ARBOL DEL TULE, TEOTITLAN DEL VALLE, ZONA ARQUEOLOGICA DE MITLA, FABRICA DE MEZCAL Y HIERVE EL AGUA.El paseo inicia con el pick up en los Hoteles, llevando a los clientes a un recorrido hacia el famoso \u201cARBOL DEL TULE\u201d, el \u00e1rbol en menci\u00f3n es una especia t\u00edpica de las regiones pantanosas, caracter\u00edsticas ya apreciadas por nuestros antepasados, quienes atinadamente le bautizaron con el nombre del \u201cAHUEHUETE\u201d, que significa \u201cEL VIEJITO DEL AGUA\u201d.Es una con\u00edfera de proporciones incre\u00edbles, mide aproximadamente 42 metros de per\u00edmetro a nivel de la base y 58 metros ,42 metros de altura y su edad estimada es de 2000 a\u00f1os. Continuaremos con la visita obligada a la Villa de TEOTITLAN DEL VALLE, para ver con una demostraci\u00f3n la elaboraci\u00f3n de un tapete t\u00edpico de la villa, con colores naturales, as\u00ed como la explicaci\u00f3n de la grana cochinilla, habr\u00e1 tiempo para compras, para continuar con la visita a la ZONA ARQUEOLOGICA DE MITLA. Fundada originalmente por los Zapotecos, alrededor del Siglo XVII de nuestra era fue posiblemente lugar de encuentro y fusi\u00f3n de dos l\u00edneas de pensamiento, como fueron los Zapotecos aut\u00f3ctonos y los se\u00f1oriales Mixtecos, entre las maravillas de Mitla, cabe hacer menci\u00f3n la dificultad que represent\u00f3 para sus constructores , el tallado de miles de piezas, algunas monol\u00edticas de mas de 7 toneladas de peso. Entre los grupos arquitect\u00f3nicos restaurados hay que destacar EL GRUPO DE LAS COLUMNAS, EL LLAMADO GRUPO NORTE,en donde destaca el Templo cat\u00f3lico dedicado a San Pablo Converso (hacia 1530), construido sobre el edificio original y con los mismos materiales producto de su devastaci\u00f3n.CONTINUACION, Hierve el Agua es un sistema de cascadas petrificadas, formadas por carbonato de calcio. Las cascadas son de origen natural y se formaron hace miles de a\u00f1os, por el escurrimiento de agua con alto contenido de minerales. El lugar se ubica a unos 80 km de la ciudad de Oaxaca de Ju\u00e1rez, en el estado de Oaxaca, en M\u00e9xico, en las cercan\u00edas de las ruinas arqueol\u00f3gicas de Mitla.Es tambi\u00e9n un lugar de inter\u00e9s arqueol\u00f3gico puesto que posee un complejo sistema de irrigaci\u00f3n y terrazas construido por los zapotecas hace unos 2,500 a\u00f1os. El agua posee una temperatura de unos 25 grados cent\u00edgrados y las cascadas tienen unos 50 metros de alto, regreso a Oaxaca en ruta visita a la F\u00e1brica de Mezcal, donde podr\u00e1 ver la elaboraci\u00f3n de esta bebida local, famosa en todo el mundo , y podr\u00e1 degustar y comprar muestras de las mismas. Regreso a su Hotel.<\/p>\n<p style=\"text-align: justify;\"><strong>D\u00eda 4:<\/strong><\/p>\n<p style=\"text-align: justify;\">DESAYUNO ,DIA LIBRE PARA EXPLORAR. POR LA TARDE-NOCHE CENA SHOW GUELAGUETZA (EN VIERNES CAMINO REAL, CUALQUIER OTRO DIA EN CASA DE CANTERA)<\/p>\n<p style=\"text-align: justify;\"><strong>D\u00eda 5:<\/strong><\/p>\n<p style=\"text-align: justify;\">DESAYUNO, DIA LIBRE PARA EXPLORAR.<\/p>\n<p style=\"text-align: justify;\"><strong>D\u00eda 6:<\/strong><\/p>\n<p style=\"text-align: justify;\">DESAYUNO Y TRASLADO A AEROPUERTO O ESTACION DE AUTOBUSES.<\/p>\n<h4 style=\"text-align: justify;\"><a href=\"http:\/\/chiapastodoincluido.com\/web\/politicas-de-la-empresa\/\"><span style=\"color: #0000ff;\">Ver pol\u00edticas de la Empresa<\/span><\/a><\/h4>\n<p>[\/vc_column_text][\/vc_column][\/vc_row]<\/p>\n<\/div>","protected":false},"excerpt":{"rendered":"<p>[vc_row][vc_column width=&#8221;1\/3&#8243;][vc_single_image image=&#8221;515&#8243; img_size=&#8221;full&#8221; onclick=&#8221;custom_link&#8221; link=&#8221;http:\/\/chiapastodoincluido.com\/web\/oaxaca-3-dias-2-noches\/&#8221;][vc_empty_space][vc_single_image image=&#8221;516&#8243; img_size=&#8221;full&#8221; onclick=&#8221;custom_link&#8221; link=&#8221;http:\/\/chiapastodoincluido.com\/web\/oaxaca-4-dias-3-noches\/&#8221;][vc_empty_space][vc_single_image image=&#8221;517&#8243; img_size=&#8221;full&#8221; onclick=&#8221;custom_link&#8221; link=&#8221;http:\/\/chiapastodoincluido.com\/web\/oaxaca-5-dias-4-noches\/&#8221;][vc_empty_space][vc_single_image image=&#8221;518&#8243; img_size=&#8221;full&#8221;][\/vc_column][vc_column width=&#8221;2\/3&#8243;][vc_column_text] D\u00eda 1: LLEGADA A AEROPUERTO O ESTACION DE BUSES TOUR DE CIUDAD POR LA TARDE. D\u00eda 2: DESAYUNO INCLUIDO,TOUR A LA ZONA ARQUEOLOGICA DE MONTE ALBAN-ARRAZOLA XOXO-EXCONVENTO DE CUILAPAM DE GUERRERO-SAN BARTOLO COYOTEPEC.El paseo inicia con el pick [&hellip;]<\/p>\n","protected":false},"author":1,"featured_media":0,"parent":0,"menu_order":0,"comment_status":"closed","ping_status":"closed","template":"","meta":{"footnotes":""},"class_list":["post-534","page","type-page","status-publish","hentry"],"_links":{"self":[{"href":"https:\/\/chiapastodoincluido.com\/sitio\/wp-json\/wp\/v2\/pages\/534","targetHints":{"allow":["GET"]}}],"collection":[{"href":"https:\/\/chiapastodoincluido.com\/sitio\/wp-json\/wp\/v2\/pages"}],"about":[{"href":"https:\/\/chiapastodoincluido.com\/sitio\/wp-json\/wp\/v2\/types\/page"}],"author":[{"embeddable":true,"href":"https:\/\/chiapastodoincluido.com\/sitio\/wp-json\/wp\/v2\/users\/1"}],"replies":[{"embeddable":true,"href":"https:\/\/chiapastodoincluido.com\/sitio\/wp-json\/wp\/v2\/comments?post=534"}],"version-history":[{"count":0,"href":"https:\/\/chiapastodoincluido.com\/sitio\/wp-json\/wp\/v2\/pages\/534\/revisions"}],"wp:attachment":[{"href":"https:\/\/chiapastodoincluido.com\/sitio\/wp-json\/wp\/v2\/media?parent=534"}],"curies":[{"name":"wp","href":"https:\/\/api.w.org\/{rel}","templated":true}]}}